{"id":43089,"date":"2024-01-31T12:27:03","date_gmt":"2024-01-31T12:27:03","guid":{"rendered":"https:\/\/e.kosmolat.eu\/product\/dr-s-hyaluron-hair-matu-maska-deep-hydration-300-ml\/"},"modified":"2025-09-19T21:43:23","modified_gmt":"2025-09-19T21:43:23","slug":"i_dr-s-hyaluron-hair-matu-maska-deep-hydration-300-ml","status":"publish","type":"product","link":"https:\/\/e.kosmolat.eu\/lv\/product\/i_dr-s-hyaluron-hair-matu-maska-deep-hydration-300-ml\/","title":{"rendered":"I_Dr.S.HYALURON HAIR Matu maska Deep hydration, 300 ml"},"content":{"rendered":"<p>Hyaluron Hair s\u0113rija &ndash; matu mitrin\u0101&scaron;anas programma. Hialuronsk\u0101bes un mitrino&scaron;\u0101 augu kompleksa siner\u0123ija nodro&scaron;ina 3D efektu: sp\u012bdumu, gludumu, elast\u012bbu. Sabalans\u0113t\u0101 maskas formula intens\u012bvi mitrina un atjauno matu strukt\u016bru. Hialuronsk\u0101be nodro&scaron;ina nepiecie&scaron;amo galvas \u0101das mitrin\u0101&scaron;anu, uzlabo matu dabisko \u016bdens l\u012bdzsvaru. Alvejas \u017eeleja uztur nepiecie&scaron;amo mitruma l\u012bmeni un kav\u0113 matu l\u016b&scaron;anu.<\/p>\n<p><strong>Lieto&scaron;ana: <\/strong>uzkl\u0101t uz t\u012briem mitriem matiem. Atst\u0101t uz 3-5 min\u016bt\u0113m, tad r\u016bp\u012bgi noskalott. Lietot 1-2 reizes ned\u0113\u013c\u0101.<\/p>\n<p><strong>Piesardz\u012bbas pas\u0101kumi: <\/strong>ja iek\u013c\u016bst ac\u012bs, izskalot ar \u016bdeni. Iesp\u0113jama paaugstin\u0101ta individu\u0101l\u0101 jut\u012bba pret atsevi&scaron;\u0137\u0101m sast\u0101vda\u013c\u0101m.&nbsp;<\/p>\n","protected":false},"excerpt":{"rendered":"<p>Hyaluron Hair s\u0113rija &ndash; matu mitrin\u0101&scaron;anas programma. Hialuronsk\u0101bes un mitrino&scaron;\u0101 augu kompleksa siner\u0123ija nodro&scaron;ina 3D efektu: sp\u012bdumu, gludumu, elast\u012bbu. Sabalans\u0113t\u0101 maskas formula intens\u012bvi mitrina un atjauno matu strukt\u016bru. Hialuronsk\u0101be nodro&scaron;ina nepiecie&scaron;amo galvas \u0101das mitrin\u0101&scaron;anu, uzlabo matu dabisko \u016bdens l\u012bdzsvaru. Alvejas \u017eeleja uztur nepiecie&scaron;amo mitruma l\u012bmeni un kav\u0113 matu l\u016b&scaron;anu. Lieto&scaron;ana: uzkl\u0101t uz t\u012briem mitriem matiem. [&#8230;]\n","protected":false},"featured_media":85314,"template":"","meta":[],"product_cat":[1254],"product_tag":[],"class_list":{"0":"post-43089","1":"product","2":"type-product","3":"status-publish","4":"has-post-thumbnail","6":"product_brand-elfa_ua","7":"product_cat-maskas-matiem","9":"first","10":"outofstock","11":"taxable","12":"shipping-taxable","13":"product-type-simple"},"_links":{"self":[{"href":"https:\/\/e.kosmolat.eu\/lv\/wp-json\/wp\/v2\/product\/43089","targetHints":{"allow":["GET"]}}],"collection":[{"href":"https:\/\/e.kosmolat.eu\/lv\/wp-json\/wp\/v2\/product"}],"about":[{"href":"https:\/\/e.kosmolat.eu\/lv\/wp-json\/wp\/v2\/types\/product"}],"wp:featuredmedia":[{"embeddable":true,"href":"https:\/\/e.kosmolat.eu\/lv\/wp-json\/wp\/v2\/media\/85314"}],"wp:attachment":[{"href":"https:\/\/e.kosmolat.eu\/lv\/wp-json\/wp\/v2\/media?parent=43089"}],"wp:term":[{"taxonomy":"product_cat","embeddable":true,"href":"https:\/\/e.kosmolat.eu\/lv\/wp-json\/wp\/v2\/product_cat?post=43089"},{"taxonomy":"product_tag","embeddable":true,"href":"https:\/\/e.kosmolat.eu\/lv\/wp-json\/wp\/v2\/product_tag?post=43089"}],"curies":[{"name":"wp","href":"https:\/\/api.w.org\/{rel}","templated":true}]}}