{"id":43081,"date":"2024-01-31T12:26:45","date_gmt":"2024-01-31T12:26:45","guid":{"rendered":"https:\/\/e.kosmolat.eu\/product\/dr-s-hyaluron-hair-sampuns-deep-hydration-250-ml\/"},"modified":"2025-09-19T21:42:56","modified_gmt":"2025-09-19T21:42:56","slug":"i_dr-s-hyaluron-hair-sampuns-deep-hydration-250-ml","status":"publish","type":"product","link":"https:\/\/e.kosmolat.eu\/lv\/product\/i_dr-s-hyaluron-hair-sampuns-deep-hydration-250-ml\/","title":{"rendered":"I_Dr.S.HYALURON HAIR \u0160amp\u016bns Deep hydration, 250 ml"},"content":{"rendered":"<p>Hyaluron Hair serija \u2013 matu mitrin\u0101\u0161anas programma. Hialuronsk\u0101bes un mitrino\u0161a augu kompleksa siner\u0123ija nodro\u0161ina 3D efektu: sp\u012bdums, gludums, elast\u012bba.<\/p>\n<div>Bezsulf\u0101tu \u0161amp\u016bns nodro\u0161ina maksim\u0101li delik\u0101tu kop\u0161anu un att\u012br\u012b\u0161anu. Hialuronsk\u0101be nodro\u0161ina nepiecie\u0161amu galvas \u0101das mitrumu, uzlabo matu dabisku  \u016bdens l\u012bdzsvaru. Alvejas gels uztur nepiecie\u0161amu mitruma l\u012bmeni un nov\u0113r\u0161 matu l\u016b\u0161anu.\n<\/div>\n<div>Lieto\u0161ana: uzkl\u0101t uz mitriem matiem, saputot, nomazg\u0101t ar \u016bdeni. <\/div>\n<div>Piesardz\u012bbas pas\u0101kumi: ja iek\u013c\u016bst ac\u012bs, nomazg\u0101t ar \u016bdeni. Iesp\u0113jama paaugstin\u0101ta individu\u0101l\u0101 jut\u012bba uz atsevi\u0161\u0137\u0101m sast\u0101vda\u013c\u0101m.<\/div>\n","protected":false},"excerpt":{"rendered":"<p>Hyaluron Hair serija \u2013 matu mitrin\u0101\u0161anas programma. Hialuronsk\u0101bes un mitrino\u0161a augu kompleksa siner\u0123ija nodro\u0161ina 3D efektu: sp\u012bdums, gludums, elast\u012bba. Bezsulf\u0101tu \u0161amp\u016bns nodro\u0161ina maksim\u0101li delik\u0101tu kop\u0161anu un att\u012br\u012b\u0161anu. Hialuronsk\u0101be nodro\u0161ina nepiecie\u0161amu galvas \u0101das mitrumu, uzlabo matu dabisku \u016bdens l\u012bdzsvaru. Alvejas gels uztur nepiecie\u0161amu mitruma l\u012bmeni un nov\u0113r\u0161 matu l\u016b\u0161anu. Lieto\u0161ana: uzkl\u0101t uz mitriem matiem, saputot, nomazg\u0101t [&#8230;]\n","protected":false},"featured_media":85306,"template":"","meta":[],"product_cat":[1248],"product_tag":[],"class_list":{"0":"post-43081","1":"product","2":"type-product","3":"status-publish","4":"has-post-thumbnail","6":"product_brand-elfa_ua","7":"product_cat-sampuni","9":"first","10":"outofstock","11":"taxable","12":"shipping-taxable","13":"product-type-simple"},"_links":{"self":[{"href":"https:\/\/e.kosmolat.eu\/lv\/wp-json\/wp\/v2\/product\/43081","targetHints":{"allow":["GET"]}}],"collection":[{"href":"https:\/\/e.kosmolat.eu\/lv\/wp-json\/wp\/v2\/product"}],"about":[{"href":"https:\/\/e.kosmolat.eu\/lv\/wp-json\/wp\/v2\/types\/product"}],"wp:featuredmedia":[{"embeddable":true,"href":"https:\/\/e.kosmolat.eu\/lv\/wp-json\/wp\/v2\/media\/85306"}],"wp:attachment":[{"href":"https:\/\/e.kosmolat.eu\/lv\/wp-json\/wp\/v2\/media?parent=43081"}],"wp:term":[{"taxonomy":"product_cat","embeddable":true,"href":"https:\/\/e.kosmolat.eu\/lv\/wp-json\/wp\/v2\/product_cat?post=43081"},{"taxonomy":"product_tag","embeddable":true,"href":"https:\/\/e.kosmolat.eu\/lv\/wp-json\/wp\/v2\/product_tag?post=43081"}],"curies":[{"name":"wp","href":"https:\/\/api.w.org\/{rel}","templated":true}]}}