{"id":43077,"date":"2024-01-31T12:26:31","date_gmt":"2024-01-31T12:26:31","guid":{"rendered":"https:\/\/e.kosmolat.eu\/product\/dr-sante-aloe-vera-sampuns-rekonstrukcija-250-ml\/"},"modified":"2026-04-22T10:00:20","modified_gmt":"2026-04-22T10:00:20","slug":"dr-sante-aloe-vera-sampuns-rekonstrukcija-250-ml","status":"publish","type":"product","link":"https:\/\/e.kosmolat.eu\/lv\/product\/dr-sante-aloe-vera-sampuns-rekonstrukcija-250-ml\/","title":{"rendered":"Dr. Sante &#8220;Aloe Vera&#8221; \u0160amp\u016bns &#8220;Rekonstrukcija&#8221; 250 ml"},"content":{"rendered":"<div>Stiprino\u0161s \u0161amp\u016bns maigi att\u012bra matus no net\u012brumiem un ieveido\u0161anas l\u012bdzek\u013cu p\u0101rpalikumus. Mitrin\u0101sana un baro\u0161ana. Kerat\u012bns atjauno boj\u0101tu matu strukt\u016bru. Augu ceram\u012bdi veido gais\u012bgu aizsardz\u012bbu vis\u0101 matu garum\u0101, pasarg\u0101jot no t\u0101l\u0101kiem boj\u0101jumiem. Regul\u0101ri lietojot \u0161amp\u016bnu J\u016bsu mati k\u013c\u016bs vesel\u012bgi, gludi un m\u012bksti.\n<\/div>\n<div>Lieto\u0161ana: uzkl\u0101t nepiecie\u0161amu l\u012bdzek\u013ca daudzumu uz mitriem matiem, saputot, r\u016bp\u012bgi nomazg\u0101t ar \u016bdeni. Nepiecie\u0161am\u012bbas gad\u012bjum\u0101 proced\u016bru atk\u0101rtot. P\u0113c \u0161amp\u016bna lieto\u0161anas tiek rekomend\u0113ts uzkl\u0101t uz matiem balzamu-koncentr\u0101tu vai masku. Piesardz\u012bbas pas\u0101kumi: ja iek\u013c\u016bst ac\u012bs, nomazg\u0101t ar \u016bdeni. Paaugstin\u0101ta individu\u0101l\u0101 jut\u012bba uz atsevi\u0161\u0137\u0101m sast\u0101vda\u013c\u0101m. +<\/div>\n","protected":false},"excerpt":{"rendered":"<p>Stiprino\u0161s \u0161amp\u016bns maigi att\u012bra matus no net\u012brumiem un ieveido\u0161anas l\u012bdzek\u013cu p\u0101rpalikumus. Mitrin\u0101sana un baro\u0161ana. Kerat\u012bns atjauno boj\u0101tu matu strukt\u016bru. Augu ceram\u012bdi veido gais\u012bgu aizsardz\u012bbu vis\u0101 matu garum\u0101, pasarg\u0101jot no t\u0101l\u0101kiem boj\u0101jumiem. Regul\u0101ri lietojot \u0161amp\u016bnu J\u016bsu mati k\u013c\u016bs vesel\u012bgi, gludi un m\u012bksti. Lieto\u0161ana: uzkl\u0101t nepiecie\u0161amu l\u012bdzek\u013ca daudzumu uz mitriem matiem, saputot, r\u016bp\u012bgi nomazg\u0101t ar \u016bdeni. Nepiecie\u0161am\u012bbas [&#8230;]\n","protected":false},"featured_media":83018,"template":"","meta":[],"product_cat":[2181],"product_tag":[],"class_list":{"0":"post-43077","1":"product","2":"type-product","3":"status-publish","4":"has-post-thumbnail","6":"product_brand-elfa_ua","7":"product_cat-bez-kategorijas-lt","9":"first","10":"instock","11":"taxable","12":"shipping-taxable","13":"product-type-simple"},"_links":{"self":[{"href":"https:\/\/e.kosmolat.eu\/lv\/wp-json\/wp\/v2\/product\/43077","targetHints":{"allow":["GET"]}}],"collection":[{"href":"https:\/\/e.kosmolat.eu\/lv\/wp-json\/wp\/v2\/product"}],"about":[{"href":"https:\/\/e.kosmolat.eu\/lv\/wp-json\/wp\/v2\/types\/product"}],"wp:featuredmedia":[{"embeddable":true,"href":"https:\/\/e.kosmolat.eu\/lv\/wp-json\/wp\/v2\/media\/83018"}],"wp:attachment":[{"href":"https:\/\/e.kosmolat.eu\/lv\/wp-json\/wp\/v2\/media?parent=43077"}],"wp:term":[{"taxonomy":"product_cat","embeddable":true,"href":"https:\/\/e.kosmolat.eu\/lv\/wp-json\/wp\/v2\/product_cat?post=43077"},{"taxonomy":"product_tag","embeddable":true,"href":"https:\/\/e.kosmolat.eu\/lv\/wp-json\/wp\/v2\/product_tag?post=43077"}],"curies":[{"name":"wp","href":"https:\/\/api.w.org\/{rel}","templated":true}]}}