{"id":43053,"date":"2024-01-31T12:25:06","date_gmt":"2024-01-31T12:25:06","guid":{"rendered":"https:\/\/e.kosmolat.eu\/product\/lv-matt-tattoo-skidra-lupu-krasa-109-tonis\/"},"modified":"2026-03-31T20:08:20","modified_gmt":"2026-03-31T20:08:20","slug":"lv-matt-tattoo-skidra-lupu-krasa-109-tonis","status":"publish","type":"product","link":"https:\/\/e.kosmolat.eu\/lv\/product\/lv-matt-tattoo-skidra-lupu-krasa-109-tonis\/","title":{"rendered":"LV MATT TATTOO \u0160\u0137idr\u0101 l\u016bpu kr\u0101sa, 109 tonis"},"content":{"rendered":"<\/p>\n","protected":false},"excerpt":{"rendered":"","protected":false},"featured_media":84462,"template":"","meta":[],"product_cat":[1267],"product_tag":[],"class_list":{"0":"post-43053","1":"product","2":"type-product","3":"status-publish","4":"has-post-thumbnail","6":"product_brand-lux-visage_by","7":"product_cat-lupu-krasas","9":"first","10":"outofstock","11":"taxable","12":"shipping-taxable","13":"product-type-simple"},"_links":{"self":[{"href":"https:\/\/e.kosmolat.eu\/lv\/wp-json\/wp\/v2\/product\/43053","targetHints":{"allow":["GET"]}}],"collection":[{"href":"https:\/\/e.kosmolat.eu\/lv\/wp-json\/wp\/v2\/product"}],"about":[{"href":"https:\/\/e.kosmolat.eu\/lv\/wp-json\/wp\/v2\/types\/product"}],"wp:featuredmedia":[{"embeddable":true,"href":"https:\/\/e.kosmolat.eu\/lv\/wp-json\/wp\/v2\/media\/84462"}],"wp:attachment":[{"href":"https:\/\/e.kosmolat.eu\/lv\/wp-json\/wp\/v2\/media?parent=43053"}],"wp:term":[{"taxonomy":"product_cat","embeddable":true,"href":"https:\/\/e.kosmolat.eu\/lv\/wp-json\/wp\/v2\/product_cat?post=43053"},{"taxonomy":"product_tag","embeddable":true,"href":"https:\/\/e.kosmolat.eu\/lv\/wp-json\/wp\/v2\/product_tag?post=43053"}],"curies":[{"name":"wp","href":"https:\/\/api.w.org\/{rel}","templated":true}]}}