{"id":42977,"date":"2024-01-31T12:21:12","date_gmt":"2024-01-31T12:21:12","guid":{"rendered":"https:\/\/e.kosmolat.eu\/product\/bioworld-sl-sejas-insta-maska-saudziga-attirisana-75-ml\/"},"modified":"2025-09-19T21:16:55","modified_gmt":"2025-09-19T21:16:55","slug":"bioworld-sl-sejas-insta-maska-saudziga-attirisana-75-ml","status":"publish","type":"product","link":"https:\/\/e.kosmolat.eu\/lv\/product\/bioworld-sl-sejas-insta-maska-saudziga-attirisana-75-ml\/","title":{"rendered":"BioWorld SL Sejas insta-maska Saudz\u012bga att\u012br\u012b\u0161ana, 75 ml"},"content":{"rendered":"<p>Att\u012bro&scaron;\u0101 maska veicina net\u012brumu likvid\u0113&scaron;anu un melno punktu nov\u0113r&scaron;anu, nomierina \u0101du un sausina pinnes.<\/p>\n<p><strong>KAOL\u012aNS<\/strong> veicina kolag\u0113na izstr\u0101di, pie&scaron;\u0137irot \u0101dai elast\u012bbu un padarot \u0101das toni vienm\u0113r\u012bg\u0101ku.<br \/>\n<strong>TRIKENOL PLUS<\/strong> &ndash; terpinen-4-ola un v\u012btola ekstrakta siner\u0123\u0113tisks savienojums, kas sniedz nomierino&scaron;u un aizsarg\u0101jo&scaron;u iedarb\u012bbu.<\/p>\n<p><strong>Lieto&scaron;ana:<\/strong> nelielu maskas daudzumu uzkl\u0101t uz priek&scaron;laic\u012bgi att\u012br\u012btas sejas un atst\u0101t uz 5-15 min\u016bt\u0113m. Noskalot ar \u016bdeni.<\/p>\n<p>Uzglab\u0101t temperat\u016br\u0101 no +5 &deg;C l\u012bdz +25 &deg;C.<\/p>\n","protected":false},"excerpt":{"rendered":"<p>Att\u012bro&scaron;\u0101 maska veicina net\u012brumu likvid\u0113&scaron;anu un melno punktu nov\u0113r&scaron;anu, nomierina \u0101du un sausina pinnes. KAOL\u012aNS veicina kolag\u0113na izstr\u0101di, pie&scaron;\u0137irot \u0101dai elast\u012bbu un padarot \u0101das toni vienm\u0113r\u012bg\u0101ku. TRIKENOL PLUS &ndash; terpinen-4-ola un v\u012btola ekstrakta siner\u0123\u0113tisks savienojums, kas sniedz nomierino&scaron;u un aizsarg\u0101jo&scaron;u iedarb\u012bbu. Lieto&scaron;ana: nelielu maskas daudzumu uzkl\u0101t uz priek&scaron;laic\u012bgi att\u012br\u012btas sejas un atst\u0101t uz 5-15 min\u016bt\u0113m. [&#8230;]\n","protected":false},"featured_media":84862,"template":"","meta":[],"product_cat":[1367],"product_tag":[],"class_list":{"0":"post-42977","1":"product","2":"type-product","3":"status-publish","4":"has-post-thumbnail","6":"product_brand-matbea_sivis_by","7":"product_cat-sejas-maskas","9":"first","10":"outofstock","11":"taxable","12":"shipping-taxable","13":"product-type-simple"},"_links":{"self":[{"href":"https:\/\/e.kosmolat.eu\/lv\/wp-json\/wp\/v2\/product\/42977","targetHints":{"allow":["GET"]}}],"collection":[{"href":"https:\/\/e.kosmolat.eu\/lv\/wp-json\/wp\/v2\/product"}],"about":[{"href":"https:\/\/e.kosmolat.eu\/lv\/wp-json\/wp\/v2\/types\/product"}],"wp:featuredmedia":[{"embeddable":true,"href":"https:\/\/e.kosmolat.eu\/lv\/wp-json\/wp\/v2\/media\/84862"}],"wp:attachment":[{"href":"https:\/\/e.kosmolat.eu\/lv\/wp-json\/wp\/v2\/media?parent=42977"}],"wp:term":[{"taxonomy":"product_cat","embeddable":true,"href":"https:\/\/e.kosmolat.eu\/lv\/wp-json\/wp\/v2\/product_cat?post=42977"},{"taxonomy":"product_tag","embeddable":true,"href":"https:\/\/e.kosmolat.eu\/lv\/wp-json\/wp\/v2\/product_tag?post=42977"}],"curies":[{"name":"wp","href":"https:\/\/api.w.org\/{rel}","templated":true}]}}