{"id":42945,"date":"2024-01-31T12:19:51","date_gmt":"2024-01-31T12:19:51","guid":{"rendered":"https:\/\/e.kosmolat.eu\/product\/dr-s-banana-hair-sampuns-smooth-relax-250-ml\/"},"modified":"2026-04-16T09:33:47","modified_gmt":"2026-04-16T09:33:47","slug":"i_dr-s-banana-hair-sampuns-smooth-relax-250-ml","status":"publish","type":"product","link":"https:\/\/e.kosmolat.eu\/lv\/product\/i_dr-s-banana-hair-sampuns-smooth-relax-250-ml\/","title":{"rendered":"I_Dr.S.BANANA HAIR \u0160amp\u016bns Smooth relax, 250 ml"},"content":{"rendered":"<p>Unik\u0101la ban\u0101nu sulas un murumuru sviesta kombin\u0101cija ar \u012bpa\u0161i vieglu tekst\u016bru un rekordlielu mikrosast\u0101vda\u013cu daudzumu matu kop\u0161anai un to ikdienas maigumam un gludumam. Intens\u012bvs gludums. Pretspuro\u0161an\u0101s efekts.<br \/>\n<strong>Lieto\u0161ana:<\/strong> uzkl\u0101t uz mitriem matiem, saputot, izskalot ar \u016bdeni.&nbsp;<strong>Piesardz\u012bbas pas\u0101kumi: <\/strong>ja nok\u013c\u016bst ac\u012bs, skalot ar \u016bdeni. Iesp\u0113jama paaugstin\u0101ta individu\u0101l\u0101 jut\u012bba pret atsevi\u0161\u0137\u0101m sast\u0101vda\u013c\u0101m.&nbsp;Uzglab\u0101\u0161anas noteikumi: &nbsp;no +5&deg;C l\u012bdz +25&deg;C.<br \/>\n&nbsp;<\/p>\n","protected":false},"excerpt":{"rendered":"<p>Unik\u0101la ban\u0101nu sulas un murumuru sviesta kombin\u0101cija ar \u012bpa\u0161i vieglu tekst\u016bru un rekordlielu mikrosast\u0101vda\u013cu daudzumu matu kop\u0161anai un to ikdienas maigumam un gludumam. Intens\u012bvs gludums. Pretspuro\u0161an\u0101s efekts. Lieto\u0161ana: uzkl\u0101t uz mitriem matiem, saputot, izskalot ar \u016bdeni.&nbsp;Piesardz\u012bbas pas\u0101kumi: ja nok\u013c\u016bst ac\u012bs, skalot ar \u016bdeni. Iesp\u0113jama paaugstin\u0101ta individu\u0101l\u0101 jut\u012bba pret atsevi\u0161\u0137\u0101m sast\u0101vda\u013c\u0101m.&nbsp;Uzglab\u0101\u0161anas noteikumi: &nbsp;no +5&deg;C l\u012bdz +25&deg;C. [&#8230;]\n","protected":false},"featured_media":86806,"template":"","meta":[],"product_cat":[1999],"product_tag":[],"class_list":{"0":"post-42945","1":"product","2":"type-product","3":"status-publish","4":"has-post-thumbnail","6":"product_brand-elfa_ua","7":"product_cat-bez-kategorijas","9":"first","10":"instock","11":"taxable","12":"shipping-taxable","13":"product-type-simple"},"_links":{"self":[{"href":"https:\/\/e.kosmolat.eu\/lv\/wp-json\/wp\/v2\/product\/42945","targetHints":{"allow":["GET"]}}],"collection":[{"href":"https:\/\/e.kosmolat.eu\/lv\/wp-json\/wp\/v2\/product"}],"about":[{"href":"https:\/\/e.kosmolat.eu\/lv\/wp-json\/wp\/v2\/types\/product"}],"wp:featuredmedia":[{"embeddable":true,"href":"https:\/\/e.kosmolat.eu\/lv\/wp-json\/wp\/v2\/media\/86806"}],"wp:attachment":[{"href":"https:\/\/e.kosmolat.eu\/lv\/wp-json\/wp\/v2\/media?parent=42945"}],"wp:term":[{"taxonomy":"product_cat","embeddable":true,"href":"https:\/\/e.kosmolat.eu\/lv\/wp-json\/wp\/v2\/product_cat?post=42945"},{"taxonomy":"product_tag","embeddable":true,"href":"https:\/\/e.kosmolat.eu\/lv\/wp-json\/wp\/v2\/product_tag?post=42945"}],"curies":[{"name":"wp","href":"https:\/\/api.w.org\/{rel}","templated":true}]}}