{"id":42941,"date":"2024-01-31T12:19:31","date_gmt":"2024-01-31T12:19:31","guid":{"rendered":"https:\/\/e.kosmolat.eu\/product\/fitoterapija-balzams-ar-sarkano-piparu-ekstraktu-500-ml\/"},"modified":"2025-09-19T23:06:37","modified_gmt":"2025-09-19T23:06:37","slug":"fitoterapija-balzams-ar-sarkano-piparu-ekstraktu-500-ml","status":"publish","type":"product","link":"https:\/\/e.kosmolat.eu\/lv\/product\/fitoterapija-balzams-ar-sarkano-piparu-ekstraktu-500-ml\/","title":{"rendered":"FITOTERAPIJA Balzams ar sarkano piparu ekstraktu, 500 ml"},"content":{"rendered":"<p>Sarkano piparu, di\u017edad\u017ea un smilts\u0113rk&scaron;\u0137u dab\u012bgo ekstraktu komplekss akt\u012bvi atjauno matu strukt\u016bru vis\u0101 to garum\u0101, baro un stiprina matu saknes, pal\u012bdz nov\u0113rst izkri&scaron;anu, uzlabo asinsriti galvas \u0101d\u0101, stimul\u0113jot jaunu matu folikulu veido&scaron;anos.<\/p>\n<p><strong>Lieto&scaron;ana:<\/strong> uzkl\u0101t nelielu daudzumu balzama uz t\u012briem, mitriem matiem, vienm\u0113r\u012bgi izkl\u0101t vis\u0101 to garum\u0101, r\u016bp\u012bgi izskalot ar siltu \u016bdeni.<br \/>\n&nbsp;<\/p>\n","protected":false},"excerpt":{"rendered":"<p>Sarkano piparu, di\u017edad\u017ea un smilts\u0113rk&scaron;\u0137u dab\u012bgo ekstraktu komplekss akt\u012bvi atjauno matu strukt\u016bru vis\u0101 to garum\u0101, baro un stiprina matu saknes, pal\u012bdz nov\u0113rst izkri&scaron;anu, uzlabo asinsriti galvas \u0101d\u0101, stimul\u0113jot jaunu matu folikulu veido&scaron;anos. Lieto&scaron;ana: uzkl\u0101t nelielu daudzumu balzama uz t\u012briem, mitriem matiem, vienm\u0113r\u012bgi izkl\u0101t vis\u0101 to garum\u0101, r\u016bp\u012bgi izskalot ar siltu \u016bdeni. &nbsp;<\/p>\n","protected":false},"featured_media":86794,"template":"","meta":[],"product_cat":[1638],"product_tag":[],"class_list":{"0":"post-42941","1":"product","2":"type-product","3":"status-publish","4":"has-post-thumbnail","6":"product_brand-iris-belorek_by","7":"product_cat-balzami","9":"first","10":"outofstock","11":"taxable","12":"shipping-taxable","13":"product-type-simple"},"_links":{"self":[{"href":"https:\/\/e.kosmolat.eu\/lv\/wp-json\/wp\/v2\/product\/42941","targetHints":{"allow":["GET"]}}],"collection":[{"href":"https:\/\/e.kosmolat.eu\/lv\/wp-json\/wp\/v2\/product"}],"about":[{"href":"https:\/\/e.kosmolat.eu\/lv\/wp-json\/wp\/v2\/types\/product"}],"wp:featuredmedia":[{"embeddable":true,"href":"https:\/\/e.kosmolat.eu\/lv\/wp-json\/wp\/v2\/media\/86794"}],"wp:attachment":[{"href":"https:\/\/e.kosmolat.eu\/lv\/wp-json\/wp\/v2\/media?parent=42941"}],"wp:term":[{"taxonomy":"product_cat","embeddable":true,"href":"https:\/\/e.kosmolat.eu\/lv\/wp-json\/wp\/v2\/product_cat?post=42941"},{"taxonomy":"product_tag","embeddable":true,"href":"https:\/\/e.kosmolat.eu\/lv\/wp-json\/wp\/v2\/product_tag?post=42941"}],"curies":[{"name":"wp","href":"https:\/\/api.w.org\/{rel}","templated":true}]}}