{"id":42853,"date":"2024-01-31T12:15:00","date_gmt":"2024-01-31T12:15:00","guid":{"rendered":"https:\/\/e.kosmolat.eu\/product\/oblepiha-organica-nakts-krems-komforts-dzila-barosana-atjaunosana-50-g\/"},"modified":"2025-09-19T22:33:43","modified_gmt":"2025-09-19T22:33:43","slug":"oblepiha-organica-nakts-krems-komforts-dzila-barosana-atjaunosana-50-g","status":"publish","type":"product","link":"https:\/\/e.kosmolat.eu\/lv\/product\/oblepiha-organica-nakts-krems-komforts-dzila-barosana-atjaunosana-50-g\/","title":{"rendered":"Oblepiha Organica Nakts kr\u0113ms-komforts dzi\u013c\u0101 baro\u0161ana, atjauno\u0161ana, 50 g"},"content":{"rendered":"<p>Akt\u012bvas kr\u0113ma sast\u0101vda\u013cas saudz\u012bgi r\u016bp\u0113jas par \u0101du nakts atp\u016btas laik\u0101, pie\u0161\u0137ir tai atp\u016btu\u0161os, koptu izskatu.<br \/>\nOrganisk\u0101 smilts\u0113rk\u0161\u0137u e\u013c\u013ca ir \u012bpa\u0161i bag\u0101ta ar akt\u012bv\u0101m biolo\u0123isk\u0101m viel\u0101m (vitam\u012bniem, mikroelementiem, tauksk\u0101b\u0113m). T\u0101 nodro\u0161ina \u0101dai dzi\u013cu baro\u0161anu, pretojas sausumam un lob\u012b\u0161an\u0101s procesam, atjauno t\u0101s m\u012bkstumu un gludumu, pie\u0161\u0137ir vesel\u012bgu mirdzumu.&nbsp;<br \/>\nDab\u012bga kokosriekstu e\u013c\u013ca apst\u0101dina \u0101das nov\u012b\u0161anas procesus, uzlabo t\u0101s \u0101r\u0113jo izskatu.&nbsp;<br \/>\n&Scaron;\u012b sviests efekt\u012bvi stimul\u0113 kolag\u0113na sint\u0113zi pateicoties tam pal\u0113nina \u0101das noveco\u0161anu, pie\u0161\u0137ir tai z\u012bdainumu un gludumu.&nbsp;<\/p>\n<p><strong>Lieto\u0161ana: <\/strong><\/p>\n<p>uzkl\u0101t uz t\u012bras \u0101das pa mas\u0101\u017eas l\u012bnij\u0101m 30 min\u016btes pirms miega.&nbsp;<\/p>\n","protected":false},"excerpt":{"rendered":"<p>Akt\u012bvas kr\u0113ma sast\u0101vda\u013cas saudz\u012bgi r\u016bp\u0113jas par \u0101du nakts atp\u016btas laik\u0101, pie\u0161\u0137ir tai atp\u016btu\u0161os, koptu izskatu. Organisk\u0101 smilts\u0113rk\u0161\u0137u e\u013c\u013ca ir \u012bpa\u0161i bag\u0101ta ar akt\u012bv\u0101m biolo\u0123isk\u0101m viel\u0101m (vitam\u012bniem, mikroelementiem, tauksk\u0101b\u0113m). T\u0101 nodro\u0161ina \u0101dai dzi\u013cu baro\u0161anu, pretojas sausumam un lob\u012b\u0161an\u0101s procesam, atjauno t\u0101s m\u012bkstumu un gludumu, pie\u0161\u0137ir vesel\u012bgu mirdzumu.&nbsp; Dab\u012bga kokosriekstu e\u013c\u013ca apst\u0101dina \u0101das nov\u012b\u0161anas procesus, uzlabo t\u0101s [&#8230;]\n","protected":false},"featured_media":86234,"template":"","meta":[],"product_cat":[1323],"product_tag":[],"class_list":{"0":"post-42853","1":"product","2":"type-product","3":"status-publish","4":"has-post-thumbnail","6":"product_brand-belkosmex_by","7":"product_cat-1323","9":"first","10":"outofstock","11":"taxable","12":"shipping-taxable","13":"product-type-simple"},"_links":{"self":[{"href":"https:\/\/e.kosmolat.eu\/lv\/wp-json\/wp\/v2\/product\/42853","targetHints":{"allow":["GET"]}}],"collection":[{"href":"https:\/\/e.kosmolat.eu\/lv\/wp-json\/wp\/v2\/product"}],"about":[{"href":"https:\/\/e.kosmolat.eu\/lv\/wp-json\/wp\/v2\/types\/product"}],"wp:featuredmedia":[{"embeddable":true,"href":"https:\/\/e.kosmolat.eu\/lv\/wp-json\/wp\/v2\/media\/86234"}],"wp:attachment":[{"href":"https:\/\/e.kosmolat.eu\/lv\/wp-json\/wp\/v2\/media?parent=42853"}],"wp:term":[{"taxonomy":"product_cat","embeddable":true,"href":"https:\/\/e.kosmolat.eu\/lv\/wp-json\/wp\/v2\/product_cat?post=42853"},{"taxonomy":"product_tag","embeddable":true,"href":"https:\/\/e.kosmolat.eu\/lv\/wp-json\/wp\/v2\/product_tag?post=42853"}],"curies":[{"name":"wp","href":"https:\/\/api.w.org\/{rel}","templated":true}]}}