{"id":42849,"date":"2024-01-31T12:14:47","date_gmt":"2024-01-31T12:14:47","guid":{"rendered":"https:\/\/e.kosmolat.eu\/product\/oblepiha-organica-serums-pret-matu-izkrisanu-145-ml\/"},"modified":"2025-09-19T22:32:39","modified_gmt":"2025-09-19T22:32:39","slug":"oblepiha-organica-serums-pret-matu-izkrisanu-145-ml","status":"publish","type":"product","link":"https:\/\/e.kosmolat.eu\/lv\/product\/oblepiha-organica-serums-pret-matu-izkrisanu-145-ml\/","title":{"rendered":"Oblepiha Organica Serums pret matu izkri\u0161anu, 145 ml"},"content":{"rendered":"<p>Smilts\u0113rk&scaron;\u0137u ekstrakts efekt\u012bvi nov\u0113r&scaron; matu sausumu un l\u016b&scaron;anu, sp\u012bduma zudumu unmatu gali\u0146u &scaron;\u0137el&scaron;anos. Argin\u012bns &ndash; viena no matu kerat\u012bna sast\u0101vda\u013c\u0101m &ndash; stimul\u0113 apmai\u0146as procesus galvas \u0101d\u0101, stiprina matu saknes, atjauno matu stumbra strukt\u016bru, pie&scaron;\u0137ir matiem z\u012bdainumu un koptu izskatu. A, E, F vitam\u012bnu komplekss veicina galvas \u0101das &scaron;\u016bnu atjauno&scaron;an\u0101s procesu, nodro&scaron;ina aizsardz\u012bbu pret br\u012bvajiem radik\u0101\u013ciem un kav\u0113 matu izkri&scaron;anu.<\/p>\n<p>Satur A vitam\u012bnu. L\u016bgums pirms lieto&scaron;anas p\u0101rdom\u0101t savu dienas devu.<\/p>\n<p><strong>Lieto&scaron;ana:<\/strong>&nbsp;uzkl\u0101t serumu uz visas galvas \u0101das, maigi iemas\u0113t. Var uzkl\u0101t gan uz sausas, gan uz mitras \u0101das. Nav j\u0101nomazg\u0101.&nbsp;<\/p>\n","protected":false},"excerpt":{"rendered":"<p>Smilts\u0113rk&scaron;\u0137u ekstrakts efekt\u012bvi nov\u0113r&scaron; matu sausumu un l\u016b&scaron;anu, sp\u012bduma zudumu unmatu gali\u0146u &scaron;\u0137el&scaron;anos. Argin\u012bns &ndash; viena no matu kerat\u012bna sast\u0101vda\u013c\u0101m &ndash; stimul\u0113 apmai\u0146as procesus galvas \u0101d\u0101, stiprina matu saknes, atjauno matu stumbra strukt\u016bru, pie&scaron;\u0137ir matiem z\u012bdainumu un koptu izskatu. A, E, F vitam\u012bnu komplekss veicina galvas \u0101das &scaron;\u016bnu atjauno&scaron;an\u0101s procesu, nodro&scaron;ina aizsardz\u012bbu pret br\u012bvajiem radik\u0101\u013ciem [&#8230;]\n","protected":false},"featured_media":86218,"template":"","meta":[],"product_cat":[1345],"product_tag":[],"class_list":{"0":"post-42849","1":"product","2":"type-product","3":"status-publish","4":"has-post-thumbnail","6":"product_brand-belkosmex_by","7":"product_cat-kitos-plauku-prieziuros-priemones","9":"first","10":"outofstock","11":"taxable","12":"shipping-taxable","13":"product-type-simple"},"_links":{"self":[{"href":"https:\/\/e.kosmolat.eu\/lv\/wp-json\/wp\/v2\/product\/42849","targetHints":{"allow":["GET"]}}],"collection":[{"href":"https:\/\/e.kosmolat.eu\/lv\/wp-json\/wp\/v2\/product"}],"about":[{"href":"https:\/\/e.kosmolat.eu\/lv\/wp-json\/wp\/v2\/types\/product"}],"wp:featuredmedia":[{"embeddable":true,"href":"https:\/\/e.kosmolat.eu\/lv\/wp-json\/wp\/v2\/media\/86218"}],"wp:attachment":[{"href":"https:\/\/e.kosmolat.eu\/lv\/wp-json\/wp\/v2\/media?parent=42849"}],"wp:term":[{"taxonomy":"product_cat","embeddable":true,"href":"https:\/\/e.kosmolat.eu\/lv\/wp-json\/wp\/v2\/product_cat?post=42849"},{"taxonomy":"product_tag","embeddable":true,"href":"https:\/\/e.kosmolat.eu\/lv\/wp-json\/wp\/v2\/product_tag?post=42849"}],"curies":[{"name":"wp","href":"https:\/\/api.w.org\/{rel}","templated":true}]}}