{"id":42821,"date":"2024-01-31T12:12:20","date_gmt":"2024-01-31T12:12:20","guid":{"rendered":"https:\/\/e.kosmolat.eu\/product\/fj-vannas-putas-banana-mango-mousse-1-l\/"},"modified":"2026-04-22T09:42:46","modified_gmt":"2026-04-22T09:42:46","slug":"fj-vannas-putas-banana-mango-mousse-1-l","status":"publish","type":"product","link":"https:\/\/e.kosmolat.eu\/lv\/product\/fj-vannas-putas-banana-mango-mousse-1-l\/","title":{"rendered":"FJ  Vannas putas Banana &#038; Mango Mousse, 1 l"},"content":{"rendered":"<p>Ban\u0101ns un mango ar piena prote\u012bniem. Ban\u0101na un mango arom\u0101ts, kas piepilda vannu, \u013caus sajusties glu\u017ei k\u0101 uz maiga putu m\u0101ko\u0146a, kas p\u0101rnes\u012bs j\u016bs uz nezin\u0101mo tropu salu parad\u012bzi, d\u0101v\u0101s eksotisku baudu. Piena prote\u012bni putu sast\u0101v\u0101 baro un mitrina \u0101du.&nbsp;Dermatolo\u0123iski p\u0101rbaud\u012bts.<\/p>\n<p><strong>Lieto&scaron;ana:<\/strong> saputot 50-100 ml l\u012bdzek\u013ca zem teko&scaron;a \u016bdens. Ieteicams vannoties 15-20 min\u016btes, p\u0113c tam noskalot \u0101du ar \u016bdeni.<\/p>\n<p><strong>Piesardz\u012bbas pas\u0101kumi:<\/strong> ja iek\u013c\u016bst ac\u012bs, izskalojiet ar \u016bdeni. Iesp\u0113jama paaugstin\u0101ta individu\u0101l\u0101 jut\u012bba pret atsevi&scaron;\u0137\u0101m sast\u0101vda\u013c\u0101m.&nbsp;<\/p>\n<p>Uzglab\u0101t temperat\u016br\u0101 no +5 &deg;\u0421 l\u012bdz +25 &deg;\u0421.&nbsp;<br \/>\n&nbsp;<\/p>\n","protected":false},"excerpt":{"rendered":"<p>Ban\u0101ns un mango ar piena prote\u012bniem. Ban\u0101na un mango arom\u0101ts, kas piepilda vannu, \u013caus sajusties glu\u017ei k\u0101 uz maiga putu m\u0101ko\u0146a, kas p\u0101rnes\u012bs j\u016bs uz nezin\u0101mo tropu salu parad\u012bzi, d\u0101v\u0101s eksotisku baudu. Piena prote\u012bni putu sast\u0101v\u0101 baro un mitrina \u0101du.&nbsp;Dermatolo\u0123iski p\u0101rbaud\u012bts. Lieto&scaron;ana: saputot 50-100 ml l\u012bdzek\u013ca zem teko&scaron;a \u016bdens. Ieteicams vannoties 15-20 min\u016btes, p\u0113c tam [&#8230;]\n","protected":false},"featured_media":100036,"template":"","meta":[],"product_cat":[1999],"product_tag":[],"class_list":{"0":"post-42821","1":"product","2":"type-product","3":"status-publish","4":"has-post-thumbnail","6":"product_brand-elfa_ua","7":"product_cat-bez-kategorijas","9":"first","10":"instock","11":"taxable","12":"shipping-taxable","13":"product-type-simple"},"_links":{"self":[{"href":"https:\/\/e.kosmolat.eu\/lv\/wp-json\/wp\/v2\/product\/42821","targetHints":{"allow":["GET"]}}],"collection":[{"href":"https:\/\/e.kosmolat.eu\/lv\/wp-json\/wp\/v2\/product"}],"about":[{"href":"https:\/\/e.kosmolat.eu\/lv\/wp-json\/wp\/v2\/types\/product"}],"wp:featuredmedia":[{"embeddable":true,"href":"https:\/\/e.kosmolat.eu\/lv\/wp-json\/wp\/v2\/media\/100036"}],"wp:attachment":[{"href":"https:\/\/e.kosmolat.eu\/lv\/wp-json\/wp\/v2\/media?parent=42821"}],"wp:term":[{"taxonomy":"product_cat","embeddable":true,"href":"https:\/\/e.kosmolat.eu\/lv\/wp-json\/wp\/v2\/product_cat?post=42821"},{"taxonomy":"product_tag","embeddable":true,"href":"https:\/\/e.kosmolat.eu\/lv\/wp-json\/wp\/v2\/product_tag?post=42821"}],"curies":[{"name":"wp","href":"https:\/\/api.w.org\/{rel}","templated":true}]}}