{"id":42809,"date":"2024-01-31T12:11:43","date_gmt":"2024-01-31T12:11:43","guid":{"rendered":"https:\/\/e.kosmolat.eu\/product\/dr-hc-matu-maska-rekonstr-panten-abolu-etikis-295-ml\/"},"modified":"2026-04-16T09:20:27","modified_gmt":"2026-04-16T09:20:27","slug":"the-doctor-hc-matu-maska-rekonstr-panten-abolu-etikis-295-ml","status":"publish","type":"product","link":"https:\/\/e.kosmolat.eu\/lv\/product\/the-doctor-hc-matu-maska-rekonstr-panten-abolu-etikis-295-ml\/","title":{"rendered":"THE DOCTOR H&#038;C Matu maska Rekonstr. Panten.+\u0100bolu eti\u0137is, 295 ml"},"content":{"rendered":"<p>\u012apa&scaron;a formula ar pantenolu un \u0101bolu sidra eti\u0137i.&nbsp;<\/p>\n<p><strong>Lieto&scaron;ana:<\/strong> uzkl\u0101t uz t\u012briem, mitriem matiem. Patur\u0113t 5 min\u016btes un r\u016bp\u012bgi noskalot ar \u016bdeni.<\/p>\n<p><strong>Piesardz\u012bbas pas\u0101kumi:<\/strong> Ja iek\u013c\u016bst ac\u012bs, r\u016bp\u012bgi izskalot ar lielu \u016bdens daudzumu. Iesp\u0113jama paaugstin\u0101ta individu\u0101l\u0101 jut\u012bba pret atsevi&scaron;\u0137\u0101m sast\u0101vda\u013c\u0101m.<br \/>\n&nbsp;<\/p>\n","protected":false},"excerpt":{"rendered":"<p>\u012apa&scaron;a formula ar pantenolu un \u0101bolu sidra eti\u0137i.&nbsp; Lieto&scaron;ana: uzkl\u0101t uz t\u012briem, mitriem matiem. Patur\u0113t 5 min\u016btes un r\u016bp\u012bgi noskalot ar \u016bdeni. Piesardz\u012bbas pas\u0101kumi: Ja iek\u013c\u016bst ac\u012bs, r\u016bp\u012bgi izskalot ar lielu \u016bdens daudzumu. Iesp\u0113jama paaugstin\u0101ta individu\u0101l\u0101 jut\u012bba pret atsevi&scaron;\u0137\u0101m sast\u0101vda\u013c\u0101m. &nbsp;<\/p>\n","protected":false},"featured_media":99088,"template":"","meta":[],"product_cat":[1999],"product_tag":[],"class_list":{"0":"post-42809","1":"product","2":"type-product","3":"status-publish","4":"has-post-thumbnail","6":"product_brand-elfa_ua","7":"product_cat-bez-kategorijas","9":"first","10":"instock","11":"taxable","12":"shipping-taxable","13":"product-type-simple"},"_links":{"self":[{"href":"https:\/\/e.kosmolat.eu\/lv\/wp-json\/wp\/v2\/product\/42809","targetHints":{"allow":["GET"]}}],"collection":[{"href":"https:\/\/e.kosmolat.eu\/lv\/wp-json\/wp\/v2\/product"}],"about":[{"href":"https:\/\/e.kosmolat.eu\/lv\/wp-json\/wp\/v2\/types\/product"}],"wp:featuredmedia":[{"embeddable":true,"href":"https:\/\/e.kosmolat.eu\/lv\/wp-json\/wp\/v2\/media\/99088"}],"wp:attachment":[{"href":"https:\/\/e.kosmolat.eu\/lv\/wp-json\/wp\/v2\/media?parent=42809"}],"wp:term":[{"taxonomy":"product_cat","embeddable":true,"href":"https:\/\/e.kosmolat.eu\/lv\/wp-json\/wp\/v2\/product_cat?post=42809"},{"taxonomy":"product_tag","embeddable":true,"href":"https:\/\/e.kosmolat.eu\/lv\/wp-json\/wp\/v2\/product_tag?post=42809"}],"curies":[{"name":"wp","href":"https:\/\/api.w.org\/{rel}","templated":true}]}}