{"id":42805,"date":"2024-01-31T12:11:23","date_gmt":"2024-01-31T12:11:23","guid":{"rendered":"https:\/\/e.kosmolat.eu\/product\/effect-troinoi-odekolons-180-ml\/"},"modified":"2026-04-08T08:46:21","modified_gmt":"2026-04-08T08:46:21","slug":"effect-troinoi-odekolons-180-ml","status":"publish","type":"product","link":"https:\/\/e.kosmolat.eu\/lv\/product\/effect-troinoi-odekolons-180-ml\/","title":{"rendered":"EFFECT Troinoi Odekolons, 180 ml"},"content":{"rendered":"<p>P\u0113c imperatora Napoleona receptes.<\/p>\n<p><strong>Piesardz\u012bbas pas\u0101kumi:<\/strong> Izvair\u012bties no nok\u013c\u016b\u0161anas ac\u012bs. Neizmantot uguns tuvum\u0101.<\/p>\n<p>Etilspirta tilpuma da\u013ca, tilp. %, 61,5 &plusmn; 1.&nbsp;<br \/>\nUzglab\u0101\u0161anas temperat\u016bra no +5&deg;\u0421 \u0434\u043e +25&deg;\u0421.<br \/>\nRa\u017eo\u0161anas datums\/Partijas Nr.\/Ieteicams l\u012bdz: skat. uz iepakojuma.&nbsp;<br \/>\n&nbsp;<\/p>\n","protected":false},"excerpt":{"rendered":"<p>P\u0113c imperatora Napoleona receptes. Piesardz\u012bbas pas\u0101kumi: Izvair\u012bties no nok\u013c\u016b\u0161anas ac\u012bs. Neizmantot uguns tuvum\u0101. Etilspirta tilpuma da\u013ca, tilp. %, 61,5 &plusmn; 1.&nbsp; Uzglab\u0101\u0161anas temperat\u016bra no +5&deg;\u0421 \u0434\u043e +25&deg;\u0421. Ra\u017eo\u0161anas datums\/Partijas Nr.\/Ieteicams l\u012bdz: skat. uz iepakojuma.&nbsp; &nbsp;<\/p>\n","protected":false},"featured_media":86014,"template":"","meta":[],"product_cat":[1315],"product_tag":[],"class_list":{"0":"post-42805","1":"product","2":"type-product","3":"status-publish","4":"has-post-thumbnail","6":"product_brand-effekt_ua","7":"product_cat-odekoloni-un-losjoni","9":"first","10":"instock","11":"taxable","12":"shipping-taxable","13":"product-type-simple"},"_links":{"self":[{"href":"https:\/\/e.kosmolat.eu\/lv\/wp-json\/wp\/v2\/product\/42805","targetHints":{"allow":["GET"]}}],"collection":[{"href":"https:\/\/e.kosmolat.eu\/lv\/wp-json\/wp\/v2\/product"}],"about":[{"href":"https:\/\/e.kosmolat.eu\/lv\/wp-json\/wp\/v2\/types\/product"}],"wp:featuredmedia":[{"embeddable":true,"href":"https:\/\/e.kosmolat.eu\/lv\/wp-json\/wp\/v2\/media\/86014"}],"wp:attachment":[{"href":"https:\/\/e.kosmolat.eu\/lv\/wp-json\/wp\/v2\/media?parent=42805"}],"wp:term":[{"taxonomy":"product_cat","embeddable":true,"href":"https:\/\/e.kosmolat.eu\/lv\/wp-json\/wp\/v2\/product_cat?post=42805"},{"taxonomy":"product_tag","embeddable":true,"href":"https:\/\/e.kosmolat.eu\/lv\/wp-json\/wp\/v2\/product_tag?post=42805"}],"curies":[{"name":"wp","href":"https:\/\/api.w.org\/{rel}","templated":true}]}}