{"id":42781,"date":"2024-01-31T12:10:18","date_gmt":"2024-01-31T12:10:18","guid":{"rendered":"https:\/\/e.kosmolat.eu\/product\/lv-skidra-lupu-krasa-02-aqua-gel\/"},"modified":"2025-06-02T05:02:33","modified_gmt":"2025-06-02T05:02:33","slug":"lv-skidra-lupu-krasa-02-aqua-gel-3-4-g","status":"publish","type":"product","link":"https:\/\/e.kosmolat.eu\/lv\/product\/lv-skidra-lupu-krasa-02-aqua-gel-3-4-g\/","title":{"rendered":"LV  \u0160\u0137idr\u0101 l\u016bpu kr\u0101sa, 02, Aqua gel, 3.4 g"},"content":{"rendered":"","protected":false},"excerpt":{"rendered":"","protected":false},"featured_media":0,"template":"","meta":[],"product_cat":[1999],"product_tag":[],"class_list":{"0":"post-42781","1":"product","2":"type-product","3":"status-publish","5":"product_brand-lux-visage_by","6":"product_cat-bez-kategorijas","8":"first","9":"outofstock","10":"taxable","11":"shipping-taxable","12":"product-type-simple"},"_links":{"self":[{"href":"https:\/\/e.kosmolat.eu\/lv\/wp-json\/wp\/v2\/product\/42781","targetHints":{"allow":["GET"]}}],"collection":[{"href":"https:\/\/e.kosmolat.eu\/lv\/wp-json\/wp\/v2\/product"}],"about":[{"href":"https:\/\/e.kosmolat.eu\/lv\/wp-json\/wp\/v2\/types\/product"}],"wp:attachment":[{"href":"https:\/\/e.kosmolat.eu\/lv\/wp-json\/wp\/v2\/media?parent=42781"}],"wp:term":[{"taxonomy":"product_cat","embeddable":true,"href":"https:\/\/e.kosmolat.eu\/lv\/wp-json\/wp\/v2\/product_cat?post=42781"},{"taxonomy":"product_tag","embeddable":true,"href":"https:\/\/e.kosmolat.eu\/lv\/wp-json\/wp\/v2\/product_tag?post=42781"}],"curies":[{"name":"wp","href":"https:\/\/api.w.org\/{rel}","templated":true}]}}