{"id":42765,"date":"2024-01-31T12:09:23","date_gmt":"2024-01-31T12:09:23","guid":{"rendered":"https:\/\/e.kosmolat.eu\/product\/hyaluron-dh-sejas-kr-60-intens-mitrin-un-atjaunin-48-g\/"},"modified":"2025-08-18T10:10:58","modified_gmt":"2025-08-18T10:10:58","slug":"hyaluron-dh-sejas-kr-60-intens-mitrin-un-atjaunin-48-g","status":"publish","type":"product","link":"https:\/\/e.kosmolat.eu\/lv\/product\/hyaluron-dh-sejas-kr-60-intens-mitrin-un-atjaunin-48-g\/","title":{"rendered":"Hyaluron DH Sejas kr. 60+ Intens.mitrin.un atjaunin., 48 g"},"content":{"rendered":"<p>Inovat\u012bvais sast\u0101vs: 2 veidu sk\u0101bju &ndash; hialuronsk\u0101bes un poliglutam\u012bna sk\u0101bes &ndash; kombin\u0101cija ar cit\u0101m akt\u012bvaj\u0101m sast\u0101vda\u013c\u0101m nodro\u0161ina kompleksu c\u012b\u0146u pret vecuma izrais\u012bt\u0101m \u0101das nepiln\u012bb\u0101m.<\/p>\n<p>Poliglutam\u012bna sk\u0101be kalpo k\u0101 hialuronsk\u0101bes aizsargs, nepie\u013caujot t\u0101s no\u0101rd\u012b\u0161anos un nov\u0113r\u0161ot t\u0101s izvad\u012b\u0161anu no \u0101das. Sal\u012bdzinot ar hialuronsk\u0101bi, tai piem\u012bt vismaz 2,5 reizes lab\u0101ka sp\u0113ja piesaist\u012bt \u016bdens molekulas. Tas ir polipept\u012bdu biopolim\u0113rs, kas efekt\u012bvi regul\u0113 \u0101das mitruma l\u012bmeni, pastiprin\u0101ti piesaistot \u016bdeni no \u0101r\u0113j\u0101s vides, palielina keram\u012bdu izstr\u0101di, kontrol\u0113 \u0101das atjauno\u0161an\u0101s procesus. Divu sk\u0101bju kombin\u0101cija (hialuronsk\u0101be + poliglutam\u012bna sk\u0101be) ir ide\u0101ls un intens\u012bvs daudzpak\u0101pju risin\u0101jums sausai, dehidrat\u0113tai, novecojo\u0161ai un problem\u0101tiskai \u0101dai.&nbsp;<\/p>\n<p>Augstas molekulmasas poliglutam\u012bna sk\u0101be:<br \/>\n&bull; atjauno \u0101das dabisko mitruma l\u012bmeni, moment\u0101ni mazinot savilkuma saj\u016btu;<br \/>\n&bull; nov\u0113r\u0161 kairin\u0101jumu, palielina \u0101das elast\u012bbu;<br \/>\n&bull; atjauno tonusu, izl\u012bdzina grumbas.<\/p>\n<p>95% zemas molekulmasas hialuronsk\u0101be:<br \/>\n&bull; aktiviz\u0113 \u0161\u016bnu atjauno\u0161anos;<br \/>\n&bull; veicina starp\u0161\u016bnu matricas atjauno\u0161anos;<br \/>\n&bull; nov\u0113r\u0161 \u0101das noveco\u0161anos, atjauno vitalit\u0101ti un mirdzumu.<\/p>\n<p>Keram\u012bdi atjauno \u0101das lip\u012bdu barjeru, efekt\u012bvi nov\u0113r\u0161 lob\u012b\u0161anos, kairin\u0101jumu un atsvaidzina noguru\u0161u \u0101du. Kompens\u0113 lip\u012bdu sint\u0113zes mazin\u0101\u0161anos, pa\u0101trina re\u0123ener\u0101cijas procesus.<\/p>\n<p><strong>Lieto\u0161ana:<\/strong> nelielu kr\u0113ma daudzumu uzkl\u0101t uz att\u012br\u012btas sejas un kakla \u0101das gar mas\u0101\u017eas l\u012bnij\u0101m. &nbsp;Piem\u0113rots visiem \u0101das tipiem. Var izmantot k\u0101 makij\u0101\u017eas b\u0101zi.<\/p>\n<p>Uzglab\u0101t temperat\u016br\u0101 no 5&deg;C l\u012bdz 25&deg;C. Sarg\u0101t no tie\u0161iem saules stariem.<\/p>\n<p><strong>Der\u012bguma termi\u0146\u0161:<\/strong> 36 m\u0113ne\u0161i.<br \/>\n&nbsp;<\/p>\n","protected":false},"excerpt":{"rendered":"<p>Inovat\u012bvais sast\u0101vs: 2 veidu sk\u0101bju &ndash; hialuronsk\u0101bes un poliglutam\u012bna sk\u0101bes &ndash; kombin\u0101cija ar cit\u0101m akt\u012bvaj\u0101m sast\u0101vda\u013c\u0101m nodro\u0161ina kompleksu c\u012b\u0146u pret vecuma izrais\u012bt\u0101m \u0101das nepiln\u012bb\u0101m. Poliglutam\u012bna sk\u0101be kalpo k\u0101 hialuronsk\u0101bes aizsargs, nepie\u013caujot t\u0101s no\u0101rd\u012b\u0161anos un nov\u0113r\u0161ot t\u0101s izvad\u012b\u0161anu no \u0101das. Sal\u012bdzinot ar hialuronsk\u0101bi, tai piem\u012bt vismaz 2,5 reizes lab\u0101ka sp\u0113ja piesaist\u012bt \u016bdens molekulas. Tas ir polipept\u012bdu [&#8230;]\n","protected":false},"featured_media":13529,"template":"","meta":[],"product_cat":[1323],"product_tag":[],"class_list":{"0":"post-42765","1":"product","2":"type-product","3":"status-publish","4":"has-post-thumbnail","6":"product_brand-belkosmex_by","7":"product_cat-1323","9":"first","10":"outofstock","11":"taxable","12":"shipping-taxable","13":"product-type-simple"},"_links":{"self":[{"href":"https:\/\/e.kosmolat.eu\/lv\/wp-json\/wp\/v2\/product\/42765","targetHints":{"allow":["GET"]}}],"collection":[{"href":"https:\/\/e.kosmolat.eu\/lv\/wp-json\/wp\/v2\/product"}],"about":[{"href":"https:\/\/e.kosmolat.eu\/lv\/wp-json\/wp\/v2\/types\/product"}],"wp:featuredmedia":[{"embeddable":true,"href":"https:\/\/e.kosmolat.eu\/lv\/wp-json\/wp\/v2\/media\/13529"}],"wp:attachment":[{"href":"https:\/\/e.kosmolat.eu\/lv\/wp-json\/wp\/v2\/media?parent=42765"}],"wp:term":[{"taxonomy":"product_cat","embeddable":true,"href":"https:\/\/e.kosmolat.eu\/lv\/wp-json\/wp\/v2\/product_cat?post=42765"},{"taxonomy":"product_tag","embeddable":true,"href":"https:\/\/e.kosmolat.eu\/lv\/wp-json\/wp\/v2\/product_tag?post=42765"}],"curies":[{"name":"wp","href":"https:\/\/api.w.org\/{rel}","templated":true}]}}