{"id":42725,"date":"2024-01-31T12:07:17","date_gmt":"2024-01-31T12:07:17","guid":{"rendered":"https:\/\/e.kosmolat.eu\/product\/dp-augsti-efekt-tauku-tiritajs-citrons-sprejs-750-ml\/"},"modified":"2026-05-08T20:08:38","modified_gmt":"2026-05-08T20:08:38","slug":"dp-augsti-efekt-tauku-tiritajs-citrons-sprejs-750-ml","status":"publish","type":"product","link":"https:\/\/e.kosmolat.eu\/lv\/product\/dp-augsti-efekt-tauku-tiritajs-citrons-sprejs-750-ml\/","title":{"rendered":"DP Augsti efekt.tauku t\u012br\u012bt\u0101js Citrons, sprejs, 750 ml"},"content":{"rendered":"<p>Efekt\u012bvi att\u012bra gr\u016bti no\u0146emamus net\u012brumus, sniedzot svaigu arom\u0101tu. No\u0146em piedegu\u0161us taukus, e\u013c\u013cu un sodr\u0113jus no vis\u0101m virtuves virsm\u0101m, k\u0101 ar\u012b traipus no audumiem.<\/p>\n<p><strong>Lieto\u0161ana: <\/strong>izsmidziniet produktu uz net\u012bras virsmas. \u013baujiet iedarboties da\u017eas min\u016btes. Not\u012briet ar mitru s\u016bkli.<\/p>\n<p><strong>Br\u012bdin\u0101jums: <\/strong>nelietot uz neanod\u0113ta alum\u012bnija, dab\u012bga koka virsm\u0101m un caursp\u012bd\u012bgas plastmasas virsm\u0101m (polikarbon\u0101ta, piem\u0113ram, \u0137iveru aizsargvairogos, du\u0161as kab\u012bn\u0113s). Pirms lieto\u0161anas uz kr\u0101sainiem audumiem p\u0101rbaudiet auduma kr\u0101sas notur\u012bbu neliel\u0101, neuzkr\u012bto\u0161\u0101 auduma laukum\u0101. Vienm\u0113r p\u0101rbaudiet virsmu notur\u012bbu pirms pirm\u0101s l\u012bdzek\u013ca lieto\u0161anas reizes.<\/p>\n<p><strong>Sast\u0101v\u0101: <\/strong>maz\u0101k par 5 % anjonu virsmakt\u012bvo vielu, maz\u0101k par 5 % nejonu virsmakt\u012bvo vielu. Smar\u017eas un arom\u0101tisk\u0101s kompoz\u012bcijas\/ Limonene, Citral. Konservanti: Benzisothiazolinone\/ Methylchloroisothiazolinone\/ Methylisothiazolinone.<\/p>\n<p>&nbsp;<\/p>\n<p><strong>EUH208<\/strong><br \/>\nSatur: Metilhlorizotiazolinons un metilizotiazolinons. Var izrais\u012bt aler\u0123isku reakciju.<br \/>\nDro\u0161\u012bbas pras\u012bbu apz\u012bm\u0113jumi:<br \/>\nP101 Medic\u012bniska padoma nepiecie\u0161am\u012bbas gad\u012bjum\u0101 attiec\u012bg\u0101 inform\u0101cija ir nor\u0101d\u012bta uz iepakojuma vai eti\u0137etes.<br \/>\nP102 Sarg\u0101t no b\u0113rniem.<br \/>\nP103 Pirms izmanto\u0161anas izlas\u012bt eti\u0137eti.<br \/>\n&nbsp;<\/p>\n","protected":false},"excerpt":{"rendered":"<p>Efekt\u012bvi att\u012bra gr\u016bti no\u0146emamus net\u012brumus, sniedzot svaigu arom\u0101tu. No\u0146em piedegu\u0161us taukus, e\u013c\u013cu un sodr\u0113jus no vis\u0101m virtuves virsm\u0101m, k\u0101 ar\u012b traipus no audumiem. Lieto\u0161ana: izsmidziniet produktu uz net\u012bras virsmas. \u013baujiet iedarboties da\u017eas min\u016btes. Not\u012briet ar mitru s\u016bkli. Br\u012bdin\u0101jums: nelietot uz neanod\u0113ta alum\u012bnija, dab\u012bga koka virsm\u0101m un caursp\u012bd\u012bgas plastmasas virsm\u0101m (polikarbon\u0101ta, piem\u0113ram, \u0137iveru aizsargvairogos, du\u0161as kab\u012bn\u0113s). [&#8230;]\n","protected":false},"featured_media":99244,"template":"","meta":[],"product_cat":[1469],"product_tag":[],"class_list":{"0":"post-42725","1":"product","2":"type-product","3":"status-publish","4":"has-post-thumbnail","6":"product_brand-italchimica-it","7":"product_cat-1469","9":"first","10":"instock","11":"taxable","12":"shipping-taxable","13":"product-type-simple"},"_links":{"self":[{"href":"https:\/\/e.kosmolat.eu\/lv\/wp-json\/wp\/v2\/product\/42725","targetHints":{"allow":["GET"]}}],"collection":[{"href":"https:\/\/e.kosmolat.eu\/lv\/wp-json\/wp\/v2\/product"}],"about":[{"href":"https:\/\/e.kosmolat.eu\/lv\/wp-json\/wp\/v2\/types\/product"}],"wp:featuredmedia":[{"embeddable":true,"href":"https:\/\/e.kosmolat.eu\/lv\/wp-json\/wp\/v2\/media\/99244"}],"wp:attachment":[{"href":"https:\/\/e.kosmolat.eu\/lv\/wp-json\/wp\/v2\/media?parent=42725"}],"wp:term":[{"taxonomy":"product_cat","embeddable":true,"href":"https:\/\/e.kosmolat.eu\/lv\/wp-json\/wp\/v2\/product_cat?post=42725"},{"taxonomy":"product_tag","embeddable":true,"href":"https:\/\/e.kosmolat.eu\/lv\/wp-json\/wp\/v2\/product_tag?post=42725"}],"curies":[{"name":"wp","href":"https:\/\/api.w.org\/{rel}","templated":true}]}}