{"id":42689,"date":"2024-01-31T12:05:19","date_gmt":"2024-01-31T12:05:19","guid":{"rendered":"https:\/\/e.kosmolat.eu\/product\/matbea-attirosie-diski-makijazas-nonemsanai-60-gab\/"},"modified":"2025-09-19T22:09:36","modified_gmt":"2025-09-19T22:09:36","slug":"matbea-attirosie-diski-makijazas-nonemsanai-60-gab","status":"publish","type":"product","link":"https:\/\/e.kosmolat.eu\/lv\/product\/matbea-attirosie-diski-makijazas-nonemsanai-60-gab\/","title":{"rendered":"MATBEA Att\u012bro\u0161ie diski makij\u0101\u017eas no\u0146em\u0161anai, 60 gab."},"content":{"rendered":"<p>Efekt\u012bvi no\u0146em makij\u0101\u017eu. Att\u012bra un mitrina \u0101du. SYMDECANOX ir sp\u0113c\u012bgs &scaron;\u016bnu antioksidants, kas mazina kairin\u0101jumu un aps\u0101rtumu veido&scaron;anos, k\u0101 ar\u012b mitrina un aizsarg\u0101 sejas \u0101du. Hialuronsk\u0101be efekt\u012bvi mitrina, atjaunina un izl\u012bdzina \u0101du, paaugstina t\u0101s elast\u012bbu, stimul\u0113 kolag\u0113na izstr\u0101di. Plum\u0113rijas ekstrakts mitrina un baro sauso \u0101du un veicina &scaron;\u016bnu atjauno&scaron;an\u0101s procesus.&nbsp;<\/p>\n<p><strong>Lieto&scaron;ana:<\/strong>&nbsp;ar diska pal\u012bdz\u012bbu&nbsp;not\u012briet makij\u0101\u017eu no sejas \u0101das, k\u0101 ar\u012b no acu \u0101das. &nbsp;<\/p>\n","protected":false},"excerpt":{"rendered":"<p>Efekt\u012bvi no\u0146em makij\u0101\u017eu. Att\u012bra un mitrina \u0101du. SYMDECANOX ir sp\u0113c\u012bgs &scaron;\u016bnu antioksidants, kas mazina kairin\u0101jumu un aps\u0101rtumu veido&scaron;anos, k\u0101 ar\u012b mitrina un aizsarg\u0101 sejas \u0101du. Hialuronsk\u0101be efekt\u012bvi mitrina, atjaunina un izl\u012bdzina \u0101du, paaugstina t\u0101s elast\u012bbu, stimul\u0113 kolag\u0113na izstr\u0101di. Plum\u0113rijas ekstrakts mitrina un baro sauso \u0101du un veicina &scaron;\u016bnu atjauno&scaron;an\u0101s procesus.&nbsp; Lieto&scaron;ana:&nbsp;ar diska pal\u012bdz\u012bbu&nbsp;not\u012briet makij\u0101\u017eu no [&#8230;]\n","protected":false},"featured_media":85826,"template":"","meta":[],"product_cat":[1341],"product_tag":[],"class_list":{"0":"post-42689","1":"product","2":"type-product","3":"status-publish","4":"has-post-thumbnail","6":"product_brand-matbea_sivis_by","7":"product_cat-valomosios-kaukes","9":"first","10":"outofstock","11":"taxable","12":"shipping-taxable","13":"product-type-simple"},"_links":{"self":[{"href":"https:\/\/e.kosmolat.eu\/lv\/wp-json\/wp\/v2\/product\/42689","targetHints":{"allow":["GET"]}}],"collection":[{"href":"https:\/\/e.kosmolat.eu\/lv\/wp-json\/wp\/v2\/product"}],"about":[{"href":"https:\/\/e.kosmolat.eu\/lv\/wp-json\/wp\/v2\/types\/product"}],"wp:featuredmedia":[{"embeddable":true,"href":"https:\/\/e.kosmolat.eu\/lv\/wp-json\/wp\/v2\/media\/85826"}],"wp:attachment":[{"href":"https:\/\/e.kosmolat.eu\/lv\/wp-json\/wp\/v2\/media?parent=42689"}],"wp:term":[{"taxonomy":"product_cat","embeddable":true,"href":"https:\/\/e.kosmolat.eu\/lv\/wp-json\/wp\/v2\/product_cat?post=42689"},{"taxonomy":"product_tag","embeddable":true,"href":"https:\/\/e.kosmolat.eu\/lv\/wp-json\/wp\/v2\/product_tag?post=42689"}],"curies":[{"name":"wp","href":"https:\/\/api.w.org\/{rel}","templated":true}]}}