{"id":42677,"date":"2024-01-31T12:04:22","date_gmt":"2024-01-31T12:04:22","guid":{"rendered":"https:\/\/e.kosmolat.eu\/product\/matbea-vitaminu-serums-ar-niacinamidu-5\/"},"modified":"2025-09-19T22:08:50","modified_gmt":"2025-09-19T22:08:50","slug":"matbea-vitaminu-serums-ar-niacinamidu-5","status":"publish","type":"product","link":"https:\/\/e.kosmolat.eu\/lv\/product\/matbea-vitaminu-serums-ar-niacinamidu-5\/","title":{"rendered":"MATBEA Vitam\u012bnu serums ar niacinam\u012bdu 5%"},"content":{"rendered":"<p>Problem\u0101tiskai \u0101dai. Nov\u0113r&scaron; p\u0101rm\u0113r\u012bgu \u0101das taukainumu, samazina pi\u0146\u0146u daudzumu 8 ned\u0113\u013c\u0101s, saglab\u0101 \u0101das mitrumu.<\/p>\n<ul>\n<li>Niacinam\u012bds &ndash; viena no B3 vitam\u012bna form\u0101m, zin\u0101ma k\u0101 PP vitam\u012bns.<\/li>\n<li>BEAUPLEX VH pa\u0101trina \u0101das atjauno&scaron;an\u0101s procesu un veicina kolag\u0113na pa&scaron;izstr\u0101di.&nbsp;<\/li>\n<li>Alanto\u012bns &ndash; efekt\u012bva viela, kas sniedz nomierino&scaron;u un m\u012bkstino&scaron;u efektu. Stimul\u0113 epidermas atjauno&scaron;anos&nbsp;un&nbsp;aizsarg\u0101 \u0101du no&nbsp;apk\u0101rt\u0113j\u0101s vides kait\u012bg\u0101s&nbsp;iedarb\u012bbas.&nbsp;<\/li>\n<li>Augst\u0101s molekulmasas hialuronsk\u0101be, kuras molekulas neiek\u013c\u016bst \u0101d\u0101, bet paliek uz \u0101das virsmas, veido aizsargbarjeru, kav\u0113 mitruma zudumu.&nbsp;<\/li>\n<\/ul>\n<p><strong>Lieto&scaron;ana: <\/strong>vienm\u0113r\u012bgi<strong>&nbsp;<\/strong>uzkl\u0101t nelielu seruma daudzumu uz t\u012bras \u0101das, izkl\u0101jot ar pirkstgaliem vai mas\u0101\u017eas rull\u012bti. Lietojams ar\u012b k\u0101 b\u0101ze zem makij\u0101\u017eas.<\/p>\n","protected":false},"excerpt":{"rendered":"<p>Problem\u0101tiskai \u0101dai. Nov\u0113r&scaron; p\u0101rm\u0113r\u012bgu \u0101das taukainumu, samazina pi\u0146\u0146u daudzumu 8 ned\u0113\u013c\u0101s, saglab\u0101 \u0101das mitrumu. Niacinam\u012bds &ndash; viena no B3 vitam\u012bna form\u0101m, zin\u0101ma k\u0101 PP vitam\u012bns. BEAUPLEX VH pa\u0101trina \u0101das atjauno&scaron;an\u0101s procesu un veicina kolag\u0113na pa&scaron;izstr\u0101di.&nbsp; Alanto\u012bns &ndash; efekt\u012bva viela, kas sniedz nomierino&scaron;u un m\u012bkstino&scaron;u efektu. Stimul\u0113 epidermas atjauno&scaron;anos&nbsp;un&nbsp;aizsarg\u0101 \u0101du no&nbsp;apk\u0101rt\u0113j\u0101s vides kait\u012bg\u0101s&nbsp;iedarb\u012bbas.&nbsp; Augst\u0101s molekulmasas hialuronsk\u0101be, [&#8230;]\n","protected":false},"featured_media":85814,"template":"","meta":[],"product_cat":[1325],"product_tag":[],"class_list":{"0":"post-42677","1":"product","2":"type-product","3":"status-publish","4":"has-post-thumbnail","6":"product_brand-matbea_sivis_by","7":"product_cat-serumi","9":"first","10":"outofstock","11":"taxable","12":"shipping-taxable","13":"product-type-simple"},"_links":{"self":[{"href":"https:\/\/e.kosmolat.eu\/lv\/wp-json\/wp\/v2\/product\/42677","targetHints":{"allow":["GET"]}}],"collection":[{"href":"https:\/\/e.kosmolat.eu\/lv\/wp-json\/wp\/v2\/product"}],"about":[{"href":"https:\/\/e.kosmolat.eu\/lv\/wp-json\/wp\/v2\/types\/product"}],"wp:featuredmedia":[{"embeddable":true,"href":"https:\/\/e.kosmolat.eu\/lv\/wp-json\/wp\/v2\/media\/85814"}],"wp:attachment":[{"href":"https:\/\/e.kosmolat.eu\/lv\/wp-json\/wp\/v2\/media?parent=42677"}],"wp:term":[{"taxonomy":"product_cat","embeddable":true,"href":"https:\/\/e.kosmolat.eu\/lv\/wp-json\/wp\/v2\/product_cat?post=42677"},{"taxonomy":"product_tag","embeddable":true,"href":"https:\/\/e.kosmolat.eu\/lv\/wp-json\/wp\/v2\/product_tag?post=42677"}],"curies":[{"name":"wp","href":"https:\/\/api.w.org\/{rel}","templated":true}]}}