{"id":42673,"date":"2024-01-31T12:04:03","date_gmt":"2024-01-31T12:04:03","guid":{"rendered":"https:\/\/e.kosmolat.eu\/product\/matbea-aktivs-bio-serums-ar-alveju-30-ml\/"},"modified":"2025-09-19T22:08:29","modified_gmt":"2025-09-19T22:08:29","slug":"matbea-aktivs-bio-serums-ar-alveju-30-ml","status":"publish","type":"product","link":"https:\/\/e.kosmolat.eu\/lv\/product\/matbea-aktivs-bio-serums-ar-alveju-30-ml\/","title":{"rendered":"MATBEA Akt\u012bvs bio serums ar alveju, 30 ml"},"content":{"rendered":"<p>Intens\u012bvi mitrina un nomierina, pa\u0101trina \u0101das atjauno&scaron;an\u0101s procesus. Lietojama ar\u012b ka b\u0101ze zem makij\u0101\u017eas.<\/p>\n<p>Alveja intens\u012bvi mitrina un nomierina sejas \u0101du, pal\u012bdz ilgsto&scaron;i palikt svaigai un tvirtai. Polisahar\u012bdi un augsts vitam\u012bnu saturs alvej\u0101 sniedz m\u012bkstino&scaron;u iedarb\u012bbu, k\u0101 ar\u012b pa\u0101trina \u0101das atjauno&scaron;an\u0101s procesus.&nbsp;<\/p>\n<p>Alanto\u012bns &ndash; efekt\u012bva viela, kss sniedz nomierino&scaron;u un m\u012bkstino&scaron;u iedarb\u012bbu. Stimul\u0113 epidermas atjauno&scaron;anu un efekt\u012bvi aizsarg\u0101 \u0101du pret apk\u0101rt\u0113j\u0101s vides negat\u012bvo ietekmi.<\/p>\n<p>Pateicoties savam higroskopiskumam un augstai iek\u013c\u016b&scaron;anas sp\u0113jai, pantenols pieg\u0101d\u0101 \u016bdeni dzi\u013cajos epidermas sl\u0101\u0146os. Pantotensk\u0101be, kas veidojas pantenola oksid\u0113&scaron;anas rezult\u0101t\u0101, izl\u012bdzina \u0101das reljefu un veicina t\u0101s atjauno&scaron;anos.&nbsp;<\/p>\n<p>Augst\u0101s molekulmasas hialuronsk\u0101be, kuras molekulas neiek\u013c\u016bst \u0101d\u0101, bet paliek uz \u0101das virsmas, veido aizsargsl\u0101ni un kav\u0113 mitruma zudumu.<\/p>\n<p><strong>Lieto&scaron;ana: <\/strong>vienm\u0113r\u012bgi&nbsp;uzkl\u0101t nelielu seruma daudzumu uz t\u012bras \u0101das, izkl\u0101jot ar pirkstgaliem vai mas\u0101\u017eas rull\u012bti.<\/p>\n","protected":false},"excerpt":{"rendered":"<p>Intens\u012bvi mitrina un nomierina, pa\u0101trina \u0101das atjauno&scaron;an\u0101s procesus. Lietojama ar\u012b ka b\u0101ze zem makij\u0101\u017eas. Alveja intens\u012bvi mitrina un nomierina sejas \u0101du, pal\u012bdz ilgsto&scaron;i palikt svaigai un tvirtai. Polisahar\u012bdi un augsts vitam\u012bnu saturs alvej\u0101 sniedz m\u012bkstino&scaron;u iedarb\u012bbu, k\u0101 ar\u012b pa\u0101trina \u0101das atjauno&scaron;an\u0101s procesus.&nbsp; Alanto\u012bns &ndash; efekt\u012bva viela, kss sniedz nomierino&scaron;u un m\u012bkstino&scaron;u iedarb\u012bbu. Stimul\u0113 epidermas atjauno&scaron;anu [&#8230;]\n","protected":false},"featured_media":85810,"template":"","meta":[],"product_cat":[1325],"product_tag":[],"class_list":{"0":"post-42673","1":"product","2":"type-product","3":"status-publish","4":"has-post-thumbnail","6":"product_brand-matbea_sivis_by","7":"product_cat-serumi","9":"first","10":"outofstock","11":"taxable","12":"shipping-taxable","13":"product-type-simple"},"_links":{"self":[{"href":"https:\/\/e.kosmolat.eu\/lv\/wp-json\/wp\/v2\/product\/42673","targetHints":{"allow":["GET"]}}],"collection":[{"href":"https:\/\/e.kosmolat.eu\/lv\/wp-json\/wp\/v2\/product"}],"about":[{"href":"https:\/\/e.kosmolat.eu\/lv\/wp-json\/wp\/v2\/types\/product"}],"wp:featuredmedia":[{"embeddable":true,"href":"https:\/\/e.kosmolat.eu\/lv\/wp-json\/wp\/v2\/media\/85810"}],"wp:attachment":[{"href":"https:\/\/e.kosmolat.eu\/lv\/wp-json\/wp\/v2\/media?parent=42673"}],"wp:term":[{"taxonomy":"product_cat","embeddable":true,"href":"https:\/\/e.kosmolat.eu\/lv\/wp-json\/wp\/v2\/product_cat?post=42673"},{"taxonomy":"product_tag","embeddable":true,"href":"https:\/\/e.kosmolat.eu\/lv\/wp-json\/wp\/v2\/product_tag?post=42673"}],"curies":[{"name":"wp","href":"https:\/\/api.w.org\/{rel}","templated":true}]}}