{"id":42609,"date":"2024-01-31T12:00:49","date_gmt":"2024-01-31T12:00:49","guid":{"rendered":"https:\/\/e.kosmolat.eu\/product\/baroness-auduma-maska-ar-zensena-ekstraktu-21-g\/"},"modified":"2026-04-15T15:14:36","modified_gmt":"2026-04-15T15:14:36","slug":"baroness-auduma-maska-ar-zensena-ekstraktu-21-g","status":"publish","type":"product","link":"https:\/\/e.kosmolat.eu\/lv\/product\/baroness-auduma-maska-ar-zensena-ekstraktu-21-g\/","title":{"rendered":"BARONESS Auduma maska ar ze\u0146\u0161e\u0146a ekstraktu, 21 g"},"content":{"rendered":"<p>BARONESS Auduma maska ar \u017ee\u0146\u0161e\u0146a ekstraktu<br \/>\n&Scaron;\u012b \u0101dai pieska\u0146ot\u0101 maska pal\u012bdz j\u016bsu \u0101dai b\u016bt elast\u012bgai un izskat\u012bties jaun\u0101kai, radot mitrino\u0161u efektu un veidojot pl\u0113vi uz \u0101das, kas j\u016btama z\u012bdaina un svaiga.<br \/>\nBaroness Red Ginseng augsti koncentr\u0113ta barojo\u0161a auduma maska satur sarkan\u0101 \u017ee\u0146\u0161e\u0146a ekstraktus, kas pal\u012bdz atjaunot \u0101das gludumu un tvirtumu. Atdz\u012bvina noguru\u0161u \u0101du, samazina plankumus un saglab\u0101 \u0101du atsvaidzin\u0101tu un mirdzo\u0161u.<br \/>\nLieto\u0161ana: 1. P\u0113c t\u012br\u012b\u0161anas k\u0101rt\u012bgi nosusiniet seju. 2. Uzkl\u0101jiet masku uz sejas. 3. Atst\u0101jiet iedarboties 15-20 min\u016btes. 4. No\u0146emiet masku un viegli iepli\u0137\u0113jiet seju ar pirkstu galiem. Nav nepiecie\u0161ams skalot, \u013caujot t\u0101l\u0101kai uzs\u016bk\u0161anai.<br \/>\nUzman\u012bbu: Tikai \u0101r\u0113jai lieto\u0161anai. Nelietot uz boj\u0101tas \u0101das. Izvairieties no saskares ar ac\u012bm. Ja par\u0101d\u0101s kairin\u0101jums un\/vai izsitumi, r\u016bp\u012bgi nomazg\u0101jiet ar \u016bdeni un nekav\u0113joties p\u0101rtrauciet lieto\u0161anu. Apmekl\u0113jiet \u0101rstu, ja simptomi saglab\u0101jas. Sarg\u0101t no b\u0113rniem.<br \/>\n&nbsp;<\/p>\n","protected":false},"excerpt":{"rendered":"<p>BARONESS Auduma maska ar \u017ee\u0146\u0161e\u0146a ekstraktu &Scaron;\u012b \u0101dai pieska\u0146ot\u0101 maska pal\u012bdz j\u016bsu \u0101dai b\u016bt elast\u012bgai un izskat\u012bties jaun\u0101kai, radot mitrino\u0161u efektu un veidojot pl\u0113vi uz \u0101das, kas j\u016btama z\u012bdaina un svaiga. Baroness Red Ginseng augsti koncentr\u0113ta barojo\u0161a auduma maska satur sarkan\u0101 \u017ee\u0146\u0161e\u0146a ekstraktus, kas pal\u012bdz atjaunot \u0101das gludumu un tvirtumu. Atdz\u012bvina noguru\u0161u \u0101du, samazina plankumus [&#8230;]\n","protected":false},"featured_media":0,"template":"","meta":[],"product_cat":[1999],"product_tag":[],"class_list":{"0":"post-42609","1":"product","2":"type-product","3":"status-publish","5":"product_brand-eurus_pl","6":"product_cat-bez-kategorijas","8":"first","9":"outofstock","10":"taxable","11":"shipping-taxable","12":"product-type-simple"},"_links":{"self":[{"href":"https:\/\/e.kosmolat.eu\/lv\/wp-json\/wp\/v2\/product\/42609","targetHints":{"allow":["GET"]}}],"collection":[{"href":"https:\/\/e.kosmolat.eu\/lv\/wp-json\/wp\/v2\/product"}],"about":[{"href":"https:\/\/e.kosmolat.eu\/lv\/wp-json\/wp\/v2\/types\/product"}],"wp:attachment":[{"href":"https:\/\/e.kosmolat.eu\/lv\/wp-json\/wp\/v2\/media?parent=42609"}],"wp:term":[{"taxonomy":"product_cat","embeddable":true,"href":"https:\/\/e.kosmolat.eu\/lv\/wp-json\/wp\/v2\/product_cat?post=42609"},{"taxonomy":"product_tag","embeddable":true,"href":"https:\/\/e.kosmolat.eu\/lv\/wp-json\/wp\/v2\/product_tag?post=42609"}],"curies":[{"name":"wp","href":"https:\/\/api.w.org\/{rel}","templated":true}]}}