{"id":42597,"date":"2024-01-31T12:00:08","date_gmt":"2024-01-31T12:00:08","guid":{"rendered":"https:\/\/e.kosmolat.eu\/product\/baroness-syn-ake-auduma-maska-21-g\/"},"modified":"2025-07-24T10:30:41","modified_gmt":"2025-07-24T10:30:41","slug":"baroness-syn-ake-auduma-maska-21-g","status":"publish","type":"product","link":"https:\/\/e.kosmolat.eu\/lv\/product\/baroness-syn-ake-auduma-maska-21-g\/","title":{"rendered":"BARONESS SYN-AKE Auduma maska, 21 g"},"content":{"rendered":"<p>BARONESS SYN-AKE Auduma maska<br \/>\nBaroness Synake \u012bpa\u0161i koncentr\u0113t\u0101 barojo\u0161\u0101 maska satur Synake ekstraktus, kas pal\u012bdz mitrin\u0101t, pacelt un savilkt \u0101du. Samazina grumbas un mazina noveco\u0161an\u0101s paz\u012bmes. Seja izskat\u0101s glud\u0101ka un jaun\u0101ka.<br \/>\nLieto\u0161ana: 1. P\u0113c t\u012br\u012b\u0161anas k\u0101rt\u012bgi nosusiniet seju. 2. Uzkl\u0101jiet masku uz sejas. 3. Atst\u0101jiet iedarboties 15-20 min\u016btes. 4. No\u0146emiet masku un viegli iepli\u0137\u0113jiet seju ar pirkstu galiem. Nav nepiecie\u0161ams skalot, \u013caujot t\u0101l\u0101kai uzs\u016bk\u0161anai.<br \/>\nUzman\u012bbu: Tikai \u0101r\u0113jai lieto\u0161anai. Nelietot uz boj\u0101tas \u0101das. Izvairieties no saskares ar ac\u012bm. Ja par\u0101d\u0101s kairin\u0101jums un\/vai izsitumi, r\u016bp\u012bgi nomazg\u0101jiet ar \u016bdeni un nekav\u0113joties p\u0101rtrauciet lieto\u0161anu. Apmekl\u0113jiet \u0101rstu, ja simptomi saglab\u0101jas. Sarg\u0101t no b\u0113rniem.<br \/>\n&nbsp;<\/p>\n","protected":false},"excerpt":{"rendered":"<p>BARONESS SYN-AKE Auduma maska Baroness Synake \u012bpa\u0161i koncentr\u0113t\u0101 barojo\u0161\u0101 maska satur Synake ekstraktus, kas pal\u012bdz mitrin\u0101t, pacelt un savilkt \u0101du. Samazina grumbas un mazina noveco\u0161an\u0101s paz\u012bmes. Seja izskat\u0101s glud\u0101ka un jaun\u0101ka. Lieto\u0161ana: 1. P\u0113c t\u012br\u012b\u0161anas k\u0101rt\u012bgi nosusiniet seju. 2. Uzkl\u0101jiet masku uz sejas. 3. Atst\u0101jiet iedarboties 15-20 min\u016btes. 4. No\u0146emiet masku un viegli iepli\u0137\u0113jiet seju [&#8230;]\n","protected":false},"featured_media":932,"template":"","meta":[],"product_cat":[1369],"product_tag":[],"class_list":{"0":"post-42597","1":"product","2":"type-product","3":"status-publish","4":"has-post-thumbnail","6":"product_brand-eurus_pl","7":"product_cat-veido-kaukes","9":"first","10":"outofstock","11":"taxable","12":"shipping-taxable","13":"product-type-simple"},"_links":{"self":[{"href":"https:\/\/e.kosmolat.eu\/lv\/wp-json\/wp\/v2\/product\/42597","targetHints":{"allow":["GET"]}}],"collection":[{"href":"https:\/\/e.kosmolat.eu\/lv\/wp-json\/wp\/v2\/product"}],"about":[{"href":"https:\/\/e.kosmolat.eu\/lv\/wp-json\/wp\/v2\/types\/product"}],"wp:featuredmedia":[{"embeddable":true,"href":"https:\/\/e.kosmolat.eu\/lv\/wp-json\/wp\/v2\/media\/932"}],"wp:attachment":[{"href":"https:\/\/e.kosmolat.eu\/lv\/wp-json\/wp\/v2\/media?parent=42597"}],"wp:term":[{"taxonomy":"product_cat","embeddable":true,"href":"https:\/\/e.kosmolat.eu\/lv\/wp-json\/wp\/v2\/product_cat?post=42597"},{"taxonomy":"product_tag","embeddable":true,"href":"https:\/\/e.kosmolat.eu\/lv\/wp-json\/wp\/v2\/product_tag?post=42597"}],"curies":[{"name":"wp","href":"https:\/\/api.w.org\/{rel}","templated":true}]}}