{"id":42569,"date":"2024-01-31T11:58:45","date_gmt":"2024-01-31T11:58:45","guid":{"rendered":"https:\/\/e.kosmolat.eu\/product\/dr-s-hyaluron-hair-sampuns-deep-hydration-1-l\/"},"modified":"2025-03-10T11:10:32","modified_gmt":"2025-03-10T11:10:32","slug":"i_dr-s-hyaluron-hair-sampuns-deep-hydration-1-l","status":"publish","type":"product","link":"https:\/\/e.kosmolat.eu\/lv\/product\/i_dr-s-hyaluron-hair-sampuns-deep-hydration-1-l\/","title":{"rendered":"I_Dr.S.HYALURON HAIR \u0160amp\u016bns Deep hydration, 1 l"},"content":{"rendered":"<p>Hyaluron Hair s\u0113rija ir matu mitrin\u0101&scaron;anas programma. Hialuronsk\u0101bes molekulu un dab\u012bg\u0101 mitrino&scaron;\u0101 kompleksa siner\u0123ija nodro&scaron;ina 3D efektu: sp\u012bdumu, gludumu, elast\u012bbu.<\/p>\n<ul>\n<li>Mitrino&scaron;ais komplekss 4in1 ir augu izcelsmes mitrin\u0101t\u0101ju un da\u017e\u0101das masas hialuronsk\u0101bes molekulu apvienojums optimiz\u0113tas lok\u0101las \u016bdens buferpl\u0113ves izveidei uz mata stiebra.<\/li>\n<li>Bezsulf\u0101tu &scaron;amp\u016bns nodro&scaron;ina maksim\u0101li saudz\u012bgu kop&scaron;anu un att\u012br\u012b&scaron;anu.<\/li>\n<li>Hialuronsk\u0101be nodro&scaron;ina nepiecie&scaron;amo galvas \u0101das mitrin\u0101&scaron;anu, uzlabo matu dabisko \u016bdens l\u012bdzsvaru.&nbsp;<\/li>\n<li>Alvejas \u017eeleja uztur nepiecie&scaron;amu mitruma l\u012bmeni un nov\u0113r&scaron; matu l\u016b&scaron;anu.<\/li>\n<\/ul>\n<p><strong>Lieto&scaron;ana:<\/strong> uzkl\u0101t uz mitriem matiem, saputot, &nbsp;r\u016bp\u012bgi noskalot ar \u016bdeni.&nbsp;<\/p>\n<p><strong>Piesardz\u012bbas pas\u0101kumi: <\/strong>ja iek\u013c\u016bst ac\u012bs, izskalot ar \u016bdeni.&nbsp;<\/p>\n<p>Uzglab\u0101t temperat\u016br\u0101 no &nbsp;+5 &deg;C l\u012bdz +25 &deg;C.<br \/>\n&nbsp;<\/p>\n","protected":false},"excerpt":{"rendered":"<p>Hyaluron Hair s\u0113rija ir matu mitrin\u0101&scaron;anas programma. Hialuronsk\u0101bes molekulu un dab\u012bg\u0101 mitrino&scaron;\u0101 kompleksa siner\u0123ija nodro&scaron;ina 3D efektu: sp\u012bdumu, gludumu, elast\u012bbu. Mitrino&scaron;ais komplekss 4in1 ir augu izcelsmes mitrin\u0101t\u0101ju un da\u017e\u0101das masas hialuronsk\u0101bes molekulu apvienojums optimiz\u0113tas lok\u0101las \u016bdens buferpl\u0113ves izveidei uz mata stiebra. Bezsulf\u0101tu &scaron;amp\u016bns nodro&scaron;ina maksim\u0101li saudz\u012bgu kop&scaron;anu un att\u012br\u012b&scaron;anu. Hialuronsk\u0101be nodro&scaron;ina nepiecie&scaron;amo galvas \u0101das mitrin\u0101&scaron;anu, [&#8230;]\n","protected":false},"featured_media":42573,"template":"","meta":[],"product_cat":[1248],"product_tag":[],"class_list":{"0":"post-42569","1":"product","2":"type-product","3":"status-publish","4":"has-post-thumbnail","6":"product_brand-elfa_ua","7":"product_cat-sampuni","9":"first","10":"outofstock","11":"taxable","12":"shipping-taxable","13":"product-type-simple"},"_links":{"self":[{"href":"https:\/\/e.kosmolat.eu\/lv\/wp-json\/wp\/v2\/product\/42569","targetHints":{"allow":["GET"]}}],"collection":[{"href":"https:\/\/e.kosmolat.eu\/lv\/wp-json\/wp\/v2\/product"}],"about":[{"href":"https:\/\/e.kosmolat.eu\/lv\/wp-json\/wp\/v2\/types\/product"}],"wp:featuredmedia":[{"embeddable":true,"href":"https:\/\/e.kosmolat.eu\/lv\/wp-json\/wp\/v2\/media\/42573"}],"wp:attachment":[{"href":"https:\/\/e.kosmolat.eu\/lv\/wp-json\/wp\/v2\/media?parent=42569"}],"wp:term":[{"taxonomy":"product_cat","embeddable":true,"href":"https:\/\/e.kosmolat.eu\/lv\/wp-json\/wp\/v2\/product_cat?post=42569"},{"taxonomy":"product_tag","embeddable":true,"href":"https:\/\/e.kosmolat.eu\/lv\/wp-json\/wp\/v2\/product_tag?post=42569"}],"curies":[{"name":"wp","href":"https:\/\/api.w.org\/{rel}","templated":true}]}}