{"id":42508,"date":"2024-01-31T11:52:04","date_gmt":"2024-01-31T11:52:04","guid":{"rendered":"https:\/\/e.kosmolat.eu\/product\/klasika-z-pasta-propoliss-150-g\/"},"modified":"2025-05-16T14:48:09","modified_gmt":"2025-05-16T14:48:09","slug":"klasika-z-pasta-propoliss-150-g","status":"publish","type":"product","link":"https:\/\/e.kosmolat.eu\/lv\/product\/klasika-z-pasta-propoliss-150-g\/","title":{"rendered":"Klasika Z.pasta Propoliss, 150 g"},"content":{"rendered":"<p>Zobu pastu &#8220;Propoliss&#8221;, kas satur propolisa \u0101rstniecisko ekstraktu, ieteicams izmantot ikdienas higi\u0113niskai zobu kop\u0161anai, mutes dobuma g\u013cot\u0101das slim\u012bbu un smaganu asi\u0146o\u0161anas kompleks\u0101 terapij\u0101. <\/p>\n<p>Propolisam piem\u012bt pretmikrobu, pretiekaisuma, att\u012bro\u0161a un br\u016bces dzied\u0113jo\u0161a iedarb\u012bba. Mazina smaganu asi\u0146o\u0161anu un t\u016bsku, dzied\u0113 mutes dobuma g\u013cot\u0101du. Propolisa ekstrakts piedal\u0101s patog\u0113no bakt\u0113riju izn\u012bcin\u0101\u0161anas proces\u0101, kas \u013cauj saglab\u0101t veselas smaganas un stiprus zobus. <\/p>\n<p>LIETO\u0160ANA: t\u012briet zobus 2 &#8211; 3 min\u016btes ne ret\u0101k k\u0101 2 reizes dien\u0101, regul\u0101ri apmekl\u0113jiet zob\u0101rstu.<\/p>\n<p>Uzglab\u0101\u0161ana: no 0\u00b0C l\u012bdz +25\u00b0C.<\/p>\n","protected":false},"excerpt":{"rendered":"<p>Zobu pastu &#8220;Propoliss&#8221;, kas satur propolisa \u0101rstniecisko ekstraktu, ieteicams izmantot ikdienas higi\u0113niskai zobu kop\u0161anai, mutes dobuma g\u013cot\u0101das slim\u012bbu un smaganu asi\u0146o\u0161anas kompleks\u0101 terapij\u0101. Propolisam piem\u012bt pretmikrobu, pretiekaisuma, att\u012bro\u0161a un br\u016bces dzied\u0113jo\u0161a iedarb\u012bba. Mazina smaganu asi\u0146o\u0161anu un t\u016bsku, dzied\u0113 mutes dobuma g\u013cot\u0101du. Propolisa ekstrakts piedal\u0101s patog\u0113no bakt\u0113riju izn\u012bcin\u0101\u0161anas proces\u0101, kas \u013cauj saglab\u0101t veselas smaganas un stiprus [&#8230;]\n","protected":false},"featured_media":1832,"template":"","meta":[],"product_cat":[1306],"product_tag":[],"class_list":{"0":"post-42508","1":"product","2":"type-product","3":"status-publish","4":"has-post-thumbnail","6":"product_brand-modum_by","7":"product_cat-zobu-pastas-un-zelejas","9":"first","10":"outofstock","11":"taxable","12":"shipping-taxable","13":"product-type-simple"},"_links":{"self":[{"href":"https:\/\/e.kosmolat.eu\/lv\/wp-json\/wp\/v2\/product\/42508","targetHints":{"allow":["GET"]}}],"collection":[{"href":"https:\/\/e.kosmolat.eu\/lv\/wp-json\/wp\/v2\/product"}],"about":[{"href":"https:\/\/e.kosmolat.eu\/lv\/wp-json\/wp\/v2\/types\/product"}],"wp:featuredmedia":[{"embeddable":true,"href":"https:\/\/e.kosmolat.eu\/lv\/wp-json\/wp\/v2\/media\/1832"}],"wp:attachment":[{"href":"https:\/\/e.kosmolat.eu\/lv\/wp-json\/wp\/v2\/media?parent=42508"}],"wp:term":[{"taxonomy":"product_cat","embeddable":true,"href":"https:\/\/e.kosmolat.eu\/lv\/wp-json\/wp\/v2\/product_cat?post=42508"},{"taxonomy":"product_tag","embeddable":true,"href":"https:\/\/e.kosmolat.eu\/lv\/wp-json\/wp\/v2\/product_tag?post=42508"}],"curies":[{"name":"wp","href":"https:\/\/api.w.org\/{rel}","templated":true}]}}