{"id":42496,"date":"2024-01-31T11:51:14","date_gmt":"2024-01-31T11:51:14","guid":{"rendered":"https:\/\/e.kosmolat.eu\/product\/krems-nega-pretgrumbu-44-g\/"},"modified":"2026-04-23T06:05:46","modified_gmt":"2026-04-23T06:05:46","slug":"krems-nega-pretgrumbu-44-g","status":"publish","type":"product","link":"https:\/\/e.kosmolat.eu\/lv\/product\/krems-nega-pretgrumbu-44-g\/","title":{"rendered":"Kr\u0113ms &#8220;Nega&#8221; pretgrumbu, 44 g"},"content":{"rendered":"<p>Avokado e\u013c\u013ca, F vitam\u012bns, divdaivu ginka un za\u013c\u0101s t\u0113jas ekstrakti baro \u0101du, veicina t\u0101s atjauno&scaron;an\u0101s procesus, bet hialuronsk\u0101be dzi\u013ci mitrina \u0101du.<\/p>\n<p><strong>Lieto&scaron;ana: <\/strong>uzkl\u0101t uz t\u012bras \u0101das.<\/p>\n<p><strong>Piesardz\u012bbas pas\u0101kumi:<\/strong> tikai \u0101r\u012bgai lieto&scaron;anai.<\/p>\n<p>Uzglab\u0101t temperat\u016br\u0101 no 0 &deg;C l\u012bdz +25 &deg;C.<br \/>\n&nbsp;<\/p>\n","protected":false},"excerpt":{"rendered":"<p>Avokado e\u013c\u013ca, F vitam\u012bns, divdaivu ginka un za\u013c\u0101s t\u0113jas ekstrakti baro \u0101du, veicina t\u0101s atjauno&scaron;an\u0101s procesus, bet hialuronsk\u0101be dzi\u013ci mitrina \u0101du. Lieto&scaron;ana: uzkl\u0101t uz t\u012bras \u0101das. Piesardz\u012bbas pas\u0101kumi: tikai \u0101r\u012bgai lieto&scaron;anai. Uzglab\u0101t temperat\u016br\u0101 no 0 &deg;C l\u012bdz +25 &deg;C. &nbsp;<\/p>\n","protected":false},"featured_media":79282,"template":"","meta":[],"product_cat":[1320],"product_tag":[],"class_list":{"0":"post-42496","1":"product","2":"type-product","3":"status-publish","4":"has-post-thumbnail","6":"product_brand-fitodoktor_ua","7":"product_cat-sejas-kremi","9":"first","10":"instock","11":"taxable","12":"shipping-taxable","13":"product-type-simple"},"_links":{"self":[{"href":"https:\/\/e.kosmolat.eu\/lv\/wp-json\/wp\/v2\/product\/42496","targetHints":{"allow":["GET"]}}],"collection":[{"href":"https:\/\/e.kosmolat.eu\/lv\/wp-json\/wp\/v2\/product"}],"about":[{"href":"https:\/\/e.kosmolat.eu\/lv\/wp-json\/wp\/v2\/types\/product"}],"wp:featuredmedia":[{"embeddable":true,"href":"https:\/\/e.kosmolat.eu\/lv\/wp-json\/wp\/v2\/media\/79282"}],"wp:attachment":[{"href":"https:\/\/e.kosmolat.eu\/lv\/wp-json\/wp\/v2\/media?parent=42496"}],"wp:term":[{"taxonomy":"product_cat","embeddable":true,"href":"https:\/\/e.kosmolat.eu\/lv\/wp-json\/wp\/v2\/product_cat?post=42496"},{"taxonomy":"product_tag","embeddable":true,"href":"https:\/\/e.kosmolat.eu\/lv\/wp-json\/wp\/v2\/product_tag?post=42496"}],"curies":[{"name":"wp","href":"https:\/\/api.w.org\/{rel}","templated":true}]}}