{"id":42492,"date":"2024-01-31T11:50:57","date_gmt":"2024-01-31T11:50:57","guid":{"rendered":"https:\/\/e.kosmolat.eu\/product\/effect-odekolons-triskarsais-180-ml\/"},"modified":"2025-10-28T14:53:27","modified_gmt":"2025-10-28T14:53:27","slug":"effect-odekolons-triskarsais-180-ml","status":"publish","type":"product","link":"https:\/\/e.kosmolat.eu\/lv\/product\/effect-odekolons-triskarsais-180-ml\/","title":{"rendered":"EFFECT Odekolons Tr\u012bsk\u0101r\u0161ais, 180 ml"},"content":{"rendered":"<p>Neizsmidzin\u0101t uz atkl\u0101tas uguns! Izvair\u012bties no nok\u013c\u016b\u0161anas ac\u012bs!<\/p>\n<p>UZMAN\u012aBU! Produkcijas izmanto\u0161ana p\u0101rtikas nol\u016bkos ir b\u012bstama j\u016bsu vesel\u012bbai.<\/p>\n<p>Uzglab\u0101\u0161anas temperat\u016bra: No +5\u00b0C l\u012bdz +25\u00b0C.<\/p>\n","protected":false},"excerpt":{"rendered":"<p>Neizsmidzin\u0101t uz atkl\u0101tas uguns! Izvair\u012bties no nok\u013c\u016b\u0161anas ac\u012bs! UZMAN\u012aBU! Produkcijas izmanto\u0161ana p\u0101rtikas nol\u016bkos ir b\u012bstama j\u016bsu vesel\u012bbai. Uzglab\u0101\u0161anas temperat\u016bra: No +5\u00b0C l\u012bdz +25\u00b0C.<\/p>\n","protected":false},"featured_media":79190,"template":"","meta":[],"product_cat":[1315],"product_tag":[],"class_list":{"0":"post-42492","1":"product","2":"type-product","3":"status-publish","4":"has-post-thumbnail","6":"product_brand-effekt_ua","7":"product_cat-odekoloni-un-losjoni","9":"first","10":"instock","11":"taxable","12":"shipping-taxable","13":"product-type-simple"},"_links":{"self":[{"href":"https:\/\/e.kosmolat.eu\/lv\/wp-json\/wp\/v2\/product\/42492","targetHints":{"allow":["GET"]}}],"collection":[{"href":"https:\/\/e.kosmolat.eu\/lv\/wp-json\/wp\/v2\/product"}],"about":[{"href":"https:\/\/e.kosmolat.eu\/lv\/wp-json\/wp\/v2\/types\/product"}],"wp:featuredmedia":[{"embeddable":true,"href":"https:\/\/e.kosmolat.eu\/lv\/wp-json\/wp\/v2\/media\/79190"}],"wp:attachment":[{"href":"https:\/\/e.kosmolat.eu\/lv\/wp-json\/wp\/v2\/media?parent=42492"}],"wp:term":[{"taxonomy":"product_cat","embeddable":true,"href":"https:\/\/e.kosmolat.eu\/lv\/wp-json\/wp\/v2\/product_cat?post=42492"},{"taxonomy":"product_tag","embeddable":true,"href":"https:\/\/e.kosmolat.eu\/lv\/wp-json\/wp\/v2\/product_tag?post=42492"}],"curies":[{"name":"wp","href":"https:\/\/api.w.org\/{rel}","templated":true}]}}