{"id":42484,"date":"2024-01-31T11:50:37","date_gmt":"2024-01-31T11:50:37","guid":{"rendered":"https:\/\/e.kosmolat.eu\/product\/krems-kajam-pret-seniti-44-g\/"},"modified":"2026-04-23T06:04:34","modified_gmt":"2026-04-23T06:04:34","slug":"krems-kajam-pret-seniti-44-g","status":"publish","type":"product","link":"https:\/\/e.kosmolat.eu\/lv\/product\/krems-kajam-pret-seniti-44-g\/","title":{"rendered":"Kr\u0113ms k\u0101j\u0101m pret s\u0113n\u012bti, 44 g"},"content":{"rendered":"<p>Kr\u0113ms k\u0101ju \u0101das higi\u0113niskai kop&scaron;anai ar t\u0113jas koka e\u013c\u013cu un maklejas ekstraktiem. Veicina \u0101das lob\u012b&scaron;anos, mazina k\u0101ju sv\u012b&scaron;anu, atsvaidzina \u0101du.<\/p>\n<p><strong>Lieto&scaron;ana: <\/strong>uzkl\u0101t uz t\u012bras \u0101das.<\/p>\n<p><strong>Piesardz\u012bbas pas\u0101kumi: <\/strong>tikai \u0101r\u012bgai lieto&scaron;anai.<\/p>\n<p>Uzglab\u0101t temperat\u016br\u0101 no 0 &deg;C l\u012bdz +25 &deg;C.<br \/>\n&nbsp;<\/p>\n","protected":false},"excerpt":{"rendered":"<p>Kr\u0113ms k\u0101ju \u0101das higi\u0113niskai kop&scaron;anai ar t\u0113jas koka e\u013c\u013cu un maklejas ekstraktiem. Veicina \u0101das lob\u012b&scaron;anos, mazina k\u0101ju sv\u012b&scaron;anu, atsvaidzina \u0101du. Lieto&scaron;ana: uzkl\u0101t uz t\u012bras \u0101das. Piesardz\u012bbas pas\u0101kumi: tikai \u0101r\u012bgai lieto&scaron;anai. Uzglab\u0101t temperat\u016br\u0101 no 0 &deg;C l\u012bdz +25 &deg;C. &nbsp;<\/p>\n","protected":false},"featured_media":79182,"template":"","meta":[],"product_cat":[1761],"product_tag":[],"class_list":{"0":"post-42484","1":"product","2":"type-product","3":"status-publish","4":"has-post-thumbnail","6":"product_brand-fitodoktor_ua","7":"product_cat-kaju-kopsanas-kosmetika","9":"first","10":"outofstock","11":"taxable","12":"shipping-taxable","13":"product-type-simple"},"_links":{"self":[{"href":"https:\/\/e.kosmolat.eu\/lv\/wp-json\/wp\/v2\/product\/42484","targetHints":{"allow":["GET"]}}],"collection":[{"href":"https:\/\/e.kosmolat.eu\/lv\/wp-json\/wp\/v2\/product"}],"about":[{"href":"https:\/\/e.kosmolat.eu\/lv\/wp-json\/wp\/v2\/types\/product"}],"wp:featuredmedia":[{"embeddable":true,"href":"https:\/\/e.kosmolat.eu\/lv\/wp-json\/wp\/v2\/media\/79182"}],"wp:attachment":[{"href":"https:\/\/e.kosmolat.eu\/lv\/wp-json\/wp\/v2\/media?parent=42484"}],"wp:term":[{"taxonomy":"product_cat","embeddable":true,"href":"https:\/\/e.kosmolat.eu\/lv\/wp-json\/wp\/v2\/product_cat?post=42484"},{"taxonomy":"product_tag","embeddable":true,"href":"https:\/\/e.kosmolat.eu\/lv\/wp-json\/wp\/v2\/product_tag?post=42484"}],"curies":[{"name":"wp","href":"https:\/\/api.w.org\/{rel}","templated":true}]}}