{"id":42480,"date":"2024-01-31T11:50:21","date_gmt":"2024-01-31T11:50:21","guid":{"rendered":"https:\/\/e.kosmolat.eu\/product\/pret-nogurumu-krems-kajam-44-g\/"},"modified":"2026-04-22T10:37:22","modified_gmt":"2026-04-22T10:37:22","slug":"pret-nogurumu-krems-kajam-44-g","status":"publish","type":"product","link":"https:\/\/e.kosmolat.eu\/lv\/product\/pret-nogurumu-krems-kajam-44-g\/","title":{"rendered":"Pret nogurumu kr\u0113ms k\u0101j\u0101m, 44 g"},"content":{"rendered":"<p>Atsvaidzina \u0101du, mazina noguru&scaron;u k\u0101ju sasprindzin\u0101jumu un smagumu. Zirgkasta\u0146as un amoli\u0146a ekstraktu akt\u012bvais komplekss uzlabo asins mikrocirkul\u0101ciju, no\u0146em piet\u016bkumu.<\/p>\n<p><strong>Lieto&scaron;ana: <\/strong>uzkl\u0101t uz t\u012bras \u0101das.<\/p>\n<p><strong>Piesardz\u012bbas pas\u0101kumi:<\/strong> tikai \u0101r\u012bgai lieto&scaron;anai.<\/p>\n<p>Uzglab\u0101t temperat\u016br\u0101 no 0 &deg;C l\u012bdz +25 &deg;C.<br \/>\n&nbsp;<\/p>\n","protected":false},"excerpt":{"rendered":"<p>Atsvaidzina \u0101du, mazina noguru&scaron;u k\u0101ju sasprindzin\u0101jumu un smagumu. Zirgkasta\u0146as un amoli\u0146a ekstraktu akt\u012bvais komplekss uzlabo asins mikrocirkul\u0101ciju, no\u0146em piet\u016bkumu. Lieto&scaron;ana: uzkl\u0101t uz t\u012bras \u0101das. Piesardz\u012bbas pas\u0101kumi: tikai \u0101r\u012bgai lieto&scaron;anai. Uzglab\u0101t temperat\u016br\u0101 no 0 &deg;C l\u012bdz +25 &deg;C. &nbsp;<\/p>\n","protected":false},"featured_media":79170,"template":"","meta":[],"product_cat":[1999],"product_tag":[],"class_list":{"0":"post-42480","1":"product","2":"type-product","3":"status-publish","4":"has-post-thumbnail","6":"product_brand-fitodoktor_ua","7":"product_cat-bez-kategorijas","9":"first","10":"instock","11":"taxable","12":"shipping-taxable","13":"product-type-simple"},"_links":{"self":[{"href":"https:\/\/e.kosmolat.eu\/lv\/wp-json\/wp\/v2\/product\/42480","targetHints":{"allow":["GET"]}}],"collection":[{"href":"https:\/\/e.kosmolat.eu\/lv\/wp-json\/wp\/v2\/product"}],"about":[{"href":"https:\/\/e.kosmolat.eu\/lv\/wp-json\/wp\/v2\/types\/product"}],"wp:featuredmedia":[{"embeddable":true,"href":"https:\/\/e.kosmolat.eu\/lv\/wp-json\/wp\/v2\/media\/79170"}],"wp:attachment":[{"href":"https:\/\/e.kosmolat.eu\/lv\/wp-json\/wp\/v2\/media?parent=42480"}],"wp:term":[{"taxonomy":"product_cat","embeddable":true,"href":"https:\/\/e.kosmolat.eu\/lv\/wp-json\/wp\/v2\/product_cat?post=42480"},{"taxonomy":"product_tag","embeddable":true,"href":"https:\/\/e.kosmolat.eu\/lv\/wp-json\/wp\/v2\/product_tag?post=42480"}],"curies":[{"name":"wp","href":"https:\/\/api.w.org\/{rel}","templated":true}]}}