{"id":42476,"date":"2024-01-31T11:50:04","date_gmt":"2024-01-31T11:50:04","guid":{"rendered":"https:\/\/e.kosmolat.eu\/product\/vazelins-higieniskais-44-g\/"},"modified":"2026-04-02T08:28:05","modified_gmt":"2026-04-02T08:28:05","slug":"vazelins-higieniskais-44-g","status":"publish","type":"product","link":"https:\/\/e.kosmolat.eu\/lv\/product\/vazelins-higieniskais-44-g\/","title":{"rendered":"Vazel\u012bns higieniskais, 44 g"},"content":{"rendered":"<p>M\u012bkstina un aizsarg\u0101 \u0101du no nelabv\u0113l\u012bg\u0101s apk\u0101rt\u0113j\u0101s vides iedarb\u012bbas. Pasarg\u0101 roku \u0101du, veicot saimniec\u012bbas darbus.<\/p>\n<p><strong>Lieto&scaron;ana: <\/strong>uzkl\u0101t uz t\u012bras \u0101das.<\/p>\n<p>Uzglab\u0101t temperat\u016br\u0101 no +5 &deg;C l\u012bdz +25 &deg;C.<\/p>\n","protected":false},"excerpt":{"rendered":"<p>M\u012bkstina un aizsarg\u0101 \u0101du no nelabv\u0113l\u012bg\u0101s apk\u0101rt\u0113j\u0101s vides iedarb\u012bbas. Pasarg\u0101 roku \u0101du, veicot saimniec\u012bbas darbus. Lieto&scaron;ana: uzkl\u0101t uz t\u012bras \u0101das. Uzglab\u0101t temperat\u016br\u0101 no +5 &deg;C l\u012bdz +25 &deg;C.<\/p>\n","protected":false},"featured_media":79142,"template":"","meta":[],"product_cat":[1999],"product_tag":[],"class_list":{"0":"post-42476","1":"product","2":"type-product","3":"status-publish","4":"has-post-thumbnail","6":"product_brand-fitodoktor_ua","7":"product_cat-bez-kategorijas","9":"first","10":"instock","11":"taxable","12":"shipping-taxable","13":"product-type-simple"},"_links":{"self":[{"href":"https:\/\/e.kosmolat.eu\/lv\/wp-json\/wp\/v2\/product\/42476","targetHints":{"allow":["GET"]}}],"collection":[{"href":"https:\/\/e.kosmolat.eu\/lv\/wp-json\/wp\/v2\/product"}],"about":[{"href":"https:\/\/e.kosmolat.eu\/lv\/wp-json\/wp\/v2\/types\/product"}],"wp:featuredmedia":[{"embeddable":true,"href":"https:\/\/e.kosmolat.eu\/lv\/wp-json\/wp\/v2\/media\/79142"}],"wp:attachment":[{"href":"https:\/\/e.kosmolat.eu\/lv\/wp-json\/wp\/v2\/media?parent=42476"}],"wp:term":[{"taxonomy":"product_cat","embeddable":true,"href":"https:\/\/e.kosmolat.eu\/lv\/wp-json\/wp\/v2\/product_cat?post=42476"},{"taxonomy":"product_tag","embeddable":true,"href":"https:\/\/e.kosmolat.eu\/lv\/wp-json\/wp\/v2\/product_tag?post=42476"}],"curies":[{"name":"wp","href":"https:\/\/api.w.org\/{rel}","templated":true}]}}