{"id":42472,"date":"2024-01-31T11:49:48","date_gmt":"2024-01-31T11:49:48","guid":{"rendered":"https:\/\/e.kosmolat.eu\/product\/krems-klingerite-44-g\/"},"modified":"2026-04-22T08:46:01","modified_gmt":"2026-04-22T08:46:01","slug":"krems-klingerite-44-g","status":"publish","type":"product","link":"https:\/\/e.kosmolat.eu\/lv\/product\/krems-klingerite-44-g\/","title":{"rendered":"Kr\u0113ms &#8220;Kli\u0146\u0123er\u012bte&#8221;, 44 g"},"content":{"rendered":"<p>Kli\u0146\u0123er\u012btes un sun\u012b&scaron;a ekstrakti mazina \u0101das lob\u012b&scaron;anos un aps\u0101rtumu. A, C, E vitam\u012bni nov\u0113r&scaron; sausumu un lob\u012b&scaron;anos.&nbsp;<\/p>\n<p><strong>Lieto&scaron;ana: <\/strong>uzkl\u0101t uz t\u012bras \u0101das.<\/p>\n<p><strong>Piesardz\u012bbas pas\u0101kumi: <\/strong>tikai \u0101r\u012bgai lieto&scaron;anai.<\/p>\n<p>Uzglab\u0101t temperat\u016br\u0101 no 0 &deg;C l\u012bdz +25 &deg;C.<br \/>\n&nbsp;<\/p>\n","protected":false},"excerpt":{"rendered":"<p>Kli\u0146\u0123er\u012btes un sun\u012b&scaron;a ekstrakti mazina \u0101das lob\u012b&scaron;anos un aps\u0101rtumu. A, C, E vitam\u012bni nov\u0113r&scaron; sausumu un lob\u012b&scaron;anos.&nbsp; Lieto&scaron;ana: uzkl\u0101t uz t\u012bras \u0101das. Piesardz\u012bbas pas\u0101kumi: tikai \u0101r\u012bgai lieto&scaron;anai. Uzglab\u0101t temperat\u016br\u0101 no 0 &deg;C l\u012bdz +25 &deg;C. &nbsp;<\/p>\n","protected":false},"featured_media":79122,"template":"","meta":[],"product_cat":[1320],"product_tag":[],"class_list":{"0":"post-42472","1":"product","2":"type-product","3":"status-publish","4":"has-post-thumbnail","6":"product_brand-fitodoktor_ua","7":"product_cat-sejas-kremi","9":"first","10":"outofstock","11":"taxable","12":"shipping-taxable","13":"product-type-simple"},"_links":{"self":[{"href":"https:\/\/e.kosmolat.eu\/lv\/wp-json\/wp\/v2\/product\/42472","targetHints":{"allow":["GET"]}}],"collection":[{"href":"https:\/\/e.kosmolat.eu\/lv\/wp-json\/wp\/v2\/product"}],"about":[{"href":"https:\/\/e.kosmolat.eu\/lv\/wp-json\/wp\/v2\/types\/product"}],"wp:featuredmedia":[{"embeddable":true,"href":"https:\/\/e.kosmolat.eu\/lv\/wp-json\/wp\/v2\/media\/79122"}],"wp:attachment":[{"href":"https:\/\/e.kosmolat.eu\/lv\/wp-json\/wp\/v2\/media?parent=42472"}],"wp:term":[{"taxonomy":"product_cat","embeddable":true,"href":"https:\/\/e.kosmolat.eu\/lv\/wp-json\/wp\/v2\/product_cat?post=42472"},{"taxonomy":"product_tag","embeddable":true,"href":"https:\/\/e.kosmolat.eu\/lv\/wp-json\/wp\/v2\/product_tag?post=42472"}],"curies":[{"name":"wp","href":"https:\/\/api.w.org\/{rel}","templated":true}]}}