{"id":42444,"date":"2024-01-31T11:48:13","date_gmt":"2024-01-31T11:48:13","guid":{"rendered":"https:\/\/e.kosmolat.eu\/product\/krems-antoska-pret-veju-un-lietu-70-ml\/"},"modified":"2025-09-19T17:05:07","modified_gmt":"2025-09-19T17:05:07","slug":"i_krems-antoska-pret-veju-un-lietu-70-ml","status":"publish","type":"product","link":"https:\/\/e.kosmolat.eu\/lv\/product\/i_krems-antoska-pret-veju-un-lietu-70-ml\/","title":{"rendered":"I_Kr\u0113ms &#8220;Anto\u0161ka&#8221; pret v\u0113ju un lietu, 70 ml"},"content":{"rendered":"<p>Aizsarg\u0101 b\u0113rna \u0101du no sausumu izraiso&scaron;u laikapst\u0101k\u013cu iedarb\u012bbas (v\u0113j&scaron;, mitrums, migla, lietus, aukstums), m\u012bkstina un mitrina. Nodro&scaron;ina nomierino&scaron;u un aizsarg\u0101jo&scaron;u iedarb\u012bbu. Veicina \u0101das &scaron;\u016bnu atjauno&scaron;an\u0101s procesus. Kr\u0113ms piem\u0113rots ar\u012b pieaugu&scaron;ajiem.<\/p>\n<p><strong>Lieto&scaron;ana:<\/strong> Pirms ie&scaron;anas lauk\u0101 uzkl\u0101t kr\u0113mu uz atkl\u0101t\u0101m \u0101das viet\u0101m.<\/p>\n<p><strong>Piesardz\u012bbas pas\u0101kumi: <\/strong>tikai \u0101r\u012bgai lieto&scaron;anai.<\/p>\n<p>Uzglab\u0101t temperat\u016br\u0101 no 0 &deg;C l\u012bdz +25 &deg;C.<\/p>\n","protected":false},"excerpt":{"rendered":"<p>Aizsarg\u0101 b\u0113rna \u0101du no sausumu izraiso&scaron;u laikapst\u0101k\u013cu iedarb\u012bbas (v\u0113j&scaron;, mitrums, migla, lietus, aukstums), m\u012bkstina un mitrina. Nodro&scaron;ina nomierino&scaron;u un aizsarg\u0101jo&scaron;u iedarb\u012bbu. Veicina \u0101das &scaron;\u016bnu atjauno&scaron;an\u0101s procesus. Kr\u0113ms piem\u0113rots ar\u012b pieaugu&scaron;ajiem. Lieto&scaron;ana: Pirms ie&scaron;anas lauk\u0101 uzkl\u0101t kr\u0113mu uz atkl\u0101t\u0101m \u0101das viet\u0101m. Piesardz\u012bbas pas\u0101kumi: tikai \u0101r\u012bgai lieto&scaron;anai. Uzglab\u0101t temperat\u016br\u0101 no 0 &deg;C l\u012bdz +25 &deg;C.<\/p>\n","protected":false},"featured_media":80438,"template":"","meta":[],"product_cat":[1364],"product_tag":[],"class_list":{"0":"post-42444","1":"product","2":"type-product","3":"status-publish","4":"has-post-thumbnail","6":"product_brand-fitodoktor_ua","7":"product_cat-1364","9":"first","10":"outofstock","11":"taxable","12":"shipping-taxable","13":"product-type-simple"},"_links":{"self":[{"href":"https:\/\/e.kosmolat.eu\/lv\/wp-json\/wp\/v2\/product\/42444","targetHints":{"allow":["GET"]}}],"collection":[{"href":"https:\/\/e.kosmolat.eu\/lv\/wp-json\/wp\/v2\/product"}],"about":[{"href":"https:\/\/e.kosmolat.eu\/lv\/wp-json\/wp\/v2\/types\/product"}],"wp:featuredmedia":[{"embeddable":true,"href":"https:\/\/e.kosmolat.eu\/lv\/wp-json\/wp\/v2\/media\/80438"}],"wp:attachment":[{"href":"https:\/\/e.kosmolat.eu\/lv\/wp-json\/wp\/v2\/media?parent=42444"}],"wp:term":[{"taxonomy":"product_cat","embeddable":true,"href":"https:\/\/e.kosmolat.eu\/lv\/wp-json\/wp\/v2\/product_cat?post=42444"},{"taxonomy":"product_tag","embeddable":true,"href":"https:\/\/e.kosmolat.eu\/lv\/wp-json\/wp\/v2\/product_tag?post=42444"}],"curies":[{"name":"wp","href":"https:\/\/api.w.org\/{rel}","templated":true}]}}