{"id":42440,"date":"2024-01-31T11:47:52","date_gmt":"2024-01-31T11:47:52","guid":{"rendered":"https:\/\/e.kosmolat.eu\/product\/omega-369-sejas-krems-fluids-normalai-adai-48g\/"},"modified":"2025-09-19T19:39:22","modified_gmt":"2025-09-19T19:39:22","slug":"omega-369-sejas-krems-fluids-normalai-adai-48g","status":"publish","type":"product","link":"https:\/\/e.kosmolat.eu\/lv\/product\/omega-369-sejas-krems-fluids-normalai-adai-48g\/","title":{"rendered":"OMEGA 369 Sejas kr\u0113ms-flu\u012bds norm\u0101lai \u0101dai, 48g"},"content":{"rendered":"<p>100% org\u0101nisk\u0101 e\u013c\u013ca Inca Omega Oil intens\u012bvi atjaunojot \u0101du: rezultat\u012bvi samazina kairin\u0101jumu, sniedz ultra-barojo&scaron;u iedarb\u012bbu, pies\u0101tinot &scaron;\u016bnas ar omega 3-6-9 tauksk\u0101b\u0113m, atgrie\u017e \u0101dai tvirtumu un efekt\u012bvi pretojas priek&scaron;laic\u012bgai noveco&scaron;anai. Omega Plus &ndash;saulespu\u0137u, kukur\u016bzu, kun\u017euta, makad\u0101mijas un ol\u012bvu v\u0113rt\u012bgu e\u013c\u013cu komplekss &ndash; nodro&scaron;ina \u0101das lip\u012bdu barjeru atjauno&scaron;anu, rezultat\u012bvi samazina t\u0101s sausumu un savilkt\u012bbu, veicina &scaron;\u016bnu re\u0123ener\u0101ciju, &ldquo;dz\u0113&scaron;ot&rdquo; noguruma un stresa p\u0113das un piepildot \u0101du ar skaistumu un mirdzumu.&nbsp;<\/p>\n<p>Augstas molekul\u0101r\u0101s masas hialuronsk\u0101be nodro&scaron;ina \u0101dai t\u016bl\u012bt\u0113ju mitrin\u0101&scaron;anu, saglab\u0101 \u0101du ar pies\u0101tin\u0101tu mitrumu visas dienas garum\u0101 pateicoties tam aizsarg\u0101 \u0101du pret nov\u012b&scaron;anu un tonusa zuduma. Viegla tekst\u016bra \u013cauj kr\u0113mam viegli uzs\u016bkties, neatst\u0101jot taukainu sp\u012bdumu un lip\u012bguma saj\u016btu. Norm\u0101lai un kombin\u0113tai \u0101dai. Piem\u0113rots lieto&scaron;anai k\u0101 b\u0101ze zem makij\u0101\u017eas.&nbsp;&nbsp;<\/p>\n<p><strong>Lieto&scaron;ana:<\/strong>&nbsp;no r\u012bta uzkl\u0101t kr\u0113mu pa mas\u0101\u017eas l\u012bnij\u0101m uz sejas un kakla \u0101das.&nbsp;&nbsp;<\/p>\n","protected":false},"excerpt":{"rendered":"<p>100% org\u0101nisk\u0101 e\u013c\u013ca Inca Omega Oil intens\u012bvi atjaunojot \u0101du: rezultat\u012bvi samazina kairin\u0101jumu, sniedz ultra-barojo&scaron;u iedarb\u012bbu, pies\u0101tinot &scaron;\u016bnas ar omega 3-6-9 tauksk\u0101b\u0113m, atgrie\u017e \u0101dai tvirtumu un efekt\u012bvi pretojas priek&scaron;laic\u012bgai noveco&scaron;anai. Omega Plus &ndash;saulespu\u0137u, kukur\u016bzu, kun\u017euta, makad\u0101mijas un ol\u012bvu v\u0113rt\u012bgu e\u013c\u013cu komplekss &ndash; nodro&scaron;ina \u0101das lip\u012bdu barjeru atjauno&scaron;anu, rezultat\u012bvi samazina t\u0101s sausumu un savilkt\u012bbu, veicina &scaron;\u016bnu re\u0123ener\u0101ciju, [&#8230;]\n","protected":false},"featured_media":83042,"template":"","meta":[],"product_cat":[1322],"product_tag":[],"class_list":{"0":"post-42440","1":"product","2":"type-product","3":"status-publish","4":"has-post-thumbnail","6":"product_brand-belkosmex_by","7":"product_cat-veido-kremai","9":"first","10":"outofstock","11":"taxable","12":"shipping-taxable","13":"product-type-simple"},"_links":{"self":[{"href":"https:\/\/e.kosmolat.eu\/lv\/wp-json\/wp\/v2\/product\/42440","targetHints":{"allow":["GET"]}}],"collection":[{"href":"https:\/\/e.kosmolat.eu\/lv\/wp-json\/wp\/v2\/product"}],"about":[{"href":"https:\/\/e.kosmolat.eu\/lv\/wp-json\/wp\/v2\/types\/product"}],"wp:featuredmedia":[{"embeddable":true,"href":"https:\/\/e.kosmolat.eu\/lv\/wp-json\/wp\/v2\/media\/83042"}],"wp:attachment":[{"href":"https:\/\/e.kosmolat.eu\/lv\/wp-json\/wp\/v2\/media?parent=42440"}],"wp:term":[{"taxonomy":"product_cat","embeddable":true,"href":"https:\/\/e.kosmolat.eu\/lv\/wp-json\/wp\/v2\/product_cat?post=42440"},{"taxonomy":"product_tag","embeddable":true,"href":"https:\/\/e.kosmolat.eu\/lv\/wp-json\/wp\/v2\/product_tag?post=42440"}],"curies":[{"name":"wp","href":"https:\/\/api.w.org\/{rel}","templated":true}]}}