{"id":42436,"date":"2024-01-31T11:47:32","date_gmt":"2024-01-31T11:47:32","guid":{"rendered":"https:\/\/e.kosmolat.eu\/product\/dk-maska-sejai-pret-novecosanos-ar-augu-placentu-26-g\/"},"modified":"2025-09-19T16:35:21","modified_gmt":"2025-09-19T16:35:21","slug":"i_dk-maska-sejai-pret-novecosanos-ar-augu-placentu-26-g","status":"publish","type":"product","link":"https:\/\/e.kosmolat.eu\/lv\/product\/i_dk-maska-sejai-pret-novecosanos-ar-augu-placentu-26-g\/","title":{"rendered":"I_DK Maska sejai pret noveco\u0161anos Ar augu placentu, 26 g"},"content":{"rendered":"<p>Maska ir paredz\u0113ta intens\u012bvai sejas \u0101das kop\u0161anai pret noveco\u0161anos. Iesak\u0101m lietot masku regul\u0101ri (1 &#8211; 2 reizes ned\u0113\u013c\u0101). To var izmantot ar\u012b k\u0101 ekspress l\u012bdzekli. <\/p>\n<p><b>Augu placenta<\/b> satur aminosk\u0101bju biolo\u0123isko l\u012bmeni, kuras atjauno \u0101das optim\u0101lo mitrin\u0101\u0161anas l\u012bmeni un normaliz\u0113 vielmai\u0146u, k\u0101 rezult\u0101t\u0101 \u0101da k\u013c\u016bs gluda un elast\u012bga. <\/p>\n<p><b>Mikroelementu un miner\u0101ls\u0101\u013cu komplekss<\/b> pies\u0101tina \u0101du ar barojo\u0161iem komponentiem, atjaunojot tonusu, neitraliz\u0113jot kait\u012bgos, br\u012bvos radik\u0101\u013cus un nov\u0113r\u0161ot \u0101das priek\u0161laic\u012bgu noveco\u0161anu. <\/p>\n<h4>Lieto\u0161ana: <\/h4>\n<p>Atveriet iepakojumu, pa\u0146emiet masku, atveriet to! Uzlieciet to uz iepriek\u0161 att\u012br\u012btas sejas \u0101das, lai t\u0101 maksim\u0101li piegu\u013c, izveidojot sejas reljefu! No\u0146emiet masku p\u0113c 20 &#8211; 25 min.! \u0160\u0137idruma p\u0101rpalikumus maigi iespiediet \u0101d\u0101 ar pirkstu gali\u0146iem! Iesak\u0101m pabeigt proced\u016bru ar J\u016bsu \u0101das tipam atbilsto\u0161a kr\u0113ma uzkl\u0101\u0161anu. Maska ir apr\u0113\u0137in\u0101ta vienreiz\u0113jai lieto\u0161anai.\u00a0<\/p>\n","protected":false},"excerpt":{"rendered":"<p>Maska ir paredz\u0113ta intens\u012bvai sejas \u0101das kop\u0161anai pret noveco\u0161anos. Iesak\u0101m lietot masku regul\u0101ri (1 &#8211; 2 reizes ned\u0113\u013c\u0101). To var izmantot ar\u012b k\u0101 ekspress l\u012bdzekli. Augu placenta satur aminosk\u0101bju biolo\u0123isko l\u012bmeni, kuras atjauno \u0101das optim\u0101lo mitrin\u0101\u0161anas l\u012bmeni un normaliz\u0113 vielmai\u0146u, k\u0101 rezult\u0101t\u0101 \u0101da k\u013c\u016bs gluda un elast\u012bga. Mikroelementu un miner\u0101ls\u0101\u013cu komplekss pies\u0101tina \u0101du ar barojo\u0161iem [&#8230;]\n","protected":false},"featured_media":79782,"template":"","meta":[],"product_cat":[1369],"product_tag":[],"class_list":{"0":"post-42436","1":"product","2":"type-product","3":"status-publish","4":"has-post-thumbnail","6":"product_brand-belkosmex_by","7":"product_cat-veido-kaukes","9":"first","10":"outofstock","11":"taxable","12":"shipping-taxable","13":"product-type-simple"},"_links":{"self":[{"href":"https:\/\/e.kosmolat.eu\/lv\/wp-json\/wp\/v2\/product\/42436","targetHints":{"allow":["GET"]}}],"collection":[{"href":"https:\/\/e.kosmolat.eu\/lv\/wp-json\/wp\/v2\/product"}],"about":[{"href":"https:\/\/e.kosmolat.eu\/lv\/wp-json\/wp\/v2\/types\/product"}],"wp:featuredmedia":[{"embeddable":true,"href":"https:\/\/e.kosmolat.eu\/lv\/wp-json\/wp\/v2\/media\/79782"}],"wp:attachment":[{"href":"https:\/\/e.kosmolat.eu\/lv\/wp-json\/wp\/v2\/media?parent=42436"}],"wp:term":[{"taxonomy":"product_cat","embeddable":true,"href":"https:\/\/e.kosmolat.eu\/lv\/wp-json\/wp\/v2\/product_cat?post=42436"},{"taxonomy":"product_tag","embeddable":true,"href":"https:\/\/e.kosmolat.eu\/lv\/wp-json\/wp\/v2\/product_tag?post=42436"}],"curies":[{"name":"wp","href":"https:\/\/api.w.org\/{rel}","templated":true}]}}