{"id":42428,"date":"2024-01-31T11:47:13","date_gmt":"2024-01-31T11:47:13","guid":{"rendered":"https:\/\/e.kosmolat.eu\/product\/dr-s-macadamia-hair-sprejs-matiem-150-ml\/"},"modified":"2025-09-23T10:37:13","modified_gmt":"2025-09-23T10:37:13","slug":"i_dr-s-macadamia-hair-sprejs-matiem-150-ml","status":"publish","type":"product","link":"https:\/\/e.kosmolat.eu\/lv\/product\/i_dr-s-macadamia-hair-sprejs-matiem-150-ml\/","title":{"rendered":"I_&#8221;Dr.S Macadamia Hair&#8221; Sprejs matiem, 150 ml"},"content":{"rendered":"<p>Viegls sprejs stiprina un mitrina matus, mazinot to &scaron;\u0137el&scaron;anos. Izl\u012bdzina un pie&scaron;\u0137ir matiem sp\u012bdumu, nodro&scaron;inot vieglu \u0137emm\u0113&scaron;anu. Nenoslogo. Satur 100% makad\u0101mijas e\u013c\u013cu un kerat\u012bnu. Nov\u0101jin\u0101tu matu atjauno&scaron;ana un aizsardz\u012bba.<\/p>\n<p><strong>Lieto&scaron;ana:<\/strong> izsmidzin\u0101t no 15-20 cm att\u0101luma uz t\u012briem sausiem vai mitriem matiem. Nenoskalot.<\/p>\n<p><strong>Piesardz\u012bbas pas\u0101kumi:<\/strong> tikai \u0101r\u012bgai lieto&scaron;anai. Ja nok\u013c\u016bst ac\u012bs, r\u016bp\u012bgi izskalot ar \u016bdeni.&nbsp;Iesp\u0113jama paaugstin\u0101ta individu\u0101l\u0101 jut\u012bba pret atsevi&scaron;\u0137\u0101m sast\u0101vda\u013c\u0101m.<\/p>\n<p>Uzglab\u0101t temperat\u016br\u0101 no +5 &deg;\u0421 l\u012bdz +25 &deg;\u0421.<\/p>\n<p><strong>Der\u012bguma termi\u0146&scaron;: <\/strong>30 m\u0113ne&scaron;i no izgatavo&scaron;anas datuma.<\/p>\n","protected":false},"excerpt":{"rendered":"<p>Viegls sprejs stiprina un mitrina matus, mazinot to &scaron;\u0137el&scaron;anos. Izl\u012bdzina un pie&scaron;\u0137ir matiem sp\u012bdumu, nodro&scaron;inot vieglu \u0137emm\u0113&scaron;anu. Nenoslogo. Satur 100% makad\u0101mijas e\u013c\u013cu un kerat\u012bnu. Nov\u0101jin\u0101tu matu atjauno&scaron;ana un aizsardz\u012bba. Lieto&scaron;ana: izsmidzin\u0101t no 15-20 cm att\u0101luma uz t\u012briem sausiem vai mitriem matiem. Nenoskalot. Piesardz\u012bbas pas\u0101kumi: tikai \u0101r\u012bgai lieto&scaron;anai. Ja nok\u013c\u016bst ac\u012bs, r\u016bp\u012bgi izskalot ar \u016bdeni.&nbsp;Iesp\u0113jama paaugstin\u0101ta [&#8230;]\n","protected":false},"featured_media":96545,"template":"","meta":[],"product_cat":[1345],"product_tag":[],"class_list":{"0":"post-42428","1":"product","2":"type-product","3":"status-publish","4":"has-post-thumbnail","6":"product_brand-elfa_ua","7":"product_cat-kitos-plauku-prieziuros-priemones","9":"first","10":"outofstock","11":"taxable","12":"shipping-taxable","13":"product-type-simple"},"_links":{"self":[{"href":"https:\/\/e.kosmolat.eu\/lv\/wp-json\/wp\/v2\/product\/42428","targetHints":{"allow":["GET"]}}],"collection":[{"href":"https:\/\/e.kosmolat.eu\/lv\/wp-json\/wp\/v2\/product"}],"about":[{"href":"https:\/\/e.kosmolat.eu\/lv\/wp-json\/wp\/v2\/types\/product"}],"wp:featuredmedia":[{"embeddable":true,"href":"https:\/\/e.kosmolat.eu\/lv\/wp-json\/wp\/v2\/media\/96545"}],"wp:attachment":[{"href":"https:\/\/e.kosmolat.eu\/lv\/wp-json\/wp\/v2\/media?parent=42428"}],"wp:term":[{"taxonomy":"product_cat","embeddable":true,"href":"https:\/\/e.kosmolat.eu\/lv\/wp-json\/wp\/v2\/product_cat?post=42428"},{"taxonomy":"product_tag","embeddable":true,"href":"https:\/\/e.kosmolat.eu\/lv\/wp-json\/wp\/v2\/product_tag?post=42428"}],"curies":[{"name":"wp","href":"https:\/\/api.w.org\/{rel}","templated":true}]}}