{"id":42412,"date":"2024-01-31T11:46:29","date_gmt":"2024-01-31T11:46:29","guid":{"rendered":"https:\/\/e.kosmolat.eu\/product\/dd-krems-balzams-bisu-inde-un-hondroitins-75-ml\/"},"modified":"2026-04-23T09:26:45","modified_gmt":"2026-04-23T09:26:45","slug":"dd-krems-balzams-bisu-inde-un-hondroitins-75-ml","status":"publish","type":"product","link":"https:\/\/e.kosmolat.eu\/lv\/product\/dd-krems-balzams-bisu-inde-un-hondroitins-75-ml\/","title":{"rendered":"&#8220;DD&#8221; Kr\u0113ms-balzams &#8220;Bi\u0161u inde un hondroit\u012bns&#8221;, 75 ml"},"content":{"rendered":"<p>Nodro\u0161ina kust\u012bbu br\u012bv\u012bbu un vieglumu, \u0101das audu atjauno\u0161anu un elast\u012bbu, relaks\u0101ciju p\u0113c sporta nodarb\u012bb\u0101m un fiziskas slodzes.<\/p>\n<p>Kr\u0113ma-balzama lietder\u012bba un efektivit\u0101te ir saist\u012bta ar t\u0101 sast\u0101v\u0101 eso\u0161\u0101s bi\u0161u indes un hondroit\u012bna \u012bpa\u0161\u012bb\u0101m.<\/p>\n<p><strong>Akt\u012bv\u0101s sast\u0101vda\u013cas:<\/strong> bi\u0161u indes ekstrakts, hondroit\u012bns, smilts\u0113rk\u0161\u0137u e\u013c\u013ca.<\/p>\n<p><strong>Lieto\u0161ana: <\/strong>nelielu kr\u0113ma-balzama daudzumu uzkl\u0101t uz problem\u0101tiskiem \u0137erme\u0146a laukumiem. Viegli mas\u0113t ap\u013cveida kust\u012bb\u0101m 3-5 min\u016btes l\u012bdz tas piln\u012bgi uzs\u016bcas. Efekta pastiprin\u0101\u0161anai iet\u012bt vilnas audum\u0101. Tiek rekomend\u0113ts 1-4 ned\u0113\u013cu garum\u0101. P\u0113c kr\u0113ma-balzama uzkl\u0101\u0161anas r\u016bp\u012bgi nomazg\u0101t rokas.<\/p>\n<p><strong>Piesardz\u012bbas pas\u0101kumi: <\/strong>iesp\u0113jama paaugstin\u0101ta individu\u0101l\u0101 jut\u012bba pret atsevi\u0161\u0137\u0101m sast\u0101vda\u013c\u0101m.<\/p>\n<p>Uzglab\u0101t temperat\u016br\u0101 no +5 &deg;\u0421 l\u012bdz +25 &deg;C.<br \/>\n&nbsp;<\/p>\n","protected":false},"excerpt":{"rendered":"<p>Nodro\u0161ina kust\u012bbu br\u012bv\u012bbu un vieglumu, \u0101das audu atjauno\u0161anu un elast\u012bbu, relaks\u0101ciju p\u0113c sporta nodarb\u012bb\u0101m un fiziskas slodzes. Kr\u0113ma-balzama lietder\u012bba un efektivit\u0101te ir saist\u012bta ar t\u0101 sast\u0101v\u0101 eso\u0161\u0101s bi\u0161u indes un hondroit\u012bna \u012bpa\u0161\u012bb\u0101m. Akt\u012bv\u0101s sast\u0101vda\u013cas: bi\u0161u indes ekstrakts, hondroit\u012bns, smilts\u0113rk\u0161\u0137u e\u013c\u013ca. Lieto\u0161ana: nelielu kr\u0113ma-balzama daudzumu uzkl\u0101t uz problem\u0101tiskiem \u0137erme\u0146a laukumiem. Viegli mas\u0113t ap\u013cveida kust\u012bb\u0101m 3-5 min\u016btes [&#8230;]\n","protected":false},"featured_media":96614,"template":"","meta":[],"product_cat":[1999],"product_tag":[],"class_list":{"0":"post-42412","1":"product","2":"type-product","3":"status-publish","4":"has-post-thumbnail","6":"product_brand-elfa_ua","7":"product_cat-bez-kategorijas","9":"first","10":"instock","11":"taxable","12":"shipping-taxable","13":"product-type-simple"},"_links":{"self":[{"href":"https:\/\/e.kosmolat.eu\/lv\/wp-json\/wp\/v2\/product\/42412","targetHints":{"allow":["GET"]}}],"collection":[{"href":"https:\/\/e.kosmolat.eu\/lv\/wp-json\/wp\/v2\/product"}],"about":[{"href":"https:\/\/e.kosmolat.eu\/lv\/wp-json\/wp\/v2\/types\/product"}],"wp:featuredmedia":[{"embeddable":true,"href":"https:\/\/e.kosmolat.eu\/lv\/wp-json\/wp\/v2\/media\/96614"}],"wp:attachment":[{"href":"https:\/\/e.kosmolat.eu\/lv\/wp-json\/wp\/v2\/media?parent=42412"}],"wp:term":[{"taxonomy":"product_cat","embeddable":true,"href":"https:\/\/e.kosmolat.eu\/lv\/wp-json\/wp\/v2\/product_cat?post=42412"},{"taxonomy":"product_tag","embeddable":true,"href":"https:\/\/e.kosmolat.eu\/lv\/wp-json\/wp\/v2\/product_tag?post=42412"}],"curies":[{"name":"wp","href":"https:\/\/api.w.org\/{rel}","templated":true}]}}