{"id":42396,"date":"2024-01-31T11:45:05","date_gmt":"2024-01-31T11:45:05","guid":{"rendered":"https:\/\/e.kosmolat.eu\/product\/dd-sampuns-alus-raugs-un-olivella-1-l\/"},"modified":"2026-04-20T13:56:38","modified_gmt":"2026-04-20T13:56:38","slug":"i_dd-sampuns-alus-raugs-un-olivella-1-l","status":"publish","type":"product","link":"https:\/\/e.kosmolat.eu\/lv\/product\/i_dd-sampuns-alus-raugs-un-olivella-1-l\/","title":{"rendered":"I_&#8221;DD&#8221; \u0160amp\u016bns &#8220;Alus raugs un ol\u012bve\u013c\u013ca&#8221;, 1 l"},"content":{"rendered":"<div>Pret boj\u0101tu matu l\u016b\u0161anu un bl\u0101vumu. Satur alus rauga hidroliz\u0101tu un ol\u012bvu e\u013c\u013cu, kura atjauno skaistumu un piepilda ar dz\u012bv\u012bbas sp\u0113ku l\u016bsto\u0161us, nov\u0101jin\u0101tus un bl\u0101vus matus.<\/div>\n<div>Alus rauga hidroliz\u0101ts &#8211; viens no bie\u017e\u0101k lietojamiem l\u012bdzek\u013ciem matu stiprin\u0101\u0161anai un aug\u0161anai, pie\u0161\u0137ir matiem iztur\u012bbu, elast\u012bbu un z\u012bdainumu.<\/div>\n<div>Ol\u012bvu e\u013c\u013ca lieliski mitrina, baro un vitaminiz\u0113 galvas \u0101du, Atjauno matu pat\u012bkamu maigumu un midzumu.<\/div>\n<div>Lieto\u0161ana: uzkl\u0101t uz mitriem matiem, saputot, nomazg\u0101t ar siltu \u016bdeni. Nepiecie\u0161am\u012bbas gad\u012bjum\u0101 atk\u0101rtot.\u00a0<\/div>\n<div>Piesardz\u012bbas pas\u0101kumi: ja iek\u013c\u016bst ac\u012bs, noskalot ar \u016bdeni. Ir iesp\u0113jama individu\u0101l\u0101 jut\u012bba uz atsevi\u0161\u0137\u0101m sast\u0101vda\u013c\u0101m.<\/div>\n","protected":false},"excerpt":{"rendered":"<p>Pret boj\u0101tu matu l\u016b\u0161anu un bl\u0101vumu. Satur alus rauga hidroliz\u0101tu un ol\u012bvu e\u013c\u013cu, kura atjauno skaistumu un piepilda ar dz\u012bv\u012bbas sp\u0113ku l\u016bsto\u0161us, nov\u0101jin\u0101tus un bl\u0101vus matus. Alus rauga hidroliz\u0101ts &#8211; viens no bie\u017e\u0101k lietojamiem l\u012bdzek\u013ciem matu stiprin\u0101\u0161anai un aug\u0161anai, pie\u0161\u0137ir matiem iztur\u012bbu, elast\u012bbu un z\u012bdainumu. Ol\u012bvu e\u013c\u013ca lieliski mitrina, baro un vitaminiz\u0113 galvas \u0101du, Atjauno [&#8230;]\n","protected":false},"featured_media":96533,"template":"","meta":[],"product_cat":[1248],"product_tag":[],"class_list":{"0":"post-42396","1":"product","2":"type-product","3":"status-publish","4":"has-post-thumbnail","6":"product_brand-elfa_ua","7":"product_cat-sampuni","9":"first","10":"instock","11":"taxable","12":"shipping-taxable","13":"product-type-simple"},"_links":{"self":[{"href":"https:\/\/e.kosmolat.eu\/lv\/wp-json\/wp\/v2\/product\/42396","targetHints":{"allow":["GET"]}}],"collection":[{"href":"https:\/\/e.kosmolat.eu\/lv\/wp-json\/wp\/v2\/product"}],"about":[{"href":"https:\/\/e.kosmolat.eu\/lv\/wp-json\/wp\/v2\/types\/product"}],"wp:featuredmedia":[{"embeddable":true,"href":"https:\/\/e.kosmolat.eu\/lv\/wp-json\/wp\/v2\/media\/96533"}],"wp:attachment":[{"href":"https:\/\/e.kosmolat.eu\/lv\/wp-json\/wp\/v2\/media?parent=42396"}],"wp:term":[{"taxonomy":"product_cat","embeddable":true,"href":"https:\/\/e.kosmolat.eu\/lv\/wp-json\/wp\/v2\/product_cat?post=42396"},{"taxonomy":"product_tag","embeddable":true,"href":"https:\/\/e.kosmolat.eu\/lv\/wp-json\/wp\/v2\/product_tag?post=42396"}],"curies":[{"name":"wp","href":"https:\/\/api.w.org\/{rel}","templated":true}]}}