{"id":42392,"date":"2024-01-31T11:44:44","date_gmt":"2024-01-31T11:44:44","guid":{"rendered":"https:\/\/e.kosmolat.eu\/product\/dd-roku-krems-glicerina-42-ml\/"},"modified":"2026-04-23T11:42:25","modified_gmt":"2026-04-23T11:42:25","slug":"dd-roku-krems-glicerina-42-ml","status":"publish","type":"product","link":"https:\/\/e.kosmolat.eu\/lv\/product\/dd-roku-krems-glicerina-42-ml\/","title":{"rendered":"&#8220;DD&#8221; Roku kr\u0113ms, glicer\u012bna, 42 ml"},"content":{"rendered":"<p>Ar mezroz\u012bt\u0113m. Nov\u0113r\u0161 \u0101das lob\u012b\u0161anos un kairin\u0101jumu. Kr\u0113ms tiek rekomend\u0113ts vesel\u012bbas saglab\u0101\u0161anai un roku \u0101das skaistumam. M\u012bkstina \u0101du un rada maigu nejutamu pl\u0113vi, ar kuras pal\u012bdz\u012bbu tiek nodro\u0161in\u0101ta mitrin\u0101\u0161ana. Kr\u0113ms viegli ies\u016bcas, neatst\u0101jot taukainu sp\u012bdumu. Bag\u0101tin\u0101ts ar smilts\u0113rk\u0161\u0137u e\u013c\u013cu un mezroz\u012b\u0161u ekstraktu, kuri atjauno \u0101das m\u012bkstumu, gludumu un maigumu.<\/p>\n<h4>Lieto\u0161ana:\u00a0<\/h4>\n<p>uzkl\u0101t uz sausas t\u012bras roku \u0101das.\u00a0<\/p>\n","protected":false},"excerpt":{"rendered":"<p>Ar mezroz\u012bt\u0113m. Nov\u0113r\u0161 \u0101das lob\u012b\u0161anos un kairin\u0101jumu. Kr\u0113ms tiek rekomend\u0113ts vesel\u012bbas saglab\u0101\u0161anai un roku \u0101das skaistumam. M\u012bkstina \u0101du un rada maigu nejutamu pl\u0113vi, ar kuras pal\u012bdz\u012bbu tiek nodro\u0161in\u0101ta mitrin\u0101\u0161ana. Kr\u0113ms viegli ies\u016bcas, neatst\u0101jot taukainu sp\u012bdumu. Bag\u0101tin\u0101ts ar smilts\u0113rk\u0161\u0137u e\u013c\u013cu un mezroz\u012b\u0161u ekstraktu, kuri atjauno \u0101das m\u012bkstumu, gludumu un maigumu. Lieto\u0161ana:\u00a0 uzkl\u0101t uz sausas t\u012bras roku [&#8230;]\n","protected":false},"featured_media":79678,"template":"","meta":[],"product_cat":[1302],"product_tag":[],"class_list":{"0":"post-42392","1":"product","2":"type-product","3":"status-publish","4":"has-post-thumbnail","6":"product_brand-elfa_ua","7":"product_cat-roku-kopsanas-kosmetika","9":"first","10":"instock","11":"taxable","12":"shipping-taxable","13":"product-type-simple"},"_links":{"self":[{"href":"https:\/\/e.kosmolat.eu\/lv\/wp-json\/wp\/v2\/product\/42392","targetHints":{"allow":["GET"]}}],"collection":[{"href":"https:\/\/e.kosmolat.eu\/lv\/wp-json\/wp\/v2\/product"}],"about":[{"href":"https:\/\/e.kosmolat.eu\/lv\/wp-json\/wp\/v2\/types\/product"}],"wp:featuredmedia":[{"embeddable":true,"href":"https:\/\/e.kosmolat.eu\/lv\/wp-json\/wp\/v2\/media\/79678"}],"wp:attachment":[{"href":"https:\/\/e.kosmolat.eu\/lv\/wp-json\/wp\/v2\/media?parent=42392"}],"wp:term":[{"taxonomy":"product_cat","embeddable":true,"href":"https:\/\/e.kosmolat.eu\/lv\/wp-json\/wp\/v2\/product_cat?post=42392"},{"taxonomy":"product_tag","embeddable":true,"href":"https:\/\/e.kosmolat.eu\/lv\/wp-json\/wp\/v2\/product_tag?post=42392"}],"curies":[{"name":"wp","href":"https:\/\/api.w.org\/{rel}","templated":true}]}}