{"id":42384,"date":"2024-01-31T11:44:21","date_gmt":"2024-01-31T11:44:21","guid":{"rendered":"https:\/\/e.kosmolat.eu\/product\/dr-s-coconut-hair-sprejs-matiem-150-ml\/"},"modified":"2026-04-23T09:24:31","modified_gmt":"2026-04-23T09:24:31","slug":"dr-s-coconut-hair-sprejs-matiem-150-ml","status":"publish","type":"product","link":"https:\/\/e.kosmolat.eu\/lv\/product\/dr-s-coconut-hair-sprejs-matiem-150-ml\/","title":{"rendered":"&#8220;Dr.S Coconut Hair&#8221; Sprejs matiem, 150 ml"},"content":{"rendered":"<p>\u012apa&scaron;a mitrin\u0101&scaron;ana. Kokosriekstu e\u013c\u013ca. Aizsardz\u012bba un atjauno&scaron;ana. Sausiem un l\u016bsto&scaron;iem matiem. L\u016b&scaron;anas un sausuma nov\u0113r&scaron;ana. Termoaizsarg\u0101jo&scaron;a funkcija. Antistatisks efekts. Sprejs kondicion\u0113 matus, paaugstina to elast\u012bbu, aizsarg\u0101 pret sap\u012b&scaron;anos. P\u0113c spreja uzkl\u0101&scaron;anas tie ir viegli \u0137emm\u0113jami, sp\u012bd un atg\u016bst vesel\u012bgu izskatu. L\u012bdzeklis ir viegli uzkl\u0101jams, nepie&scaron;\u0137ir matiem smagumu un nepadara tos taukainus.<\/p>\n<p><strong>Lieto&scaron;ana:<\/strong>&nbsp;uzkl\u0101t uz mitriem vai sausiem matiem, izsmidzinot no 15-20 cm att\u0101luma. Nav nepiecie&scaron;ams noskalot.<\/p>\n<p><strong>Piesardz\u012bbas pas\u0101kumi:<\/strong>&nbsp;ja iek\u013c\u016bst ac\u012bs, izskalot ar \u016bdeni. Iesp\u0113jama paaugstin\u0101ta individu\u0101l\u0101 jut\u012bba pret atsevi&scaron;\u0137\u0101m sast\u0101vda\u013c\u0101m.<\/p>\n","protected":false},"excerpt":{"rendered":"<p>\u012apa&scaron;a mitrin\u0101&scaron;ana. Kokosriekstu e\u013c\u013ca. Aizsardz\u012bba un atjauno&scaron;ana. Sausiem un l\u016bsto&scaron;iem matiem. L\u016b&scaron;anas un sausuma nov\u0113r&scaron;ana. Termoaizsarg\u0101jo&scaron;a funkcija. Antistatisks efekts. Sprejs kondicion\u0113 matus, paaugstina to elast\u012bbu, aizsarg\u0101 pret sap\u012b&scaron;anos. P\u0113c spreja uzkl\u0101&scaron;anas tie ir viegli \u0137emm\u0113jami, sp\u012bd un atg\u016bst vesel\u012bgu izskatu. L\u012bdzeklis ir viegli uzkl\u0101jams, nepie&scaron;\u0137ir matiem smagumu un nepadara tos taukainus. Lieto&scaron;ana:&nbsp;uzkl\u0101t uz mitriem vai [&#8230;]\n","protected":false},"featured_media":80926,"template":"","meta":[],"product_cat":[1999],"product_tag":[],"class_list":{"0":"post-42384","1":"product","2":"type-product","3":"status-publish","4":"has-post-thumbnail","6":"product_brand-elfa_ua","7":"product_cat-bez-kategorijas","9":"first","10":"instock","11":"taxable","12":"shipping-taxable","13":"product-type-simple"},"_links":{"self":[{"href":"https:\/\/e.kosmolat.eu\/lv\/wp-json\/wp\/v2\/product\/42384","targetHints":{"allow":["GET"]}}],"collection":[{"href":"https:\/\/e.kosmolat.eu\/lv\/wp-json\/wp\/v2\/product"}],"about":[{"href":"https:\/\/e.kosmolat.eu\/lv\/wp-json\/wp\/v2\/types\/product"}],"wp:featuredmedia":[{"embeddable":true,"href":"https:\/\/e.kosmolat.eu\/lv\/wp-json\/wp\/v2\/media\/80926"}],"wp:attachment":[{"href":"https:\/\/e.kosmolat.eu\/lv\/wp-json\/wp\/v2\/media?parent=42384"}],"wp:term":[{"taxonomy":"product_cat","embeddable":true,"href":"https:\/\/e.kosmolat.eu\/lv\/wp-json\/wp\/v2\/product_cat?post=42384"},{"taxonomy":"product_tag","embeddable":true,"href":"https:\/\/e.kosmolat.eu\/lv\/wp-json\/wp\/v2\/product_tag?post=42384"}],"curies":[{"name":"wp","href":"https:\/\/api.w.org\/{rel}","templated":true}]}}