{"id":42376,"date":"2024-01-31T11:44:03","date_gmt":"2024-01-31T11:44:03","guid":{"rendered":"https:\/\/e.kosmolat.eu\/product\/fj-vannas-putas-tangerine-sicilian-orange-1-l\/"},"modified":"2026-04-22T09:58:18","modified_gmt":"2026-04-22T09:58:18","slug":"fj-vannas-putas-tangerine-sicilian-orange-1-l","status":"publish","type":"product","link":"https:\/\/e.kosmolat.eu\/lv\/product\/fj-vannas-putas-tangerine-sicilian-orange-1-l\/","title":{"rendered":"FJ Vannas putas Tangerine &#038; Sicilian orange, 1 l"},"content":{"rendered":"<p>Maig\u0101s vannas putas atsl\u0101bina \u0137ermeni, kopj \u0101du, uzlabo garast\u0101vokli. Putas Fresh Juice ar mandar\u012bna ekstraktu un apels\u012bna \u0113terisko e\u013c\u013cu pie&scaron;\u0137ir \u0101dai elast\u012bbu, pat\u012bkamu maigumu un z\u012bdainumu. Dermatolo\u0123iski p\u0101rbaud\u012bts.&nbsp;<\/p>\n<p><strong>Lieto&scaron;ana:<\/strong> saputot 50-100 ml l\u012bdzek\u013ca zem teko&scaron;a \u016bdens. Ieteicams vannoties 15-20 min\u016btes, p\u0113c tam noskalot \u0101du ar \u016bdeni.<\/p>\n<p><strong>Piesardz\u012bbas pas\u0101kumi:<\/strong> ja iek\u013c\u016bst ac\u012bs, izskalojiet ar \u016bdeni. Iesp\u0113jama paaugstin\u0101ta individu\u0101l\u0101 jut\u012bba pret atsevi&scaron;\u0137\u0101m sast\u0101vda\u013c\u0101m.&nbsp;<\/p>\n<p>Uzglab\u0101t temperat\u016br\u0101 no +5 &deg;\u0421 l\u012bdz +25 &deg;\u0421.&nbsp;<br \/>\n&nbsp;<\/p>\n<p>&nbsp;<\/p>\n","protected":false},"excerpt":{"rendered":"<p>Maig\u0101s vannas putas atsl\u0101bina \u0137ermeni, kopj \u0101du, uzlabo garast\u0101vokli. Putas Fresh Juice ar mandar\u012bna ekstraktu un apels\u012bna \u0113terisko e\u013c\u013cu pie&scaron;\u0137ir \u0101dai elast\u012bbu, pat\u012bkamu maigumu un z\u012bdainumu. Dermatolo\u0123iski p\u0101rbaud\u012bts.&nbsp; Lieto&scaron;ana: saputot 50-100 ml l\u012bdzek\u013ca zem teko&scaron;a \u016bdens. Ieteicams vannoties 15-20 min\u016btes, p\u0113c tam noskalot \u0101du ar \u016bdeni. Piesardz\u012bbas pas\u0101kumi: ja iek\u013c\u016bst ac\u012bs, izskalojiet ar \u016bdeni. Iesp\u0113jama [&#8230;]\n","protected":false},"featured_media":80854,"template":"","meta":[],"product_cat":[1999],"product_tag":[],"class_list":{"0":"post-42376","1":"product","2":"type-product","3":"status-publish","4":"has-post-thumbnail","6":"product_brand-elfa_ua","7":"product_cat-bez-kategorijas","9":"first","10":"instock","11":"taxable","12":"shipping-taxable","13":"product-type-simple"},"_links":{"self":[{"href":"https:\/\/e.kosmolat.eu\/lv\/wp-json\/wp\/v2\/product\/42376","targetHints":{"allow":["GET"]}}],"collection":[{"href":"https:\/\/e.kosmolat.eu\/lv\/wp-json\/wp\/v2\/product"}],"about":[{"href":"https:\/\/e.kosmolat.eu\/lv\/wp-json\/wp\/v2\/types\/product"}],"wp:featuredmedia":[{"embeddable":true,"href":"https:\/\/e.kosmolat.eu\/lv\/wp-json\/wp\/v2\/media\/80854"}],"wp:attachment":[{"href":"https:\/\/e.kosmolat.eu\/lv\/wp-json\/wp\/v2\/media?parent=42376"}],"wp:term":[{"taxonomy":"product_cat","embeddable":true,"href":"https:\/\/e.kosmolat.eu\/lv\/wp-json\/wp\/v2\/product_cat?post=42376"},{"taxonomy":"product_tag","embeddable":true,"href":"https:\/\/e.kosmolat.eu\/lv\/wp-json\/wp\/v2\/product_tag?post=42376"}],"curies":[{"name":"wp","href":"https:\/\/api.w.org\/{rel}","templated":true}]}}