{"id":42364,"date":"2024-01-31T11:43:27","date_gmt":"2024-01-31T11:43:27","guid":{"rendered":"https:\/\/e.kosmolat.eu\/product\/fj-vannas-putas-tiramisu-1-l\/"},"modified":"2026-04-07T07:59:57","modified_gmt":"2026-04-07T07:59:57","slug":"fj-vannas-putas-tiramisu-1-l","status":"publish","type":"product","link":"https:\/\/e.kosmolat.eu\/lv\/product\/fj-vannas-putas-tiramisu-1-l\/","title":{"rendered":"FJ  Vannas putas Tiramisu, 1 l"},"content":{"rendered":"<p>Kakao, kafija ar piena olbaltumviel\u0101m.<\/p>\n<ul>\n<li>Atsl\u0101bina \u0137ermeni&nbsp;<\/li>\n<li>Mitrina \u0101du&nbsp;<\/li>\n<li>Uzlabo garast\u0101vokli&nbsp;<\/li>\n<\/ul>\n<p>Tiramisu vannas putu maigais piena &scaron;okol\u0101des m\u0101konis apburs j\u016bs ar It\u0101\u013cu slaven\u0101k\u0101 deserta &scaron;armu un k\u013c\u016bs par izsmalcin\u0101t\u0101ko valdzin\u0101jumu j\u016bsu \u0137ermenim. &Scaron;okol\u0101de veicina &bdquo;laimes hormonu&rdquo; izstr\u0101d\u0101&scaron;anos, kas pal\u012bdz uzlabot garast\u0101vokli un sniedz ener\u0123iju. Kakao un kafijas ekstrakts padara \u0101du tvirtu un svaigu. Dermatolo\u0123iski test\u0113ts.<\/p>\n<p><strong>Lieto&scaron;ana:<\/strong> saputot 50-100 ml l\u012bdzek\u013ca zem teko&scaron;a \u016bdens. Ieteicams vannoties 15-20 min\u016btes, p\u0113c tam noskalot \u0101du ar \u016bdeni.<\/p>\n<p><strong>Piesardz\u012bbas pas\u0101kumi: <\/strong>ja iek\u013c\u016bst ac\u012bs, izskalojt ar \u016bdeni. Iesp\u0113jama paaugstin\u0101ta individu\u0101l\u0101 jut\u012bba pret atsevi&scaron;\u0137\u0101m sast\u0101vda\u013c\u0101m.&nbsp;<\/p>\n<p>Uzglab\u0101t temperat\u016br\u0101 no +5 &deg;\u0421 l\u012bdz +25 &deg;\u0421.&nbsp;<br \/>\n&nbsp;<\/p>\n<p>&nbsp;<\/p>\n","protected":false},"excerpt":{"rendered":"<p>Kakao, kafija ar piena olbaltumviel\u0101m. Atsl\u0101bina \u0137ermeni&nbsp; Mitrina \u0101du&nbsp; Uzlabo garast\u0101vokli&nbsp; Tiramisu vannas putu maigais piena &scaron;okol\u0101des m\u0101konis apburs j\u016bs ar It\u0101\u013cu slaven\u0101k\u0101 deserta &scaron;armu un k\u013c\u016bs par izsmalcin\u0101t\u0101ko valdzin\u0101jumu j\u016bsu \u0137ermenim. &Scaron;okol\u0101de veicina &bdquo;laimes hormonu&rdquo; izstr\u0101d\u0101&scaron;anos, kas pal\u012bdz uzlabot garast\u0101vokli un sniedz ener\u0123iju. Kakao un kafijas ekstrakts padara \u0101du tvirtu un svaigu. Dermatolo\u0123iski test\u0113ts. [&#8230;]\n","protected":false},"featured_media":80846,"template":"","meta":[],"product_cat":[1999],"product_tag":[],"class_list":{"0":"post-42364","1":"product","2":"type-product","3":"status-publish","4":"has-post-thumbnail","6":"product_brand-elfa_ua","7":"product_cat-bez-kategorijas","9":"first","10":"instock","11":"taxable","12":"shipping-taxable","13":"product-type-simple"},"_links":{"self":[{"href":"https:\/\/e.kosmolat.eu\/lv\/wp-json\/wp\/v2\/product\/42364","targetHints":{"allow":["GET"]}}],"collection":[{"href":"https:\/\/e.kosmolat.eu\/lv\/wp-json\/wp\/v2\/product"}],"about":[{"href":"https:\/\/e.kosmolat.eu\/lv\/wp-json\/wp\/v2\/types\/product"}],"wp:featuredmedia":[{"embeddable":true,"href":"https:\/\/e.kosmolat.eu\/lv\/wp-json\/wp\/v2\/media\/80846"}],"wp:attachment":[{"href":"https:\/\/e.kosmolat.eu\/lv\/wp-json\/wp\/v2\/media?parent=42364"}],"wp:term":[{"taxonomy":"product_cat","embeddable":true,"href":"https:\/\/e.kosmolat.eu\/lv\/wp-json\/wp\/v2\/product_cat?post=42364"},{"taxonomy":"product_tag","embeddable":true,"href":"https:\/\/e.kosmolat.eu\/lv\/wp-json\/wp\/v2\/product_tag?post=42364"}],"curies":[{"name":"wp","href":"https:\/\/api.w.org\/{rel}","templated":true}]}}