{"id":42356,"date":"2024-01-31T11:42:57","date_gmt":"2024-01-31T11:42:57","guid":{"rendered":"https:\/\/e.kosmolat.eu\/product\/fj-vannas-putas-peach-souffle-1-l\/"},"modified":"2026-04-23T07:47:20","modified_gmt":"2026-04-23T07:47:20","slug":"fj-vannas-putas-peach-souffle-1-l","status":"publish","type":"product","link":"https:\/\/e.kosmolat.eu\/lv\/product\/fj-vannas-putas-peach-souffle-1-l\/","title":{"rendered":"FJ Vannas putas Peach Souffle, 1 l"},"content":{"rendered":"<p>Valdzino&scaron;ais persiks ar piena olbaltumviel\u0101m.<\/p>\n<ul>\n<li>Atsl\u0101bina \u0137ermeni<\/li>\n<li>Mitrina \u0101du&nbsp;<\/li>\n<li>Uzlabo garast\u0101vokli<\/li>\n<\/ul>\n<p>Gais\u012bgo putu maigais piesk\u0101riens atg\u0101din\u0101s samtainu persiku, savuk\u0101rt svaigais arom\u0101ts d\u0101v\u0101s juteklisku baudu un rosin\u0101s izt\u0113li, atsaucot atmi\u0146\u0101 visgard\u0101ko aug\u013cu desertu. Vannas putu sast\u0101v\u0101 eso&scaron;\u0101s piena olbaltumvielas r\u016bp\u0113sies par j\u016bsu \u0101das mitrin\u0101&scaron;anu un padar\u012bs to z\u012bdaini maigu. Dermatolo\u0123iski p\u0101rbaud\u012bts.<\/p>\n<p><strong>Lieto&scaron;ana:<\/strong> saputot 50-100 ml l\u012bdzek\u013ca zem teko&scaron;a \u016bdens. Ieteicams vannoties 15-20 min\u016btes, p\u0113c tam noskalot \u0101du ar \u016bdeni.<\/p>\n<p><strong>Piesardz\u012bbas pas\u0101kumi:<\/strong> ja iek\u013c\u016bst ac\u012bs, izskalojiet ar \u016bdeni. Iesp\u0113jama paaugstin\u0101ta individu\u0101l\u0101 jut\u012bba pret atsevi&scaron;\u0137\u0101m sast\u0101vda\u013c\u0101m.&nbsp;<\/p>\n<p>Uzglab\u0101t temperat\u016br\u0101 no +5 &deg;\u0421 l\u012bdz +25 &deg;\u0421.&nbsp;<br \/>\n&nbsp;<\/p>\n<p>&nbsp;<\/p>\n","protected":false},"excerpt":{"rendered":"<p>Valdzino&scaron;ais persiks ar piena olbaltumviel\u0101m. Atsl\u0101bina \u0137ermeni Mitrina \u0101du&nbsp; Uzlabo garast\u0101vokli Gais\u012bgo putu maigais piesk\u0101riens atg\u0101din\u0101s samtainu persiku, savuk\u0101rt svaigais arom\u0101ts d\u0101v\u0101s juteklisku baudu un rosin\u0101s izt\u0113li, atsaucot atmi\u0146\u0101 visgard\u0101ko aug\u013cu desertu. Vannas putu sast\u0101v\u0101 eso&scaron;\u0101s piena olbaltumvielas r\u016bp\u0113sies par j\u016bsu \u0101das mitrin\u0101&scaron;anu un padar\u012bs to z\u012bdaini maigu. Dermatolo\u0123iski p\u0101rbaud\u012bts. Lieto&scaron;ana: saputot 50-100 ml l\u012bdzek\u013ca [&#8230;]\n","protected":false},"featured_media":80842,"template":"","meta":[],"product_cat":[1610],"product_tag":[],"class_list":{"0":"post-42356","1":"product","2":"type-product","3":"status-publish","4":"has-post-thumbnail","6":"product_brand-elfa_ua","7":"product_cat-vannas-putas-sali-bumbas","9":"first","10":"instock","11":"taxable","12":"shipping-taxable","13":"product-type-simple"},"_links":{"self":[{"href":"https:\/\/e.kosmolat.eu\/lv\/wp-json\/wp\/v2\/product\/42356","targetHints":{"allow":["GET"]}}],"collection":[{"href":"https:\/\/e.kosmolat.eu\/lv\/wp-json\/wp\/v2\/product"}],"about":[{"href":"https:\/\/e.kosmolat.eu\/lv\/wp-json\/wp\/v2\/types\/product"}],"wp:featuredmedia":[{"embeddable":true,"href":"https:\/\/e.kosmolat.eu\/lv\/wp-json\/wp\/v2\/media\/80842"}],"wp:attachment":[{"href":"https:\/\/e.kosmolat.eu\/lv\/wp-json\/wp\/v2\/media?parent=42356"}],"wp:term":[{"taxonomy":"product_cat","embeddable":true,"href":"https:\/\/e.kosmolat.eu\/lv\/wp-json\/wp\/v2\/product_cat?post=42356"},{"taxonomy":"product_tag","embeddable":true,"href":"https:\/\/e.kosmolat.eu\/lv\/wp-json\/wp\/v2\/product_tag?post=42356"}],"curies":[{"name":"wp","href":"https:\/\/api.w.org\/{rel}","templated":true}]}}