{"id":42340,"date":"2024-01-31T11:41:58","date_gmt":"2024-01-31T11:41:58","guid":{"rendered":"https:\/\/e.kosmolat.eu\/product\/i_za-masazas-ella-atslabinosa-200-ml\/"},"modified":"2026-04-22T14:05:43","modified_gmt":"2026-04-22T14:05:43","slug":"gp-masazas-ella-atslabinosa-200-ml","status":"publish","type":"product","link":"https:\/\/e.kosmolat.eu\/lv\/product\/gp-masazas-ella-atslabinosa-200-ml\/","title":{"rendered":"GP Mas\u0101\u017eas e\u013c\u013ca Atsl\u0101bino\u0161a, 200 ml"},"content":{"rendered":"<p>B\u0101zes un \u0113terisko e\u013c\u013cu kompoz\u012bcija lieto&scaron;anai m\u0101jas apst\u0101k\u013cos un profesionion\u0101lai lieto&scaron;anai. Lavandas, rozmar\u012bna, apels\u012bna, ilang-ilang, piparm\u0113tru, makad\u0101mijas un avokado e\u013c\u013cas. Paaugstina mas\u0101\u017eas iedarb\u012bbu. Viegla sl\u012bd\u0113&scaron;ana. Maksim\u0101ls kontakts ar \u0101du. Arom\u0101tisk\u0101 \u0101das kop&scaron;ana p\u0113c du&scaron;as vai vannas.<\/p>\n<p>Kompoz\u012bcija no 7 e\u013c\u013c\u0101m (lavanda, ilang-ilang, avokado, apels\u012bns, rozmar\u012bns, makad\u0101mija, piparm\u0113tra) veicina atsl\u0101bin\u0101&scaron;anos, relaks\u0101ciju un norm\u0101l\u0101 emocion\u0101l\u0101 fona atjauno&scaron;anu. Lavandas, rozmar\u012bna un apels\u012bna e\u013c\u013cu mais\u012bjumam piem\u012bt nomierino&scaron;a iedarb\u012bba, likvid\u0113 spriedzi un musku\u013cu nogurumu. Aromaterapeitisk\u0101 mas\u0101\u017ea ir ieteicama miega trauc\u0113jumu, bie\u017eu garast\u0101vok\u013ca mai\u0146u gad\u012bjum\u0101, k\u0101 ar\u012b noguruma nov\u0113r&scaron;anai p\u0113c smag\u0101s darba dienas vai akt\u012bv\u0101m sporta nodarb\u012bb\u0101m. Ilang-ilang un piparm\u0113rtu e\u013c\u013cu arom\u0101ts pal\u012bdz pies\u0101tin\u0101t \u0137ermeni ar dz\u012bv\u012bbas ener\u0123iju, atjaunot sp\u0113kus, bet makad\u0101mijas un avokado b\u0101zes e\u013c\u013c\u0101m piem\u012bt lieliskas m\u012bkstino&scaron;as un mitrino&scaron;as \u012bpa&scaron;\u012bbas. Nesatur konservantus un kr\u0101svielas.<\/p>\n<p><strong>Lieto&scaron;ana:<\/strong> mas\u0101\u017eai &ndash; mas\u0101\u017eas kust\u012bb\u0101m uzkl\u0101t nelielu e\u013c\u013cas daudzumu uz t\u012br\u0101s \u0137erme\u0146a \u0101das; \u0101das kop&scaron;anai &ndash; nelielu daudzumu uzkl\u0101t uz mitr\u0101s \u0101das p\u0113c du&scaron;as vai vannas.&nbsp;<\/p>\n<p><strong>Piesardz\u012bbas pas\u0101kumi: <\/strong>iesp\u0113jama paaugstin\u0101ta individu\u0101la jut\u012bba pret atsevi&scaron;\u0137\u0101m sast\u0101vda\u013c\u0101m.<\/p>\n","protected":false},"excerpt":{"rendered":"<p>B\u0101zes un \u0113terisko e\u013c\u013cu kompoz\u012bcija lieto&scaron;anai m\u0101jas apst\u0101k\u013cos un profesionion\u0101lai lieto&scaron;anai. Lavandas, rozmar\u012bna, apels\u012bna, ilang-ilang, piparm\u0113tru, makad\u0101mijas un avokado e\u013c\u013cas. Paaugstina mas\u0101\u017eas iedarb\u012bbu. Viegla sl\u012bd\u0113&scaron;ana. Maksim\u0101ls kontakts ar \u0101du. Arom\u0101tisk\u0101 \u0101das kop&scaron;ana p\u0113c du&scaron;as vai vannas. Kompoz\u012bcija no 7 e\u013c\u013c\u0101m (lavanda, ilang-ilang, avokado, apels\u012bns, rozmar\u012bns, makad\u0101mija, piparm\u0113tra) veicina atsl\u0101bin\u0101&scaron;anos, relaks\u0101ciju un norm\u0101l\u0101 emocion\u0101l\u0101 fona atjauno&scaron;anu. [&#8230;]\n","protected":false},"featured_media":80810,"template":"","meta":[],"product_cat":[1999],"product_tag":[],"class_list":{"0":"post-42340","1":"product","2":"type-product","3":"status-publish","4":"has-post-thumbnail","6":"product_brand-elfa_ua","7":"product_cat-bez-kategorijas","9":"first","10":"instock","11":"taxable","12":"shipping-taxable","13":"product-type-simple"},"_links":{"self":[{"href":"https:\/\/e.kosmolat.eu\/lv\/wp-json\/wp\/v2\/product\/42340","targetHints":{"allow":["GET"]}}],"collection":[{"href":"https:\/\/e.kosmolat.eu\/lv\/wp-json\/wp\/v2\/product"}],"about":[{"href":"https:\/\/e.kosmolat.eu\/lv\/wp-json\/wp\/v2\/types\/product"}],"wp:featuredmedia":[{"embeddable":true,"href":"https:\/\/e.kosmolat.eu\/lv\/wp-json\/wp\/v2\/media\/80810"}],"wp:attachment":[{"href":"https:\/\/e.kosmolat.eu\/lv\/wp-json\/wp\/v2\/media?parent=42340"}],"wp:term":[{"taxonomy":"product_cat","embeddable":true,"href":"https:\/\/e.kosmolat.eu\/lv\/wp-json\/wp\/v2\/product_cat?post=42340"},{"taxonomy":"product_tag","embeddable":true,"href":"https:\/\/e.kosmolat.eu\/lv\/wp-json\/wp\/v2\/product_tag?post=42340"}],"curies":[{"name":"wp","href":"https:\/\/api.w.org\/{rel}","templated":true}]}}