{"id":42336,"date":"2024-01-31T11:35:37","date_gmt":"2024-01-31T11:35:37","guid":{"rendered":"https:\/\/e.kosmolat.eu\/product\/za-masazas-ella-pret-celulitu-200-ml\/"},"modified":"2026-04-23T11:40:49","modified_gmt":"2026-04-23T11:40:49","slug":"gp-masazas-ella-pretcelulita-200-ml","status":"publish","type":"product","link":"https:\/\/e.kosmolat.eu\/lv\/product\/gp-masazas-ella-pretcelulita-200-ml\/","title":{"rendered":"GP Mas\u0101\u017eas e\u013c\u013ca Pretcelul\u012bta, 200 ml"},"content":{"rendered":"<p>Bez konservantiem, kr\u0101sviel\u0101m. \u00a0Izstr\u0101d\u0101ta problem\u0101tisko zonu mas\u0101\u017eai ar nol\u016bku samazin\u0101t &#8220;apels\u012bna mizas&#8221; efektu. Mas\u0101\u017eas rezult\u0101t\u0101 man\u0101mi uzlabojas \u0101das reljefs, notiek formas korekcija.\u00a0<\/p>\n<h4>\n<p>Lieto\u0161ana: <\/h4>\n<p>Lietot jebkura tipa mas\u0101\u017eai. Pirms uzkl\u0101\u0161anas uz \u0101das sasild\u012bt plaukst\u0101s.<\/p>\n","protected":false},"excerpt":{"rendered":"<p>Bez konservantiem, kr\u0101sviel\u0101m. \u00a0Izstr\u0101d\u0101ta problem\u0101tisko zonu mas\u0101\u017eai ar nol\u016bku samazin\u0101t &#8220;apels\u012bna mizas&#8221; efektu. Mas\u0101\u017eas rezult\u0101t\u0101 man\u0101mi uzlabojas \u0101das reljefs, notiek formas korekcija.\u00a0 Lieto\u0161ana: Lietot jebkura tipa mas\u0101\u017eai. Pirms uzkl\u0101\u0161anas uz \u0101das sasild\u012bt plaukst\u0101s.<\/p>\n","protected":false},"featured_media":79614,"template":"","meta":[],"product_cat":[1607],"product_tag":[],"class_list":{"0":"post-42336","1":"product","2":"type-product","3":"status-publish","4":"has-post-thumbnail","6":"product_brand-elfa_ua","7":"product_cat-ziepes","9":"first","10":"instock","11":"taxable","12":"shipping-taxable","13":"product-type-simple"},"_links":{"self":[{"href":"https:\/\/e.kosmolat.eu\/lv\/wp-json\/wp\/v2\/product\/42336","targetHints":{"allow":["GET"]}}],"collection":[{"href":"https:\/\/e.kosmolat.eu\/lv\/wp-json\/wp\/v2\/product"}],"about":[{"href":"https:\/\/e.kosmolat.eu\/lv\/wp-json\/wp\/v2\/types\/product"}],"wp:featuredmedia":[{"embeddable":true,"href":"https:\/\/e.kosmolat.eu\/lv\/wp-json\/wp\/v2\/media\/79614"}],"wp:attachment":[{"href":"https:\/\/e.kosmolat.eu\/lv\/wp-json\/wp\/v2\/media?parent=42336"}],"wp:term":[{"taxonomy":"product_cat","embeddable":true,"href":"https:\/\/e.kosmolat.eu\/lv\/wp-json\/wp\/v2\/product_cat?post=42336"},{"taxonomy":"product_tag","embeddable":true,"href":"https:\/\/e.kosmolat.eu\/lv\/wp-json\/wp\/v2\/product_tag?post=42336"}],"curies":[{"name":"wp","href":"https:\/\/api.w.org\/{rel}","templated":true}]}}