{"id":42328,"date":"2024-01-31T11:35:17","date_gmt":"2024-01-31T11:35:17","guid":{"rendered":"https:\/\/e.kosmolat.eu\/product\/za-roku-krems-ar-juras-algem-300-ml\/"},"modified":"2025-09-22T12:11:04","modified_gmt":"2025-09-22T12:11:04","slug":"za-roku-krems-ar-juras-algem-300-ml","status":"publish","type":"product","link":"https:\/\/e.kosmolat.eu\/lv\/product\/za-roku-krems-ar-juras-algem-300-ml\/","title":{"rendered":"&#8220;ZA&#8221; Roku kr\u0113ms ar j\u016bras a\u013c\u0123\u0113m, 300 ml"},"content":{"rendered":"<ul>\n<li>Ar j\u016bras a\u013c\u0123\u0113m<\/li>\n<\/ul>\n<p>Speci\u0101li izstr\u0101d\u0101ts pastiprin\u0101tai \u0101das mitrin\u0101\u0161anai un ilgsto\u0161ai mitruma uztur\u0113\u0161anai. Kr\u0113ms atsvaidzina \u0101du, kopj nagu pl\u0101tni.<\/p>\n<p><b>J\u016bras a\u013c\u0123u ekstrakts<\/b> nodro\u0161ina \u0101dai mitrin\u0101\u0161anu, pies\u0101tina ar v\u0113rt\u012bgiem mikroelementiem.<\/p>\n<p><b>Alvejas \u017eeleja<\/b> mitrina un m\u012bkstina, nodro\u0161ina \u0101dai tvirtumu un elast\u012bbu.\u00a0<\/p>\n<p><b>Elast\u012bnu un kerat\u012bns <\/b>veicina saus\u0101s. nov\u012btu\u0161as \u0101das atjauno\u0161anu.<\/p>\n<h4>Lieto\u0161ana:\u00a0<\/h4>\n<p>uzkl\u0101t uz t\u012br\u0101s roku \u0101das viegl\u0101m mas\u0113jo\u0161\u0101m kust\u012bb\u0101m.<\/p><\/p>\n","protected":false},"excerpt":{"rendered":"<p>Ar j\u016bras a\u013c\u0123\u0113m Speci\u0101li izstr\u0101d\u0101ts pastiprin\u0101tai \u0101das mitrin\u0101\u0161anai un ilgsto\u0161ai mitruma uztur\u0113\u0161anai. Kr\u0113ms atsvaidzina \u0101du, kopj nagu pl\u0101tni. J\u016bras a\u013c\u0123u ekstrakts nodro\u0161ina \u0101dai mitrin\u0101\u0161anu, pies\u0101tina ar v\u0113rt\u012bgiem mikroelementiem. Alvejas \u017eeleja mitrina un m\u012bkstina, nodro\u0161ina \u0101dai tvirtumu un elast\u012bbu.\u00a0 Elast\u012bnu un kerat\u012bns veicina saus\u0101s. nov\u012btu\u0161as \u0101das atjauno\u0161anu. Lieto\u0161ana:\u00a0 uzkl\u0101t uz t\u012br\u0101s roku \u0101das viegl\u0101m mas\u0113jo\u0161\u0101m kust\u012bb\u0101m.<\/p>\n","protected":false},"featured_media":78874,"template":"","meta":[],"product_cat":[1302],"product_tag":[],"class_list":{"0":"post-42328","1":"product","2":"type-product","3":"status-publish","4":"has-post-thumbnail","6":"product_brand-elfa_ua","7":"product_cat-roku-kopsanas-kosmetika","9":"first","10":"instock","11":"taxable","12":"shipping-taxable","13":"product-type-simple"},"_links":{"self":[{"href":"https:\/\/e.kosmolat.eu\/lv\/wp-json\/wp\/v2\/product\/42328","targetHints":{"allow":["GET"]}}],"collection":[{"href":"https:\/\/e.kosmolat.eu\/lv\/wp-json\/wp\/v2\/product"}],"about":[{"href":"https:\/\/e.kosmolat.eu\/lv\/wp-json\/wp\/v2\/types\/product"}],"wp:featuredmedia":[{"embeddable":true,"href":"https:\/\/e.kosmolat.eu\/lv\/wp-json\/wp\/v2\/media\/78874"}],"wp:attachment":[{"href":"https:\/\/e.kosmolat.eu\/lv\/wp-json\/wp\/v2\/media?parent=42328"}],"wp:term":[{"taxonomy":"product_cat","embeddable":true,"href":"https:\/\/e.kosmolat.eu\/lv\/wp-json\/wp\/v2\/product_cat?post=42328"},{"taxonomy":"product_tag","embeddable":true,"href":"https:\/\/e.kosmolat.eu\/lv\/wp-json\/wp\/v2\/product_tag?post=42328"}],"curies":[{"name":"wp","href":"https:\/\/api.w.org\/{rel}","templated":true}]}}