{"id":42320,"date":"2024-01-31T11:34:59","date_gmt":"2024-01-31T11:34:59","guid":{"rendered":"https:\/\/e.kosmolat.eu\/product\/za-sampuns-arstnieciska-klingerite-norm-uz-taukainibu-verstiem-matiem-350-ml\/"},"modified":"2026-04-01T06:41:45","modified_gmt":"2026-04-01T06:41:45","slug":"gp-sampuns-arstnieciska-klingerite-norm-uz-taukainibu-verstiem-matiem-350-ml","status":"publish","type":"product","link":"https:\/\/e.kosmolat.eu\/lv\/product\/gp-sampuns-arstnieciska-klingerite-norm-uz-taukainibu-verstiem-matiem-350-ml\/","title":{"rendered":"GP \u0160amp\u016bns &#8220;\u0100rstniecisk\u0101 kli\u0146\u0123er\u012bte&#8221; norm., uz taukain\u012bbu v\u0113rstiem matiem, 350 ml"},"content":{"rendered":"<p>Svaigums un apjoms.&nbsp;Efekt\u012bvi att\u012bra taukainus matus un galvas \u0101du, saglab\u0101 tos svaigu un koptu izskatu uz ilgu laiku.&nbsp;<\/p>\n<p>Klin\u0123er\u012b&scaron;u ziedu ekstrakts&nbsp;mazina p\u0101rm\u0113r\u012bgu \u0101das taukainumu.<\/p>\n<p>Rozmar\u012bnu e\u013c\u013ca efekt\u012bvi kopj matus, tend\u0113tus uz taukainumu, kav\u0113 p\u0101rm\u0113r\u012bgu tauko&scaron;anos, atsvaidzina galvas \u0101du.<\/p>\n<p><strong>Lieto&scaron;ana: <\/strong>uzkl\u0101t uz mitriem matiem, saputot, nomazg\u0101t ar \u016bdeni.<\/p>\n","protected":false},"excerpt":{"rendered":"<p>Svaigums un apjoms.&nbsp;Efekt\u012bvi att\u012bra taukainus matus un galvas \u0101du, saglab\u0101 tos svaigu un koptu izskatu uz ilgu laiku.&nbsp; Klin\u0123er\u012b&scaron;u ziedu ekstrakts&nbsp;mazina p\u0101rm\u0113r\u012bgu \u0101das taukainumu. Rozmar\u012bnu e\u013c\u013ca efekt\u012bvi kopj matus, tend\u0113tus uz taukainumu, kav\u0113 p\u0101rm\u0113r\u012bgu tauko&scaron;anos, atsvaidzina galvas \u0101du. Lieto&scaron;ana: uzkl\u0101t uz mitriem matiem, saputot, nomazg\u0101t ar \u016bdeni.<\/p>\n","protected":false},"featured_media":104416,"template":"","meta":[],"product_cat":[1248],"product_tag":[],"class_list":{"0":"post-42320","1":"product","2":"type-product","3":"status-publish","4":"has-post-thumbnail","6":"product_brand-elfa_ua","7":"product_cat-sampuni","9":"first","10":"outofstock","11":"taxable","12":"shipping-taxable","13":"product-type-simple"},"_links":{"self":[{"href":"https:\/\/e.kosmolat.eu\/lv\/wp-json\/wp\/v2\/product\/42320","targetHints":{"allow":["GET"]}}],"collection":[{"href":"https:\/\/e.kosmolat.eu\/lv\/wp-json\/wp\/v2\/product"}],"about":[{"href":"https:\/\/e.kosmolat.eu\/lv\/wp-json\/wp\/v2\/types\/product"}],"wp:featuredmedia":[{"embeddable":true,"href":"https:\/\/e.kosmolat.eu\/lv\/wp-json\/wp\/v2\/media\/104416"}],"wp:attachment":[{"href":"https:\/\/e.kosmolat.eu\/lv\/wp-json\/wp\/v2\/media?parent=42320"}],"wp:term":[{"taxonomy":"product_cat","embeddable":true,"href":"https:\/\/e.kosmolat.eu\/lv\/wp-json\/wp\/v2\/product_cat?post=42320"},{"taxonomy":"product_tag","embeddable":true,"href":"https:\/\/e.kosmolat.eu\/lv\/wp-json\/wp\/v2\/product_tag?post=42320"}],"curies":[{"name":"wp","href":"https:\/\/api.w.org\/{rel}","templated":true}]}}