{"id":42312,"date":"2024-01-31T11:34:40","date_gmt":"2024-01-31T11:34:40","guid":{"rendered":"https:\/\/e.kosmolat.eu\/product\/i_za-putas-intimai-higienai-salvija-un-lavanda-150-ml\/"},"modified":"2026-05-08T15:34:28","modified_gmt":"2026-05-08T15:34:28","slug":"gp-putas-intimai-higienai-salvija-un-lavanda-150-ml","status":"publish","type":"product","link":"https:\/\/e.kosmolat.eu\/lv\/product\/gp-putas-intimai-higienai-salvija-un-lavanda-150-ml\/","title":{"rendered":"GP Putas int\u012bmai higi\u0113nai &#8220;Salvija un lavanda&#8221;, 150 ml"},"content":{"rendered":"<li>Dezodor\u0113jo&scaron;\u0101 iedarb\u012bba<\/li>\n<\/ul>\n<p>Nodro&scaron;ina int\u012bmo zonu jut\u012bg\u0101s g\u013cot\u0101das ikdienas kop&scaron;anu, dezodor\u0113 un atsvaidzina. Maig\u0101 gais\u012bga konsistence veicina saudz\u012bgu att\u012br\u012b&scaron;anu, ir viegli nomazg\u0101jama. Neatst\u0101j sausuma un savilkt\u012bbas saj\u016btu uz \u0101das. Nesatur ziepes.<\/p>\n<p><b>Salvijas ekstrakts<\/b> dezodor\u0113, pie&scaron;\u0137ir svaigumu.&nbsp;<\/p>\n<p><b>Lavandas ekstrakts<\/b> pie&scaron;\u0137ir pat\u012bkamu arom\u0101tu.&nbsp;<\/p>\n<p>Dermatolo\u0123iski test\u0113ts.&nbsp;<\/p>\n<h4>Lieto&scaron;ana:<\/h4>\n<p>uzkl\u0101t uz \u0137erme\u0146a int\u012bm\u0101m zon\u0101m. Nomazg\u0101t ar \u016bdeni.<\/p>\n","protected":false},"excerpt":{"rendered":"<p>Dezodor\u0113jo&scaron;\u0101 iedarb\u012bba Nodro&scaron;ina int\u012bmo zonu jut\u012bg\u0101s g\u013cot\u0101das ikdienas kop&scaron;anu, dezodor\u0113 un atsvaidzina. Maig\u0101 gais\u012bga konsistence veicina saudz\u012bgu att\u012br\u012b&scaron;anu, ir viegli nomazg\u0101jama. Neatst\u0101j sausuma un savilkt\u012bbas saj\u016btu uz \u0101das. Nesatur ziepes. Salvijas ekstrakts dezodor\u0113, pie&scaron;\u0137ir svaigumu.&nbsp; Lavandas ekstrakts pie&scaron;\u0137ir pat\u012bkamu arom\u0101tu.&nbsp; Dermatolo\u0123iski test\u0113ts.&nbsp; Lieto&scaron;ana: uzkl\u0101t uz \u0137erme\u0146a int\u012bm\u0101m zon\u0101m. Nomazg\u0101t ar \u016bdeni.<\/p>\n","protected":false},"featured_media":104412,"template":"","meta":[],"product_cat":[1372],"product_tag":[],"class_list":{"0":"post-42312","1":"product","2":"type-product","3":"status-publish","4":"has-post-thumbnail","6":"product_brand-elfa_ua","7":"product_cat-intima-higiena","9":"first","10":"instock","11":"taxable","12":"shipping-taxable","13":"product-type-simple"},"_links":{"self":[{"href":"https:\/\/e.kosmolat.eu\/lv\/wp-json\/wp\/v2\/product\/42312","targetHints":{"allow":["GET"]}}],"collection":[{"href":"https:\/\/e.kosmolat.eu\/lv\/wp-json\/wp\/v2\/product"}],"about":[{"href":"https:\/\/e.kosmolat.eu\/lv\/wp-json\/wp\/v2\/types\/product"}],"wp:featuredmedia":[{"embeddable":true,"href":"https:\/\/e.kosmolat.eu\/lv\/wp-json\/wp\/v2\/media\/104412"}],"wp:attachment":[{"href":"https:\/\/e.kosmolat.eu\/lv\/wp-json\/wp\/v2\/media?parent=42312"}],"wp:term":[{"taxonomy":"product_cat","embeddable":true,"href":"https:\/\/e.kosmolat.eu\/lv\/wp-json\/wp\/v2\/product_cat?post=42312"},{"taxonomy":"product_tag","embeddable":true,"href":"https:\/\/e.kosmolat.eu\/lv\/wp-json\/wp\/v2\/product_tag?post=42312"}],"curies":[{"name":"wp","href":"https:\/\/api.w.org\/{rel}","templated":true}]}}