{"id":42304,"date":"2024-01-31T11:34:20","date_gmt":"2024-01-31T11:34:20","guid":{"rendered":"https:\/\/e.kosmolat.eu\/product\/i_za-intimas-higienas-putas-balta-akacija-un-zala-teja-150-ml\/"},"modified":"2026-04-17T08:30:41","modified_gmt":"2026-04-17T08:30:41","slug":"gp-intimas-higienas-putas-balta-akacija-un-zala-teja-150-ml","status":"publish","type":"product","link":"https:\/\/e.kosmolat.eu\/lv\/product\/gp-intimas-higienas-putas-balta-akacija-un-zala-teja-150-ml\/","title":{"rendered":"GP Int\u012bm\u0101s higi\u0113nas putas &#8220;Balt\u0101 ak\u0101cija un za\u013c\u0101 t\u0113ja&#8221;, 150 ml"},"content":{"rendered":"<p>Maiga gais\u012bga putu konsistence nodro&scaron;ina int\u012bmo zonu \u0123lot\u0101das ikdienas saudz\u012bgu kop&scaron;anu. Nodro&scaron;ina nomierino&scaron;u iedarb\u012bbu.&nbsp;Maigi att\u012bra jut\u012bgu \u0101du, viegli nomazg\u0101jams, neatst\u0101j sausumu un savilkt\u012bbu. Nesatur ziepes.<\/p>\n<ul>\n<li>Balt\u0101s ak\u0101cijas ekstrakts nov\u0113r&scaron; iekaisumu un kairin\u0101jumu, nomierina \u0101du.&nbsp;<\/li>\n<li>Za\u013c\u0101s t\u0113jas ekstrakts sniedz antiseptisku iedarb\u012bbu.<\/li>\n<\/ul>\n<p>Dermatolo\u0123iski p\u0101rbaud\u012bts.&nbsp;<\/p>\n<p><strong>Lieto&scaron;ana:<\/strong>&nbsp;uzkl\u0101t uz \u0137erme\u0146a int\u012bm\u0101m zon\u0101m, nomazg\u0101t ar \u016bdeni.<\/p>\n","protected":false},"excerpt":{"rendered":"<p>Maiga gais\u012bga putu konsistence nodro&scaron;ina int\u012bmo zonu \u0123lot\u0101das ikdienas saudz\u012bgu kop&scaron;anu. Nodro&scaron;ina nomierino&scaron;u iedarb\u012bbu.&nbsp;Maigi att\u012bra jut\u012bgu \u0101du, viegli nomazg\u0101jams, neatst\u0101j sausumu un savilkt\u012bbu. Nesatur ziepes. Balt\u0101s ak\u0101cijas ekstrakts nov\u0113r&scaron; iekaisumu un kairin\u0101jumu, nomierina \u0101du.&nbsp; Za\u013c\u0101s t\u0113jas ekstrakts sniedz antiseptisku iedarb\u012bbu. Dermatolo\u0123iski p\u0101rbaud\u012bts.&nbsp; Lieto&scaron;ana:&nbsp;uzkl\u0101t uz \u0137erme\u0146a int\u012bm\u0101m zon\u0101m, nomazg\u0101t ar \u016bdeni.<\/p>\n","protected":false},"featured_media":78906,"template":"","meta":[],"product_cat":[2181],"product_tag":[],"class_list":{"0":"post-42304","1":"product","2":"type-product","3":"status-publish","4":"has-post-thumbnail","6":"product_brand-elfa_ua","7":"product_cat-bez-kategorijas-lt","9":"first","10":"instock","11":"taxable","12":"shipping-taxable","13":"product-type-simple"},"_links":{"self":[{"href":"https:\/\/e.kosmolat.eu\/lv\/wp-json\/wp\/v2\/product\/42304","targetHints":{"allow":["GET"]}}],"collection":[{"href":"https:\/\/e.kosmolat.eu\/lv\/wp-json\/wp\/v2\/product"}],"about":[{"href":"https:\/\/e.kosmolat.eu\/lv\/wp-json\/wp\/v2\/types\/product"}],"wp:featuredmedia":[{"embeddable":true,"href":"https:\/\/e.kosmolat.eu\/lv\/wp-json\/wp\/v2\/media\/78906"}],"wp:attachment":[{"href":"https:\/\/e.kosmolat.eu\/lv\/wp-json\/wp\/v2\/media?parent=42304"}],"wp:term":[{"taxonomy":"product_cat","embeddable":true,"href":"https:\/\/e.kosmolat.eu\/lv\/wp-json\/wp\/v2\/product_cat?post=42304"},{"taxonomy":"product_tag","embeddable":true,"href":"https:\/\/e.kosmolat.eu\/lv\/wp-json\/wp\/v2\/product_tag?post=42304"}],"curies":[{"name":"wp","href":"https:\/\/api.w.org\/{rel}","templated":true}]}}