{"id":42300,"date":"2024-01-31T11:34:06","date_gmt":"2024-01-31T11:34:06","guid":{"rendered":"https:\/\/e.kosmolat.eu\/product\/za-maigs-mazg-gels-alveja-sausai-un-jutigai-adai-270-ml\/"},"modified":"2026-04-23T11:40:07","modified_gmt":"2026-04-23T11:40:07","slug":"gp-maiga-sejas-mazg-zeleja-alveja-un-lins-ella-270-ml","status":"publish","type":"product","link":"https:\/\/e.kosmolat.eu\/lv\/product\/gp-maiga-sejas-mazg-zeleja-alveja-un-lins-ella-270-ml\/","title":{"rendered":"GP Maig\u0101 sejas mazg. \u017eeleja  Alveja un lins. e\u013cla, 270 ml"},"content":{"rendered":"<p>Pareiz\u0101 att\u012br\u012b&scaron;ana &#8211; oblig\u0101ts \u0101das skaistuma un jaun\u012bbas nosac\u012bjums. Maig\u0101 mazg\u0101&scaron;anas \u017eeleja ir ide\u0101li piem\u0113rota sausai un jut\u012bgai \u0101dai, nodro&scaron;ina ikdienas kop&scaron;anu.&nbsp;<\/p>\n<p>Akt\u012bv\u0101s sast\u0101vda\u013cas: alvejas ekstrakts, linu e\u013c\u013ca, hialuronsk\u0101be, kvie&scaron;u prote\u012bni, pantenols, alanto\u012bns.&nbsp;<\/p>\n<ul>\n<li>Maigi att\u012bra &#8211; maig\u0101 \u017eeleja nesatur&nbsp;SLES, SLS, parab\u0113nu un kr\u0101svielu &#8211; att\u012bra poras nesausinot \u0101du.&nbsp;<\/li>\n<li>Atsvaidzina un pie&scaron;\u0137ir \u0101dai&nbsp;mirdzumu: alanto\u012bns, pantenols apvienojum\u0101 ar alvejas un lina ekstrktiem mitrina, atsvaidzina un nomierina \u0101du.<\/li>\n<li>Saglab\u0101 jaun\u012bbu &#8211; hialuronsk\u0101be un kvie&scaron;u prote\u012bni&nbsp;mitrina \u0101du un paildzina t\u0101s jaun\u012bbu.&nbsp;<\/li>\n<\/ul>\n<p><strong>Lieto&scaron;ana:&nbsp;<\/strong>uzkl\u0101t uz mitr\u0101s \u0101das, pamas\u0113t, nomazg\u0101t ar \u016bdeni<\/p>\n","protected":false},"excerpt":{"rendered":"<p>Pareiz\u0101 att\u012br\u012b&scaron;ana &#8211; oblig\u0101ts \u0101das skaistuma un jaun\u012bbas nosac\u012bjums. Maig\u0101 mazg\u0101&scaron;anas \u017eeleja ir ide\u0101li piem\u0113rota sausai un jut\u012bgai \u0101dai, nodro&scaron;ina ikdienas kop&scaron;anu.&nbsp; Akt\u012bv\u0101s sast\u0101vda\u013cas: alvejas ekstrakts, linu e\u013c\u013ca, hialuronsk\u0101be, kvie&scaron;u prote\u012bni, pantenols, alanto\u012bns.&nbsp; Maigi att\u012bra &#8211; maig\u0101 \u017eeleja nesatur&nbsp;SLES, SLS, parab\u0113nu un kr\u0101svielu &#8211; att\u012bra poras nesausinot \u0101du.&nbsp; Atsvaidzina un pie&scaron;\u0137ir \u0101dai&nbsp;mirdzumu: alanto\u012bns, pantenols apvienojum\u0101 [&#8230;]\n","protected":false},"featured_media":78902,"template":"","meta":[],"product_cat":[1577],"product_tag":[],"class_list":{"0":"post-42300","1":"product","2":"type-product","3":"status-publish","4":"has-post-thumbnail","6":"product_brand-elfa_ua","7":"product_cat-gelis","9":"first","10":"instock","11":"taxable","12":"shipping-taxable","13":"product-type-simple"},"_links":{"self":[{"href":"https:\/\/e.kosmolat.eu\/lv\/wp-json\/wp\/v2\/product\/42300","targetHints":{"allow":["GET"]}}],"collection":[{"href":"https:\/\/e.kosmolat.eu\/lv\/wp-json\/wp\/v2\/product"}],"about":[{"href":"https:\/\/e.kosmolat.eu\/lv\/wp-json\/wp\/v2\/types\/product"}],"wp:featuredmedia":[{"embeddable":true,"href":"https:\/\/e.kosmolat.eu\/lv\/wp-json\/wp\/v2\/media\/78902"}],"wp:attachment":[{"href":"https:\/\/e.kosmolat.eu\/lv\/wp-json\/wp\/v2\/media?parent=42300"}],"wp:term":[{"taxonomy":"product_cat","embeddable":true,"href":"https:\/\/e.kosmolat.eu\/lv\/wp-json\/wp\/v2\/product_cat?post=42300"},{"taxonomy":"product_tag","embeddable":true,"href":"https:\/\/e.kosmolat.eu\/lv\/wp-json\/wp\/v2\/product_tag?post=42300"}],"curies":[{"name":"wp","href":"https:\/\/api.w.org\/{rel}","templated":true}]}}