{"id":42264,"date":"2024-01-31T11:32:15","date_gmt":"2024-01-31T11:32:15","guid":{"rendered":"https:\/\/e.kosmolat.eu\/product\/shik-skidras-ziepes-darvas-300-ml\/"},"modified":"2026-04-23T07:41:32","modified_gmt":"2026-04-23T07:41:32","slug":"shik-skidras-ziepes-darvas-300-g","status":"publish","type":"product","link":"https:\/\/e.kosmolat.eu\/lv\/product\/shik-skidras-ziepes-darvas-300-g\/","title":{"rendered":"SHIK \u0160\u0137idr\u0101s ziepes Darvas, 300 g"},"content":{"rendered":"<p>Darvas &scaron;\u0137idr\u0101s ziepes ir rekomend\u0113tas sejas un \u0137erme\u0146a kop&scaron;anai. B\u0113rza darva ir dabiska viela. Ieteicams lietot pret pinn\u0113m. Piem\u0113rots taukainai \u0101dai.&nbsp;<\/p>\n<p><strong>Lieto&scaron;ana: <\/strong>lietot ne vair\u0101k par 1-2 reiz\u0113m diennakt\u012b. Pirms lieto&scaron;anas labi saputot. Seju mazg\u0101t ar put\u0101m, ar roku vai s\u016bk\u013ca pal\u012bdz\u012bbu.<\/p>\n<p><strong>Piesardz\u012bbas pas\u0101kumi: <\/strong>tikai \u0101rigai lito&scaron;anai.<\/p>\n<p>Uzglab\u0101t temperat\u016br\u0101 no no +5&deg;C l\u012bdz +25&deg;C, sarg\u0101jot no tie&scaron;iem saules stariem.<br \/>\n&nbsp;<\/p>\n","protected":false},"excerpt":{"rendered":"<p>Darvas &scaron;\u0137idr\u0101s ziepes ir rekomend\u0113tas sejas un \u0137erme\u0146a kop&scaron;anai. B\u0113rza darva ir dabiska viela. Ieteicams lietot pret pinn\u0113m. Piem\u0113rots taukainai \u0101dai.&nbsp; Lieto&scaron;ana: lietot ne vair\u0101k par 1-2 reiz\u0113m diennakt\u012b. Pirms lieto&scaron;anas labi saputot. Seju mazg\u0101t ar put\u0101m, ar roku vai s\u016bk\u013ca pal\u012bdz\u012bbu. Piesardz\u012bbas pas\u0101kumi: tikai \u0101rigai lito&scaron;anai. Uzglab\u0101t temperat\u016br\u0101 no no +5&deg;C l\u012bdz +25&deg;C, sarg\u0101jot [&#8230;]\n","protected":false},"featured_media":80750,"template":"","meta":[],"product_cat":[1999],"product_tag":[],"class_list":{"0":"post-42264","1":"product","2":"type-product","3":"status-publish","4":"has-post-thumbnail","6":"product_brand-slobozanskij-milovar_ua","7":"product_cat-bez-kategorijas","9":"first","10":"instock","11":"taxable","12":"shipping-taxable","13":"product-type-simple"},"_links":{"self":[{"href":"https:\/\/e.kosmolat.eu\/lv\/wp-json\/wp\/v2\/product\/42264","targetHints":{"allow":["GET"]}}],"collection":[{"href":"https:\/\/e.kosmolat.eu\/lv\/wp-json\/wp\/v2\/product"}],"about":[{"href":"https:\/\/e.kosmolat.eu\/lv\/wp-json\/wp\/v2\/types\/product"}],"wp:featuredmedia":[{"embeddable":true,"href":"https:\/\/e.kosmolat.eu\/lv\/wp-json\/wp\/v2\/media\/80750"}],"wp:attachment":[{"href":"https:\/\/e.kosmolat.eu\/lv\/wp-json\/wp\/v2\/media?parent=42264"}],"wp:term":[{"taxonomy":"product_cat","embeddable":true,"href":"https:\/\/e.kosmolat.eu\/lv\/wp-json\/wp\/v2\/product_cat?post=42264"},{"taxonomy":"product_tag","embeddable":true,"href":"https:\/\/e.kosmolat.eu\/lv\/wp-json\/wp\/v2\/product_tag?post=42264"}],"curies":[{"name":"wp","href":"https:\/\/api.w.org\/{rel}","templated":true}]}}