{"id":42260,"date":"2024-01-31T11:32:01","date_gmt":"2024-01-31T11:32:01","guid":{"rendered":"https:\/\/e.kosmolat.eu\/product\/losadinaja-griva-balzams-kondicionieris-350-ml\/"},"modified":"2026-04-10T08:10:41","modified_gmt":"2026-04-10T08:10:41","slug":"losadinaja-griva-balzams-kondicionieris-350-ml","status":"publish","type":"product","link":"https:\/\/e.kosmolat.eu\/lv\/product\/losadinaja-griva-balzams-kondicionieris-350-ml\/","title":{"rendered":"&#8220;Lo\u0161adinaja griva&#8221; Balzams-kondicionieris, 350 ml"},"content":{"rendered":"<p>Balzams-kondicionieris matu att\u012br\u012b\u0161anas proces\u0101 iedarbojas uz matu stumbru, pateicoties tam, tiek stiprin\u0101ts un atvese\u013cots katrs mats, pie\u0161\u0137irot tiem sp\u0113ku un iztur\u012bbu. Balzams-kondicionieris veicina boj\u0101tas matu strukt\u016bras atjauno\u0161anu, nodro\u0161inot j\u016btamu matu kuplumu un apjomu, k\u0101 ar\u012b pie\u0161\u0137ir matiem koptu un vesel\u012bgu izskatu. Tas veicina matu kutikulas zv\u012b\u0146u izl\u012bdzin\u0101\u0161anu, palielinot matu dabisko sp\u012bdumu un z\u012bdainumu. Balzams-kondicionieris veic mitrino\u0161u iedarb\u012bbu, pie\u0161\u0137ir matiem apjomu un sp\u012bdumu. Pat taukaini mati saglab\u0101 t\u012br\u012bbu 24 stundu garum\u0101.<\/p>\n<p>Akt\u012bv\u0101s vielas:<br \/>\nKolag\u0113ns \u2013 fibril\u0101r\u0101 olbaltumviela, veido aizsargsl\u0101ni uz matu virsmas, acumirkl\u012b atjauno kutikulu, baro matus un veicina to ilgsto\u0161u mitrin\u0101\u0161anu, pie\u0161\u0137ir sp\u012bdumu. <\/p>\n<p>Lanol\u012bns \u2013 vilnas vasks, lielisks kondicion\u0113jo\u0161s komponents, kur\u0161 labv\u0113l\u012bgi ieteikm\u0113 matu strukt\u016bru un att\u012br\u012b\u0161anos. Nodro\u0161ina elast\u012bbu un tvirtumu. <\/p>\n<p>Kerat\u012bns \u2013 \u012bpa\u0161\u012b iztur\u012bgas stukt\u016brolbaltumvielas, kas intens\u012bvi stipina un atjauno matu kerat\u012bna strukt\u016bru, aizpildot boj\u0101tus mata stumba laukumus. <\/p>\n<p>Lieto\u0161ana: Uzkl\u0101t l\u012bdzekli uz mitriem matiem vis\u0101 garuma, saputot, atst\u0101t uz 3 min\u016bt\u0113m un tad r\u016bp\u012bgi nomazg\u0101t ar \u016bdeni.<\/p>\n","protected":false},"excerpt":{"rendered":"<p>Balzams-kondicionieris matu att\u012br\u012b\u0161anas proces\u0101 iedarbojas uz matu stumbru, pateicoties tam, tiek stiprin\u0101ts un atvese\u013cots katrs mats, pie\u0161\u0137irot tiem sp\u0113ku un iztur\u012bbu. Balzams-kondicionieris veicina boj\u0101tas matu strukt\u016bras atjauno\u0161anu, nodro\u0161inot j\u016btamu matu kuplumu un apjomu, k\u0101 ar\u012b pie\u0161\u0137ir matiem koptu un vesel\u012bgu izskatu. Tas veicina matu kutikulas zv\u012b\u0146u izl\u012bdzin\u0101\u0161anu, palielinot matu dabisko sp\u012bdumu un z\u012bdainumu. Balzams-kondicionieris veic [&#8230;]\n","protected":false},"featured_media":96574,"template":"","meta":[],"product_cat":[1640],"product_tag":[],"class_list":{"0":"post-42260","1":"product","2":"type-product","3":"status-publish","4":"has-post-thumbnail","6":"product_brand-pharma-group_ua","7":"product_cat-balzamai","9":"first","10":"instock","11":"taxable","12":"shipping-taxable","13":"product-type-simple"},"_links":{"self":[{"href":"https:\/\/e.kosmolat.eu\/lv\/wp-json\/wp\/v2\/product\/42260","targetHints":{"allow":["GET"]}}],"collection":[{"href":"https:\/\/e.kosmolat.eu\/lv\/wp-json\/wp\/v2\/product"}],"about":[{"href":"https:\/\/e.kosmolat.eu\/lv\/wp-json\/wp\/v2\/types\/product"}],"wp:featuredmedia":[{"embeddable":true,"href":"https:\/\/e.kosmolat.eu\/lv\/wp-json\/wp\/v2\/media\/96574"}],"wp:attachment":[{"href":"https:\/\/e.kosmolat.eu\/lv\/wp-json\/wp\/v2\/media?parent=42260"}],"wp:term":[{"taxonomy":"product_cat","embeddable":true,"href":"https:\/\/e.kosmolat.eu\/lv\/wp-json\/wp\/v2\/product_cat?post=42260"},{"taxonomy":"product_tag","embeddable":true,"href":"https:\/\/e.kosmolat.eu\/lv\/wp-json\/wp\/v2\/product_tag?post=42260"}],"curies":[{"name":"wp","href":"https:\/\/api.w.org\/{rel}","templated":true}]}}