{"id":42236,"date":"2024-01-31T11:30:17","date_gmt":"2024-01-31T11:30:17","guid":{"rendered":"https:\/\/e.kosmolat.eu\/product\/lv-skropstu-tusa-xxl-garums-apjoms-ieliekums-9-g\/"},"modified":"2025-09-19T19:53:38","modified_gmt":"2025-09-19T19:53:38","slug":"lv-skropstu-tusa-xxl-garums-apjoms-ieliekums-9-g","status":"publish","type":"product","link":"https:\/\/e.kosmolat.eu\/lv\/product\/lv-skropstu-tusa-xxl-garums-apjoms-ieliekums-9-g\/","title":{"rendered":"LV Skropstu tu\u0161a XXL, Garums-Apjoms-Ieliekums, 9 g"},"content":{"rendered":"<p>Padara skropstas garas, perfekti atdal\u012btas un izliektas no sakn\u0113m l\u012bdz galiem.<\/p>\n","protected":false},"excerpt":{"rendered":"<p>Padara skropstas garas, perfekti atdal\u012btas un izliektas no sakn\u0113m l\u012bdz galiem.<\/p>\n","protected":false},"featured_media":83334,"template":"","meta":[],"product_cat":[1380],"product_tag":[],"class_list":{"0":"post-42236","1":"product","2":"type-product","3":"status-publish","4":"has-post-thumbnail","6":"product_brand-lux-visage_by","7":"product_cat-tusas","9":"first","10":"outofstock","11":"taxable","12":"shipping-taxable","13":"product-type-simple"},"_links":{"self":[{"href":"https:\/\/e.kosmolat.eu\/lv\/wp-json\/wp\/v2\/product\/42236","targetHints":{"allow":["GET"]}}],"collection":[{"href":"https:\/\/e.kosmolat.eu\/lv\/wp-json\/wp\/v2\/product"}],"about":[{"href":"https:\/\/e.kosmolat.eu\/lv\/wp-json\/wp\/v2\/types\/product"}],"wp:featuredmedia":[{"embeddable":true,"href":"https:\/\/e.kosmolat.eu\/lv\/wp-json\/wp\/v2\/media\/83334"}],"wp:attachment":[{"href":"https:\/\/e.kosmolat.eu\/lv\/wp-json\/wp\/v2\/media?parent=42236"}],"wp:term":[{"taxonomy":"product_cat","embeddable":true,"href":"https:\/\/e.kosmolat.eu\/lv\/wp-json\/wp\/v2\/product_cat?post=42236"},{"taxonomy":"product_tag","embeddable":true,"href":"https:\/\/e.kosmolat.eu\/lv\/wp-json\/wp\/v2\/product_tag?post=42236"}],"curies":[{"name":"wp","href":"https:\/\/api.w.org\/{rel}","templated":true}]}}