{"id":42232,"date":"2024-01-31T11:30:02","date_gmt":"2024-01-31T11:30:02","guid":{"rendered":"https:\/\/e.kosmolat.eu\/product\/lv-skropstu-tusa-smoky-eyes-maksligas-skropstas-7g\/"},"modified":"2025-09-19T19:54:14","modified_gmt":"2025-09-19T19:54:14","slug":"lv-skropstu-tusa-smoky-eyes-maksligas-skropstas-7g","status":"publish","type":"product","link":"https:\/\/e.kosmolat.eu\/lv\/product\/lv-skropstu-tusa-smoky-eyes-maksligas-skropstas-7g\/","title":{"rendered":"LV Skropstu tu\u0161a Smoky Eyes M\u0101ksl\u012bgas skropstas, 7g"},"content":{"rendered":"<p>Izveidojiet m\u0101ksl\u012bgo skropstu efektu ar Smoky eyes skropstu tu\u0161u!<\/p>\n","protected":false},"excerpt":{"rendered":"<p>Izveidojiet m\u0101ksl\u012bgo skropstu efektu ar Smoky eyes skropstu tu\u0161u!<\/p>\n","protected":false},"featured_media":83346,"template":"","meta":[],"product_cat":[1380],"product_tag":[],"class_list":{"0":"post-42232","1":"product","2":"type-product","3":"status-publish","4":"has-post-thumbnail","6":"product_brand-lux-visage_by","7":"product_cat-tusas","9":"first","10":"outofstock","11":"taxable","12":"shipping-taxable","13":"product-type-simple"},"_links":{"self":[{"href":"https:\/\/e.kosmolat.eu\/lv\/wp-json\/wp\/v2\/product\/42232","targetHints":{"allow":["GET"]}}],"collection":[{"href":"https:\/\/e.kosmolat.eu\/lv\/wp-json\/wp\/v2\/product"}],"about":[{"href":"https:\/\/e.kosmolat.eu\/lv\/wp-json\/wp\/v2\/types\/product"}],"wp:featuredmedia":[{"embeddable":true,"href":"https:\/\/e.kosmolat.eu\/lv\/wp-json\/wp\/v2\/media\/83346"}],"wp:attachment":[{"href":"https:\/\/e.kosmolat.eu\/lv\/wp-json\/wp\/v2\/media?parent=42232"}],"wp:term":[{"taxonomy":"product_cat","embeddable":true,"href":"https:\/\/e.kosmolat.eu\/lv\/wp-json\/wp\/v2\/product_cat?post=42232"},{"taxonomy":"product_tag","embeddable":true,"href":"https:\/\/e.kosmolat.eu\/lv\/wp-json\/wp\/v2\/product_tag?post=42232"}],"curies":[{"name":"wp","href":"https:\/\/api.w.org\/{rel}","templated":true}]}}